{"id":1088,"date":"2020-07-07T19:15:43","date_gmt":"2020-07-07T18:15:43","guid":{"rendered":"https:\/\/staging.taiwancha.cz\/?page_id=1088"},"modified":"2024-11-09T07:14:01","modified_gmt":"2024-11-09T06:14:01","slug":"privacy-policy","status":"publish","type":"page","link":"https:\/\/www.taiwancha.cz\/en\/privacy-policy\/","title":{"rendered":"Podm\u00ednky ochrany osobn\u00edch \u00fadaj\u016f"},"content":{"rendered":"<p class=\"has-large-font-size\"><strong><em>Privacy policy<\/em><\/strong><\/p>\n\n\n\n<h2 class=\"wp-block-heading\"><strong>I.<\/strong><\/h2>\n\n\n\n<h3 class=\"wp-block-heading\"><strong>Z\u00e1kladn\u00ed ustanoven\u00ed<\/strong> <strong>(Basic Principles)<\/strong><\/h3>\n\n\n\n<p>1. \u00a0Spr\u00e1vcem osobn\u00edch \u00fadaj\u016f podle \u010dl. 4 bod 7 na\u0159\u00edzen\u00ed Evropsk\u00e9ho parlamentu a Rady (EU) 2016\/679 o ochran\u011b fyzick\u00fdch osob v souvislosti se zpracov\u00e1n\u00edm osobn\u00edch \u00fadaj\u016f a o voln\u00e9m pohybu t\u011bchto \u00fadaj\u016f (d\u00e1le jen: \u201e<strong>GDPR<\/strong>\u201d) je Taiwancha s.r.o. I\u010c 21472084 se s\u00eddlem Korunn\u00ed 2569\/108 101 00 Praha (d\u00e1le jen: \u201e<strong>spr\u00e1vce<\/strong>\u201c).<\/p>\n\n\n\n<p>1. <em>The data controller as defined in Article 4, paragraph 7 of the Regulation (EU) 2016\/679 of the European Parliament and of the Council on the protection of natural persons with regard to the processing of personal data and on the free movement of such data (hereinafter referred to as &#8222;GDPR&#8220;) is Taiwancha s.r.o., Company ID 21472084, with its registered office at Korunn\u00ed 2569\/108, 101 00 Prague (hereinafter referred to as &#8222;the controller&#8220;).<\/em><\/p>\n\n\n\n<p>2. \u00a0Kontaktn\u00ed \u00fadaje spr\u00e1vce jsou adresa: Korunn\u00ed 2569\/108 101 00 Praha email: <a href=\"mailto:info@taiwancha.cz\">info@taiwancha.cz<\/a> telefon: 735 722 657<\/p>\n\n\n\n<p>2. <em>The contact details of the controller are as follows: Address: Korunn\u00ed 2569\/108, 101 00 Prague, Email: <a href=\"mailto:info@taiwancha.cz\">info@taiwancha.cz<\/a>, Phone: +420 735 722 657.<\/em><\/p>\n\n\n\n<p>3. \u00a0Osobn\u00edmi \u00fadaji se rozum\u00ed ve\u0161ker\u00e9 informace o identifikovan\u00e9 nebo identifikovateln\u00e9 fyzick\u00e9 osob\u011b; identifikovatelnou fyzickou osobou je fyzick\u00e1 osoba, kterou lze p\u0159\u00edmo \u010di nep\u0159\u00edmo identifikovat, zejm\u00e9na odkazem na ur\u010dit\u00fd identifik\u00e1tor, nap\u0159\u00edklad jm\u00e9no, identifika\u010dn\u00ed \u010d\u00edslo, loka\u010dn\u00ed \u00fadaje, s\u00ed\u0165ov\u00fd identifik\u00e1tor nebo na jeden \u010di v\u00edce zvl\u00e1\u0161tn\u00edch prvk\u016f fyzick\u00e9, fyziologick\u00e9, genetick\u00e9, psychick\u00e9, ekonomick\u00e9, kulturn\u00ed nebo spole\u010densk\u00e9 identity t\u00e9to fyzick\u00e9 osoby.<\/p>\n\n\n\n<p>3. <em>Personal data refers to any information relating to an identified or identifiable natural person; an identifiable natural person is one who can be identified, directly or indirectly, particularly by reference to a specific identifier, such as a name, identification number, location data, online identifier, or to one or more specific elements of that person&#8217;s physical, physiological, genetic, mental, economic, cultural, or social identity.<\/em><\/p>\n\n\n\n<p>4.\u00a0\u00a0\u00a0\u00a0\u00a0\u00a0\u00a0 Spr\u00e1vce nejmenoval pov\u011b\u0159ence pro ochranu osobn\u00edch \u00fadaj\u016f.<\/p>\n\n\n\n<p>4. <em>The controller has not appointed a data protection officer.<\/em><\/p>\n\n\n\n<h2 class=\"wp-block-heading\"><strong>II.<\/strong><\/h2>\n\n\n\n<h3 class=\"wp-block-heading\"><strong>Zdroje a kategorie zpracov\u00e1van\u00fdch osobn\u00edch \u00fadaj\u016f<\/strong> <\/h3>\n\n\n\n<p class=\"has-medium-font-size\"><strong><em>Sources and Categories of Processed Personal Data<\/em><\/strong><\/p>\n\n\n\n<p>1. \u00a0Spr\u00e1vce zpracov\u00e1v\u00e1 osobn\u00ed \u00fadaje, kter\u00e9 jste mu poskytl\/a nebo osobn\u00ed \u00fadaje, kter\u00e9 spr\u00e1vce z\u00edskal na z\u00e1klad\u011b pln\u011bn\u00ed Va\u0161\u00ed objedn\u00e1vky.<\/p>\n\n\n\n<p>1. <em>The controller processes personal data that you have provided or personal data that the controller has obtained based on the fulfillment of your order.<\/em><\/p>\n\n\n\n<p>2. \u00a0Spr\u00e1vce zpracov\u00e1v\u00e1 Va\u0161e identifika\u010dn\u00ed a kontaktn\u00ed \u00fadaje a \u00fadaje nezbytn\u00e9 pro pln\u011bn\u00ed smlouvy.<\/p>\n\n\n\n<p>2. <em>The controller processes your identification and contact details, as well as data necessary for the fulfillment of the contract<\/em>.<\/p>\n\n\n\n<h2 class=\"wp-block-heading\">III.<\/h2>\n\n\n\n<h3 class=\"wp-block-heading\"><strong>Z\u00e1konn\u00fd d\u016fvod a \u00fa\u010del zpracov\u00e1n\u00ed osobn\u00edch \u00fadaj\u016f<\/strong><\/h3>\n\n\n\n<p class=\"has-medium-font-size\"><strong><em>Legal Basis and Purpose of Personal Data Processing<\/em><\/strong><\/p>\n\n\n\n<p>1. \u00a0Z\u00e1konn\u00fdm d\u016fvodem zpracov\u00e1n\u00ed osobn\u00edch \u00fadaj\u016f je<br>&#8211; pln\u011bn\u00ed smlouvy mezi V\u00e1mi a spr\u00e1vcem podle \u010dl. 6 odst. 1 p\u00edsm. b) GDPR,<br>&#8211; V\u00e1\u0161 \u00a0souhlas \u00a0se \u00a0zpracov\u00e1n\u00edm \u00a0pro \u00a0\u00fa\u010dely \u00a0poskytov\u00e1n\u00ed \u00a0p\u0159\u00edm\u00e9ho \u00a0marketingu (zejm\u00e9na pro zas\u00edl\u00e1n\u00ed obchodn\u00edch sd\u011blen\u00ed a newsletter\u016f) podle \u010dl. 6 odst. 1 p\u00edsm. a) GDPR ve spojen\u00ed s \u00a7 7 odst. 2 z\u00e1kona \u010d. 480\/2004 Sb., o n\u011bkter\u00fdch slu\u017eb\u00e1ch informa\u010dn\u00ed spole\u010dnosti v p\u0159\u00edpad\u011b, \u017ee nedo\u0161lo k objedn\u00e1vce zbo\u017e\u00ed nebo slu\u017eby.<\/p>\n\n\n\n<ol class=\"wp-block-list\"><li><em>The legal basis for the processing of personal data is:<\/em><\/li><\/ol>\n\n\n\n<ul class=\"wp-block-list\"><li><em>the performance of a contract between you and the controller pursuant to Article 6(1)(b) of the GDPR,<\/em><\/li><li><em>your consent to the processing for the purposes of providing direct marketing (particularly for sending commercial communications and newsletters) pursuant to Article 6(1)(a) of the GDPR in connection with Section 7(2) of Act No. 480\/2004 Coll., on certain information society services, in the event that no order for goods or services has been placed.<\/em><\/li><\/ul>\n\n\n\n<p>2. \u00a0\u00da\u010delem zpracov\u00e1n\u00ed osobn\u00edch \u00fadaj\u016f je<br>&#8211; vy\u0159\u00edzen\u00ed \u00a0Va\u0161\u00ed \u00a0objedn\u00e1vky \u00a0a \u00a0v\u00fdkon \u00a0pr\u00e1v \u00a0a \u00a0povinnost\u00ed \u00a0vypl\u00fdvaj\u00edc\u00edch \u00a0ze smluvn\u00edho vztahu mezi V\u00e1mi a spr\u00e1vcem; p\u0159i objedn\u00e1vce jsou vy\u017eadov\u00e1ny osobn\u00ed \u00fadaje, kter\u00e9 jsou nutn\u00e9 pro \u00fasp\u011b\u0161n\u00e9 vy\u0159\u00edzen\u00ed objedn\u00e1vky (jm\u00e9no a adresa, kontakt), poskytnut\u00ed osobn\u00edch \u00fadaj\u016f je nutn\u00fdm po\u017eadavkem pro uzav\u0159en\u00ed a pln\u011bn\u00ed smlouvy, bez poskytnut\u00ed osobn\u00edch \u00fadaj\u016f nen\u00ed mo\u017en\u00e9 smlouvu uzav\u0159\u00edt \u010di j\u00ed ze strany spr\u00e1vce plnit,<\/p>\n\n\n\n<ol class=\"wp-block-list\" start=\"2\"><li><em>The purpose of processing personal data is<\/em>:<\/li><\/ol>\n\n\n\n<ul class=\"wp-block-list\"><li><em>to fulfill your order and to perform the rights and obligations arising from the contractual relationship between you and the controller; when placing an order, personal data that is necessary for the successful processing of the order (such as name and address, contact information) is required. Providing personal data is a necessary requirement for the conclusion and fulfillment of the contract; without providing personal data, it is not possible to conclude the contract or for the controller to perform it.<\/em><\/li><\/ul>\n\n\n\n<p>3. \u00a0Ze strany spr\u00e1vce nedoch\u00e1z\u00ed k automatick\u00e9mu individu\u00e1ln\u00edmu rozhodov\u00e1n\u00ed ve smyslu<br>\u010dl. 22 GDPR.<\/p>\n\n\n\n<p>3. <em>The controller does not engage in automated individual decision-making within the meaning of Article 22 of the GDPR.<\/em><\/p>\n\n\n\n<h2 class=\"wp-block-heading\">IV.<\/h2>\n\n\n\n<h3 class=\"wp-block-heading\">Doba uchov\u00e1v\u00e1n\u00ed \u00fadaj\u016f<\/h3>\n\n\n\n<p class=\"has-medium-font-size\"><strong><em>Data Retention Period<\/em><\/strong><\/p>\n\n\n\n<p>1. \u00a0Spr\u00e1vce uchov\u00e1v\u00e1 osobn\u00ed \u00fadaje<br>&#8211; po dobu nezbytnou k v\u00fdkonu pr\u00e1v a povinnost\u00ed vypl\u00fdvaj\u00edc\u00edch ze smluvn\u00edho vztahu \u00a0mezi \u00a0V\u00e1mi \u00a0a \u00a0spr\u00e1vcem a \u00a0uplat\u0148ov\u00e1n\u00ed n\u00e1rok\u016f \u00a0z \u00a0t\u011bchto \u00a0smluvn\u00edch vztah\u016f (po dobu 15 let od ukon\u010den\u00ed smluvn\u00edho vztahu).<\/p>\n\n\n\n<ol class=\"wp-block-list\"><li><em>The controller retains personal data<\/em><\/li><\/ol>\n\n\n\n<ul class=\"wp-block-list\"><li><em>for the period necessary to fulfill the rights and obligations arising from the contractual relationship between you and the controller and to assert claims from these contractual relationships (for a period of 15 years from the termination of the contractual relationship).<\/em><\/li><\/ul>\n\n\n\n<p>2. \u00a0Po uplynut\u00ed doby uchov\u00e1v\u00e1n\u00ed osobn\u00edch \u00fadaj\u016f spr\u00e1vce osobn\u00ed \u00fadaje vyma\u017ee.<\/p>\n\n\n\n<p>2. <em>After the expiration of the data retention period, the controller will delete the personal data.<\/em><\/p>\n\n\n\n<h2 class=\"wp-block-heading\"><strong>V.<\/strong><\/h2>\n\n\n\n<h3 class=\"wp-block-heading\"><strong>P\u0159\u00edjemci osobn\u00edch \u00fadaj\u016f (subdodavatel\u00e9 spr\u00e1vce)<\/strong><\/h3>\n\n\n\n<p class=\"has-medium-font-size\"><strong><em>Recipients of Personal Data (Subcontractors of the Controller)<\/em><\/strong><\/p>\n\n\n\n<p>1. \u00a0P\u0159\u00edjemci osobn\u00edch \u00fadaj\u016f jsou osoby &#8211; pod\u00edlej\u00edc\u00ed se na dod\u00e1n\u00ed zbo\u017e\u00ed \/ slu\u017eeb \/ realizaci plateb na z\u00e1klad\u011b smlouvy, &#8211; zaji\u0161\u0165uj\u00edc\u00ed slu\u017eby provozov\u00e1n\u00ed e-shopu (Shoptet) a dal\u0161\u00ed slu\u017eby v souvislosti s provozov\u00e1n\u00edm e-shopu, &#8211; zaji\u0161\u0165uj\u00edc\u00ed marketingov\u00e9 slu\u017eby. <\/p>\n\n\n\n<p>1. <em>Recipients of personal data are individuals who<\/em>:<\/p>\n\n\n\n<ul class=\"wp-block-list\"><li><em>participate in the delivery of goods\/services\/implementation of payments based on the contract,<\/em><\/li><li><em>provide services for the operation of the e-shop (Shoptet) and other services related to the operation of the e-shop,<\/em><\/li><li><em>provide marketing services.<\/em><\/li><\/ul>\n\n\n\n<p>2. \u00a0Spr\u00e1vce nem\u00e1 v \u00famyslu p\u0159edat osobn\u00ed \u00fadaje do t\u0159et\u00ed zem\u011b (do zem\u011b mimo EU) nebo mezin\u00e1rodn\u00ed organizaci.<\/p>\n\n\n\n<p>2. <em>The controller does not intend to transfer personal data to a third country (a country outside the EU) or to an international organization.<\/em><\/p>\n\n\n\n<h2 class=\"wp-block-heading\">VI.<\/h2>\n\n\n\n<h3 class=\"wp-block-heading\">Va\u0161e pr\u00e1va<\/h3>\n\n\n\n<p class=\"has-medium-font-size\"><strong><em>Your Rights<\/em><\/strong><\/p>\n\n\n\n<p>1. \u00a0Za podm\u00ednek stanoven\u00fdch v GDPR m\u00e1te<br>&#8211; pr\u00e1vo na p\u0159\u00edstup ke sv\u00fdm osobn\u00edm \u00fadaj\u016fm dle \u010dl. 15 GDPR,<br>&#8211; pr\u00e1vo opravu osobn\u00edch \u00fadaj\u016f dle \u010dl. 16 GDPR, pop\u0159\u00edpad\u011b omezen\u00ed zpracov\u00e1n\u00ed dle \u010dl. 18 GDPR.<br>&#8211; pr\u00e1vo na v\u00fdmaz osobn\u00edch \u00fadaj\u016f dle \u010dl. 17 GDPR.<br>&#8211; pr\u00e1vo vzn\u00e9st n\u00e1mitku proti zpracov\u00e1n\u00ed dle \u010dl. 21 GDPR a<br>&#8211; pr\u00e1vo na p\u0159enositelnost \u00fadaj\u016f dle \u010dl. 20 GDPR.<br>&#8211; pr\u00e1vo odvolat souhlas se zpracov\u00e1n\u00edm p\u00edsemn\u011b nebo elektronicky na adresu nebo email spr\u00e1vce uveden\u00fd v \u010dl. III t\u011bchto podm\u00ednek.<\/p>\n\n\n\n<p><em>1. Under the conditions set forth in the GDPR, you have the following rights:<\/em><\/p>\n\n\n\n<ul class=\"wp-block-list\"><li><em>The right of access to your personal data in accordance with Article 15 of the GDPR.<\/em><\/li><li><em>The right to rectification of personal data as per Article 16 of the GDPR, or the right to restrict processing under Article 18 of the GDPR.<\/em><\/li><li><em>The right to erasure of personal data in accordance with Article 17 of the GDPR.<\/em><\/li><li><em>The right to object to processing under Article 21 of the GDPR.<\/em><\/li><li><em>The right to data portability as provided in Article 20 of the GDPR.<\/em><\/li><li><em>The right to withdraw consent for processing, which can be done in writing or electronically to the address or email of the data controller specified in Article III of these terms.<\/em><\/li><\/ul>\n\n\n\n<p>2. \u00a0D\u00e1le m\u00e1te pr\u00e1vo podat st\u00ed\u017enost u \u00da\u0159adu pro ochranu osobn\u00edch \u00fadaj\u016f v p\u0159\u00edpad\u011b, \u017ee se domn\u00edv\u00e1te, \u017ee bylo poru\u0161eno Va\u0161\u00ed pr\u00e1vo na ochranu osobn\u00edch \u00fadaj\u016f.<\/p>\n\n\n\n<p>2.  <em>You also have the right to lodge a complaint with the Office for Personal Data Protection if you believe that your right to the protection of personal data has been violated.<\/em><\/p>\n\n\n\n<h2 class=\"wp-block-heading\">VII.<\/h2>\n\n\n\n<h3 class=\"wp-block-heading\">P<strong>odm\u00ednky zabezpe\u010den\u00ed osobn\u00edch \u00fadaj\u016f<\/strong><\/h3>\n\n\n\n<p class=\"has-medium-font-size\"><strong><em>Security of personal data<\/em><\/strong><\/p>\n\n\n\n<p>1. \u00a0Spr\u00e1vce prohla\u0161uje, \u00a0\u017ee \u00a0p\u0159ijal \u00a0ve\u0161ker\u00e1 \u00a0vhodn\u00e1 \u00a0technick\u00e1 \u00a0a \u00a0organiza\u010dn\u00ed \u00a0opat\u0159en\u00ed k zabezpe\u010den\u00ed osobn\u00edch \u00fadaj\u016f<\/p>\n\n\n\n<p>1. <em>The data controller declares that it has implemented all appropriate technical and organizational measures to ensure the security of personal data.<\/em><\/p>\n\n\n\n<p>2. \u00a0Spr\u00e1vce p\u0159ijal technick\u00e1 opat\u0159en\u00ed k zabezpe\u010den\u00ed datov\u00fdch \u00falo\u017ei\u0161\u0165 a \u00falo\u017ei\u0161\u0165 osobn\u00edch \u00fadaj\u016f v listinn\u00e9 podob\u011b, zejm\u00e9na hesla.<\/p>\n\n\n\n<p>2.  <em>The data controller has implemented technical measures to secure data storage and storage of personal data in paper form, particularly passwords.<\/em><\/p>\n\n\n\n<p>3. \u00a0Spr\u00e1vce prohla\u0161uje, \u017ee k osobn\u00edm \u00fadaj\u016fm maj\u00ed p\u0159\u00edstup pouze j\u00edm pov\u011b\u0159en\u00e9 osoby.<\/p>\n\n\n\n<p>3. <em>The data controller declares that access to personal data is granted only to authorized personnel.<\/em><br>\u00a0<\/p>\n\n\n\n<h2 class=\"wp-block-heading\">VIII.<\/h2>\n\n\n\n<h3 class=\"wp-block-heading\"><strong>Z\u00e1v\u011bre\u010dn\u00e1 ustanoven\u00ed<\/strong><\/h3>\n\n\n\n<p class=\"has-medium-font-size\"><em><strong>Final provisions<\/strong><\/em><\/p>\n\n\n\n<p>1. \u00a0Odesl\u00e1n\u00edm objedn\u00e1vky z internetov\u00e9ho objedn\u00e1vkov\u00e9ho formul\u00e1\u0159e potvrzujete, \u017ee jste sezn\u00e1men\/a s podm\u00ednkami ochrany osobn\u00edch \u00fadaj\u016f a \u017ee je v cel\u00e9m rozsahu p\u0159ij\u00edm\u00e1te.<\/p>\n\n\n\n<p>1. <em>By submitting an order through the online order form, you confirm that you have read the privacy policy and that you accept it in its entirety.<\/em><\/p>\n\n\n\n<p>2. \u00a0S t\u011bmito podm\u00ednkami souhlas\u00edte za\u0161krtnut\u00edm souhlasu prost\u0159ednictv\u00edm internetov\u00e9ho formul\u00e1\u0159e. Za\u0161krtnut\u00edm souhlasu potvrzujete, \u017ee jste sezn\u00e1men\/a s podm\u00ednkami ochrany osobn\u00edch \u00fadaj\u016f a \u017ee je v cel\u00e9m rozsahu p\u0159ij\u00edm\u00e1te.<\/p>\n\n\n\n<p>2. <em>You agree to these terms by checking the consent box in the online form. By checking the consent box, you confirm that you have read the privacy policy and that you accept it in its entirety.<\/em><\/p>\n\n\n\n<p>3. \u00a0Spr\u00e1vce je opr\u00e1vn\u011bn tyto podm\u00ednky zm\u011bnit. Novou verzi podm\u00ednek ochrany osobn\u00edch \u00fadaj\u016f zve\u0159ejn\u00ed na sv\u00fdch internetov\u00fdch str\u00e1nk\u00e1ch a z\u00e1rove\u0148 V\u00e1m za\u0161le novou verzi t\u011bchto podm\u00ednek Va\u0161i    e-mailovou adresu, kterou jste spr\u00e1vci poskytl\/a.<\/p>\n\n\n\n<p>3. <em>The data controller is entitled to amend these terms. The new version of the privacy policy will be published on its website and will also be sent to you at the email address you provided to the data controller.<\/em><\/p>","protected":false},"excerpt":{"rendered":"<p>Privacy policy I. Z\u00e1kladn\u00ed ustanoven\u00ed (Basic Principles) 1. \u00a0Spr\u00e1vcem osobn\u00edch \u00fadaj\u016f podle \u010dl. 4 bod 7 na\u0159\u00edzen\u00ed Evropsk\u00e9ho parlamentu a Rady (EU) 2016\/679 o ochran\u011b fyzick\u00fdch osob v souvislosti se zpracov\u00e1n\u00edm osobn\u00edch \u00fadaj\u016f a o voln\u00e9m pohybu t\u011bchto \u00fadaj\u016f (d\u00e1le jen: \u201eGDPR\u201d) je Taiwancha s.r.o. I\u010c 21472084 se s\u00eddlem Korunn\u00ed 2569\/108 101 00 Praha (d\u00e1le&hellip;<\/p>","protected":false},"author":1,"featured_media":0,"parent":0,"menu_order":0,"comment_status":"closed","ping_status":"closed","template":"","meta":{"inline_featured_image":false,"_monsterinsights_skip_tracking":false,"_monsterinsights_sitenote_active":false,"_monsterinsights_sitenote_note":"","_monsterinsights_sitenote_category":0,"footnotes":"","_links_to":"","_links_to_target":""},"class_list":["post-1088","page","type-page","status-publish","hentry"],"jetpack_sharing_enabled":true,"_links":{"self":[{"href":"https:\/\/www.taiwancha.cz\/en\/wp-json\/wp\/v2\/pages\/1088","targetHints":{"allow":["GET"]}}],"collection":[{"href":"https:\/\/www.taiwancha.cz\/en\/wp-json\/wp\/v2\/pages"}],"about":[{"href":"https:\/\/www.taiwancha.cz\/en\/wp-json\/wp\/v2\/types\/page"}],"author":[{"embeddable":true,"href":"https:\/\/www.taiwancha.cz\/en\/wp-json\/wp\/v2\/users\/1"}],"replies":[{"embeddable":true,"href":"https:\/\/www.taiwancha.cz\/en\/wp-json\/wp\/v2\/comments?post=1088"}],"version-history":[{"count":5,"href":"https:\/\/www.taiwancha.cz\/en\/wp-json\/wp\/v2\/pages\/1088\/revisions"}],"predecessor-version":[{"id":6380,"href":"https:\/\/www.taiwancha.cz\/en\/wp-json\/wp\/v2\/pages\/1088\/revisions\/6380"}],"wp:attachment":[{"href":"https:\/\/www.taiwancha.cz\/en\/wp-json\/wp\/v2\/media?parent=1088"}],"curies":[{"name":"wp","href":"https:\/\/api.w.org\/{rel}","templated":true}]}}