{"id":558,"date":"2017-04-20T20:41:19","date_gmt":"2017-04-20T20:41:19","guid":{"rendered":"http:\/\/newnotio.fuelthemes.net\/?page_id=558"},"modified":"2017-04-20T20:41:19","modified_gmt":"2017-04-20T20:41:19","slug":"home","status":"publish","type":"page","link":"https:\/\/www.taiwancha.cz\/en\/","title":{"rendered":"Home"},"content":{"rendered":"<div class=\"row wpb_row row-fluid no-padding full-width-row\"><div class=\"wpb_column columns medium-12 thb-dark-column small-12\"><div class=\"vc_column-inner\"><div class=\"wpb_wrapper\">\n\t<section class=\"thb-portfolio masonry row no-padding  style1 thb-filter-style1\" data-thb-animation=\"thb-animate-from-bottom\" data-thb-animation-speed=\"0.5\" data-loadmore=\"#loadmore-968\" data-filter=\"thb-filter-968\" data-layoutmode=\"packery\" data-grid-type=\"4\" data-security=\"07d451194d\">\n\n\t\t\t\t\t<nav class=\"thb-portfolio-filter style1 \t\tthb-fixed\" id=\"thb-filter-968\">\r\n\t\t\t\t\t<h6 class=\"thb-toggle\">Filters<\/h6>\r\n\t\t\t\t<ul class=\"filters\">\r\n\t\t\t<li><a href=\"#\" data-filter=\"*\" class=\"active\" data-count=\"9\">All<\/a><\/li>\r\n\t\t\t<li><a href=\"#\" data-filter=\".thb-cat-product\" data-count=\"0\">product<\/a><\/li><li><a href=\"#\" data-filter=\".thb-cat-process\" data-count=\"0\">Process<\/a><\/li><li><a href=\"#\" data-filter=\".thb-cat-ran-park\" data-count=\"0\">ran park<\/a><\/li><li><a href=\"#\" data-filter=\".thb-cat-related\" data-count=\"0\">related<\/a><\/li><li><a href=\"#\" data-filter=\".thb-cat-rio-2016\" data-count=\"0\">rio 2016<\/a><\/li>\t\t\t\t\t<\/ul>\r\n\t<\/nav>\r\n\t\t\t\t\t\t<div class=\"small-12 large-3 padding-1 hover-style1 title-center thb-animate-from-bottom dark-title type-portfolio columns portfolio-style1 post-276 portfolio status-publish has-post-thumbnail hentry\" id=\"portfolio-276\">\r\n\t<div class=\"portfolio-holder\" style=\"padding-bottom: \">\r\n\t\t<div class=\"thb-placeholder first\"><img loading=\"lazy\" decoding=\"async\" width=\"1140\" height=\"1050\" src=\"https:\/\/i0.wp.com\/www.taiwancha.cz\/wp-content\/uploads\/2017\/03\/test2.jpg?resize=1140%2C1050&amp;ssl=1\" class=\"attachment-notio-square-x3 size-notio-square-x3 wp-post-image\" alt=\"\u010caje\" srcset=\"https:\/\/i0.wp.com\/www.taiwancha.cz\/wp-content\/uploads\/2017\/03\/test2.jpg?resize=380%2C350&amp;ssl=1 380w, https:\/\/i0.wp.com\/www.taiwancha.cz\/wp-content\/uploads\/2017\/03\/test2.jpg?resize=20%2C18&amp;ssl=1 20w, https:\/\/i0.wp.com\/www.taiwancha.cz\/wp-content\/uploads\/2017\/03\/test2.jpg?resize=760%2C700&amp;ssl=1 760w, https:\/\/i0.wp.com\/www.taiwancha.cz\/wp-content\/uploads\/2017\/03\/test2.jpg?resize=1140%2C1050&amp;ssl=1 1140w\" sizes=\"auto, (max-width: 1140px) 100vw, 1140px\" \/><\/div>\r\n\t\t\t\t\t\t<a href=\"https:\/\/www.taiwancha.cz\/en\/product-category\/caje\/\" rel=\"bookmark\" class=\"portfolio-link portfolio-link\">\r\n\t\t\t<h2><span>Na\u0161e \u010daje<\/span><\/h2>\r\n\t\t\t\t\t\t<aside class=\"thb-categories\"><span><\/span><\/aside>\r\n\t\t\t\t\t<\/a>\r\n\t<\/div>\r\n<\/div>\r\n\t<div class=\"small-12 large-3 padding-2 hover-style1 title-center thb-animate-from-bottom dark-title type-portfolio columns portfolio-style1 post-346 portfolio status-publish has-post-thumbnail hentry\" id=\"portfolio-346\">\r\n\t<div class=\"portfolio-holder\" style=\"padding-bottom: \">\r\n\t\t<div class=\"thb-placeholder first\"><img loading=\"lazy\" decoding=\"async\" width=\"960\" height=\"1520\" src=\"https:\/\/i0.wp.com\/www.taiwancha.cz\/wp-content\/uploads\/2017\/03\/CB_DSCF7528.jpg?resize=960%2C1520&amp;ssl=1\" class=\"attachment-notio-tall-x3 size-notio-tall-x3 wp-post-image\" alt=\"cb\" srcset=\"https:\/\/i0.wp.com\/www.taiwancha.cz\/wp-content\/uploads\/2017\/03\/CB_DSCF7528.jpg?w=960&amp;ssl=1 960w, https:\/\/i0.wp.com\/www.taiwancha.cz\/wp-content\/uploads\/2017\/03\/CB_DSCF7528.jpg?resize=189%2C300&amp;ssl=1 189w, https:\/\/i0.wp.com\/www.taiwancha.cz\/wp-content\/uploads\/2017\/03\/CB_DSCF7528.jpg?resize=647%2C1024&amp;ssl=1 647w, https:\/\/i0.wp.com\/www.taiwancha.cz\/wp-content\/uploads\/2017\/03\/CB_DSCF7528.jpg?resize=768%2C1216&amp;ssl=1 768w, https:\/\/i0.wp.com\/www.taiwancha.cz\/wp-content\/uploads\/2017\/03\/CB_DSCF7528.jpg?resize=300%2C475&amp;ssl=1 300w, https:\/\/i0.wp.com\/www.taiwancha.cz\/wp-content\/uploads\/2017\/03\/CB_DSCF7528.jpg?resize=150%2C238&amp;ssl=1 150w, https:\/\/i0.wp.com\/www.taiwancha.cz\/wp-content\/uploads\/2017\/03\/CB_DSCF7528.jpg?resize=600%2C950&amp;ssl=1 600w, https:\/\/i0.wp.com\/www.taiwancha.cz\/wp-content\/uploads\/2017\/03\/CB_DSCF7528.jpg?resize=900%2C1425&amp;ssl=1 900w, https:\/\/i0.wp.com\/www.taiwancha.cz\/wp-content\/uploads\/2017\/03\/CB_DSCF7528.jpg?resize=20%2C32&amp;ssl=1 20w\" sizes=\"auto, (max-width: 960px) 100vw, 960px\" \/><\/div>\r\n\t\t\t\t\t\t<a href=\"https:\/\/www.taiwancha.cz\/en\/portfolio\/coldbrew\/\" rel=\"bookmark\" class=\"portfolio-link portfolio-link\">\r\n\t\t\t<h2><span>N\u00e1\u0161 Coldbrew<\/span><\/h2>\r\n\t\t\t\t\t\t<aside class=\"thb-categories\"><span><\/span><\/aside>\r\n\t\t\t\t\t<\/a>\r\n\t<\/div>\r\n<\/div>\r\n\t<div class=\"small-12 large-3 padding-1 hover-style1 title-center thb-animate-from-bottom dark-title type-portfolio columns portfolio-style1 post-275 portfolio status-publish has-post-thumbnail hentry\" id=\"portfolio-275\">\r\n\t<div class=\"portfolio-holder\" style=\"padding-bottom: \">\r\n\t\t<div class=\"thb-placeholder first\"><img loading=\"lazy\" decoding=\"async\" width=\"1140\" height=\"1050\" src=\"https:\/\/i0.wp.com\/www.taiwancha.cz\/wp-content\/uploads\/2017\/03\/Books_2.jpg?resize=1140%2C1050&amp;ssl=1\" class=\"attachment-notio-square-x3 size-notio-square-x3 wp-post-image\" alt=\"books\" srcset=\"https:\/\/i0.wp.com\/www.taiwancha.cz\/wp-content\/uploads\/2017\/03\/Books_2.jpg?resize=380%2C350&amp;ssl=1 380w, https:\/\/i0.wp.com\/www.taiwancha.cz\/wp-content\/uploads\/2017\/03\/Books_2.jpg?resize=20%2C18&amp;ssl=1 20w, https:\/\/i0.wp.com\/www.taiwancha.cz\/wp-content\/uploads\/2017\/03\/Books_2.jpg?resize=760%2C700&amp;ssl=1 760w, https:\/\/i0.wp.com\/www.taiwancha.cz\/wp-content\/uploads\/2017\/03\/Books_2.jpg?resize=1140%2C1050&amp;ssl=1 1140w\" sizes=\"auto, (max-width: 1140px) 100vw, 1140px\" \/><\/div>\r\n\t\t\t\t\t\t<a href=\"https:\/\/www.taiwancha.cz\/en\/product-category\/literatura\/\" rel=\"bookmark\" class=\"portfolio-link portfolio-link\">\r\n\t\t\t<h2><span>Taiwansk\u00e1 Literatura<\/span><\/h2>\r\n\t\t\t\t\t\t<aside class=\"thb-categories\"><span><\/span><\/aside>\r\n\t\t\t\t\t<\/a>\r\n\t<\/div>\r\n<\/div>\r\n\t<div class=\"small-12 large-3 padding-1 hover-style1 title-center thb-animate-from-bottom dark-title type-portfolio columns portfolio-style1 post-274 portfolio status-publish has-post-thumbnail hentry\" id=\"portfolio-274\">\r\n\t<div class=\"portfolio-holder\" style=\"padding-bottom: \">\r\n\t\t<div class=\"thb-placeholder first\"><img loading=\"lazy\" decoding=\"async\" width=\"1140\" height=\"1050\" src=\"https:\/\/i0.wp.com\/www.taiwancha.cz\/wp-content\/uploads\/2017\/03\/4_O-Na%CC%81s_1200_.jpg?resize=1140%2C1050&amp;ssl=1\" class=\"attachment-notio-square-x3 size-notio-square-x3 wp-post-image\" alt=\"Co d\u011bl\u00e1me\" \/><\/div>\r\n\t\t\t\t\t\t<a href=\"https:\/\/www.taiwancha.cz\/en\/about-us\/\" rel=\"bookmark\" class=\"portfolio-link portfolio-link\">\r\n\t\t\t<h2><span>O n\u00e1s<\/span><\/h2>\r\n\t\t\t\t\t\t<aside class=\"thb-categories\"><span><\/span><\/aside>\r\n\t\t\t\t\t<\/a>\r\n\t<\/div>\r\n<\/div>\r\n\t<div class=\"small-12 large-3 padding-1 hover-style1 title-center thb-animate-from-bottom dark-title type-portfolio columns portfolio-style1 post-273 portfolio status-publish has-post-thumbnail hentry\" id=\"portfolio-273\">\r\n\t<div class=\"portfolio-holder\" style=\"padding-bottom: \">\r\n\t\t<div class=\"thb-placeholder first\"><img loading=\"lazy\" decoding=\"async\" width=\"1022\" height=\"1022\" src=\"https:\/\/i0.wp.com\/www.taiwancha.cz\/wp-content\/uploads\/2017\/03\/tw3.jpg?resize=1022%2C1022&amp;ssl=1\" class=\"attachment-notio-square-x3 size-notio-square-x3 wp-post-image\" alt=\"Taiwan\" srcset=\"https:\/\/i0.wp.com\/www.taiwancha.cz\/wp-content\/uploads\/2017\/03\/tw3.jpg?w=1022&amp;ssl=1 1022w, https:\/\/i0.wp.com\/www.taiwancha.cz\/wp-content\/uploads\/2017\/03\/tw3.jpg?resize=300%2C300&amp;ssl=1 300w, https:\/\/i0.wp.com\/www.taiwancha.cz\/wp-content\/uploads\/2017\/03\/tw3.jpg?resize=150%2C150&amp;ssl=1 150w, https:\/\/i0.wp.com\/www.taiwancha.cz\/wp-content\/uploads\/2017\/03\/tw3.jpg?resize=768%2C768&amp;ssl=1 768w, https:\/\/i0.wp.com\/www.taiwancha.cz\/wp-content\/uploads\/2017\/03\/tw3.jpg?resize=600%2C600&amp;ssl=1 600w, https:\/\/i0.wp.com\/www.taiwancha.cz\/wp-content\/uploads\/2017\/03\/tw3.jpg?resize=900%2C900&amp;ssl=1 900w, https:\/\/i0.wp.com\/www.taiwancha.cz\/wp-content\/uploads\/2017\/03\/tw3.jpg?resize=20%2C20&amp;ssl=1 20w, https:\/\/i0.wp.com\/www.taiwancha.cz\/wp-content\/uploads\/2017\/03\/tw3.jpg?resize=100%2C100&amp;ssl=1 100w\" sizes=\"auto, (max-width: 1022px) 100vw, 1022px\" \/><\/div>\r\n\t\t\t\t\t\t<a href=\"https:\/\/www.facebook.com\/taiwanchaj\/\" rel=\"bookmark\" class=\"portfolio-link portfolio-link\">\r\n\t\t\t<h2><span>O Taiwanu<\/span><\/h2>\r\n\t\t\t\t\t\t<aside class=\"thb-categories\"><span><\/span><\/aside>\r\n\t\t\t\t\t<\/a>\r\n\t<\/div>\r\n<\/div>\r\n\t<div class=\"small-12 large-3 padding-1 hover-style1 title-center thb-animate-from-bottom dark-title type-portfolio columns portfolio-style1 post-272 portfolio status-publish has-post-thumbnail hentry\" id=\"portfolio-272\">\r\n\t<div class=\"portfolio-holder\" style=\"padding-bottom: \">\r\n\t\t<div class=\"thb-placeholder first\"><img loading=\"lazy\" decoding=\"async\" width=\"1140\" height=\"1050\" src=\"https:\/\/i0.wp.com\/www.taiwancha.cz\/wp-content\/uploads\/2020\/03\/QX2_DSCF7562-scaled.jpg?resize=1140%2C1050&amp;ssl=1\" class=\"attachment-notio-square-x3 size-notio-square-x3 wp-post-image\" alt=\"Qing Xiang Oolong\" srcset=\"https:\/\/i0.wp.com\/www.taiwancha.cz\/wp-content\/uploads\/2020\/03\/QX2_DSCF7562-scaled.jpg?resize=380%2C350&amp;ssl=1 380w, https:\/\/i0.wp.com\/www.taiwancha.cz\/wp-content\/uploads\/2020\/03\/QX2_DSCF7562-scaled.jpg?resize=20%2C18&amp;ssl=1 20w, https:\/\/i0.wp.com\/www.taiwancha.cz\/wp-content\/uploads\/2020\/03\/QX2_DSCF7562-scaled.jpg?resize=760%2C700&amp;ssl=1 760w, https:\/\/i0.wp.com\/www.taiwancha.cz\/wp-content\/uploads\/2020\/03\/QX2_DSCF7562-scaled.jpg?resize=1140%2C1050&amp;ssl=1 1140w, https:\/\/i0.wp.com\/www.taiwancha.cz\/wp-content\/uploads\/2020\/03\/QX2_DSCF7562-scaled.jpg?zoom=2&amp;resize=1140%2C1050 2280w\" sizes=\"auto, (max-width: 1140px) 100vw, 1140px\" \/><\/div>\r\n\t\t\t\t\t\t<a href=\"https:\/\/www.taiwancha.cz\/en\/portfolio\/about_tea\/\" rel=\"bookmark\" class=\"portfolio-link portfolio-link\">\r\n\t\t\t<h2><span>O \u010daji<\/span><\/h2>\r\n\t\t\t\t\t\t<aside class=\"thb-categories\"><span><\/span><\/aside>\r\n\t\t\t\t\t<\/a>\r\n\t<\/div>\r\n<\/div>\r\n\t<div class=\"small-12 large-3 padding-2 hover-style1 title-center thb-animate-from-bottom dark-title type-portfolio columns portfolio-style1 post-271 portfolio status-publish has-post-thumbnail hentry\" id=\"portfolio-271\">\r\n\t<div class=\"portfolio-holder\" style=\"padding-bottom: \">\r\n\t\t<div class=\"thb-placeholder first\"><img loading=\"lazy\" decoding=\"async\" width=\"601\" height=\"901\" src=\"https:\/\/www.taiwancha.cz\/wp-content\/uploads\/2017\/03\/Akce2026-1.svg\" class=\"attachment-notio-tall-x3 size-notio-tall-x3 wp-post-image\" alt=\"Akce2026\" \/><\/div>\r\n\t\t\t\t\t\t<a href=\"https:\/\/www.facebook.com\/taiwanchaj\/events\" rel=\"bookmark\" class=\"portfolio-link portfolio-link\">\r\n\t\t\t<h2><span>N\u00e1dch\u00e1zej\u00edc\u00ed akce<\/span><\/h2>\r\n\t\t\t\t\t\t<aside class=\"thb-categories\"><span><\/span><\/aside>\r\n\t\t\t\t\t<\/a>\r\n\t<\/div>\r\n<\/div>\r\n\t<div class=\"small-12 large-3 padding-1 hover-style1 title-center thb-animate-from-bottom dark-title type-portfolio columns portfolio-style1 post-270 portfolio status-publish has-post-thumbnail hentry\" id=\"portfolio-270\">\r\n\t<div class=\"portfolio-holder\" style=\"padding-bottom: \">\r\n\t\t<div class=\"thb-placeholder first\"><img loading=\"lazy\" decoding=\"async\" width=\"1022\" height=\"1022\" src=\"https:\/\/i0.wp.com\/www.taiwancha.cz\/wp-content\/uploads\/2017\/03\/blog.jpg?resize=1022%2C1022&amp;ssl=1\" class=\"attachment-notio-square-x3 size-notio-square-x3 wp-post-image\" alt=\"blog\" srcset=\"https:\/\/i0.wp.com\/www.taiwancha.cz\/wp-content\/uploads\/2017\/03\/blog.jpg?w=1022&amp;ssl=1 1022w, https:\/\/i0.wp.com\/www.taiwancha.cz\/wp-content\/uploads\/2017\/03\/blog.jpg?resize=300%2C300&amp;ssl=1 300w, https:\/\/i0.wp.com\/www.taiwancha.cz\/wp-content\/uploads\/2017\/03\/blog.jpg?resize=150%2C150&amp;ssl=1 150w, https:\/\/i0.wp.com\/www.taiwancha.cz\/wp-content\/uploads\/2017\/03\/blog.jpg?resize=768%2C768&amp;ssl=1 768w, https:\/\/i0.wp.com\/www.taiwancha.cz\/wp-content\/uploads\/2017\/03\/blog.jpg?resize=600%2C600&amp;ssl=1 600w, https:\/\/i0.wp.com\/www.taiwancha.cz\/wp-content\/uploads\/2017\/03\/blog.jpg?resize=900%2C900&amp;ssl=1 900w, https:\/\/i0.wp.com\/www.taiwancha.cz\/wp-content\/uploads\/2017\/03\/blog.jpg?resize=20%2C20&amp;ssl=1 20w, https:\/\/i0.wp.com\/www.taiwancha.cz\/wp-content\/uploads\/2017\/03\/blog.jpg?resize=100%2C100&amp;ssl=1 100w\" sizes=\"auto, (max-width: 1022px) 100vw, 1022px\" \/><\/div>\r\n\t\t\t\t\t\t<a href=\"https:\/\/www.facebook.com\/taiwanchaj\/\" rel=\"bookmark\" class=\"portfolio-link portfolio-link\">\r\n\t\t\t<h2><span>Blog<\/span><\/h2>\r\n\t\t\t\t\t\t<aside class=\"thb-categories\"><span><\/span><\/aside>\r\n\t\t\t\t\t<\/a>\r\n\t<\/div>\r\n<\/div>\r\n\t<div class=\"small-12 large-3 padding-1 hover-style1 title-center thb-animate-from-bottom dark-title type-portfolio columns portfolio-style1 post-268 portfolio status-publish has-post-thumbnail hentry\" id=\"portfolio-268\">\r\n\t<div class=\"portfolio-holder\" style=\"padding-bottom: \">\r\n\t\t<div class=\"thb-placeholder first\"><img loading=\"lazy\" decoding=\"async\" width=\"1140\" height=\"1050\" src=\"https:\/\/i0.wp.com\/www.taiwancha.cz\/wp-content\/uploads\/2021\/12\/DSCF2843e-scaled.jpg?resize=1140%2C1050&amp;ssl=1\" class=\"attachment-notio-square-x3 size-notio-square-x3 wp-post-image\" alt=\"\u010cajov\u00fd \u0161\u00e1lek Yi\" srcset=\"https:\/\/i0.wp.com\/www.taiwancha.cz\/wp-content\/uploads\/2021\/12\/DSCF2843e-scaled.jpg?resize=380%2C350&amp;ssl=1 380w, https:\/\/i0.wp.com\/www.taiwancha.cz\/wp-content\/uploads\/2021\/12\/DSCF2843e-scaled.jpg?resize=20%2C18&amp;ssl=1 20w, https:\/\/i0.wp.com\/www.taiwancha.cz\/wp-content\/uploads\/2021\/12\/DSCF2843e-scaled.jpg?resize=760%2C700&amp;ssl=1 760w, https:\/\/i0.wp.com\/www.taiwancha.cz\/wp-content\/uploads\/2021\/12\/DSCF2843e-scaled.jpg?resize=1140%2C1050&amp;ssl=1 1140w, https:\/\/i0.wp.com\/www.taiwancha.cz\/wp-content\/uploads\/2021\/12\/DSCF2843e-scaled.jpg?zoom=2&amp;resize=1140%2C1050 2280w\" sizes=\"auto, (max-width: 1140px) 100vw, 1140px\" \/><\/div>\r\n\t\t\t\t\t\t<a href=\"https:\/\/www.taiwancha.cz\/en\/product-category\/nacini\/\" rel=\"bookmark\" class=\"portfolio-link portfolio-link\">\r\n\t\t\t<h2><span>Keramika a n\u00e1\u010din\u00ed<\/span><\/h2>\r\n\t\t\t\t\t\t<aside class=\"thb-categories\"><span><\/span><\/aside>\r\n\t\t\t\t\t<\/a>\r\n\t<\/div>\r\n<\/div>\r\n\t\t<\/section>\n\t\t<div class=\"text-center\">\n\t\t<a class=\"masonry_btn btn loadmore\" href=\"#\" id=\"loadmore-968\">Load More<\/a>\n\t<\/div>\n\t\n\t<\/div><\/div><\/div><\/div>","protected":false},"excerpt":{"rendered":"Identity by Versace Occhi di Gard is an optical and high quality eyewear shop based in Rimini. Approached to do an identity refresh as well as a full collateral set and supporting material for the products themselves. The project included also an e-commerce website. Photographer Antonio Veraglio Website http:\/\/designbyantonio.com Camera Canon EOS 70D","protected":false},"author":1,"featured_media":0,"parent":0,"menu_order":0,"comment_status":"closed","ping_status":"closed","template":"","meta":{"inline_featured_image":false,"_monsterinsights_skip_tracking":false,"_monsterinsights_sitenote_active":false,"_monsterinsights_sitenote_note":"","_monsterinsights_sitenote_category":0,"footnotes":"","_links_to":"","_links_to_target":""},"class_list":["post-558","page","type-page","status-publish","hentry"],"jetpack_sharing_enabled":true,"_links":{"self":[{"href":"https:\/\/www.taiwancha.cz\/en\/wp-json\/wp\/v2\/pages\/558","targetHints":{"allow":["GET"]}}],"collection":[{"href":"https:\/\/www.taiwancha.cz\/en\/wp-json\/wp\/v2\/pages"}],"about":[{"href":"https:\/\/www.taiwancha.cz\/en\/wp-json\/wp\/v2\/types\/page"}],"author":[{"embeddable":true,"href":"https:\/\/www.taiwancha.cz\/en\/wp-json\/wp\/v2\/users\/1"}],"replies":[{"embeddable":true,"href":"https:\/\/www.taiwancha.cz\/en\/wp-json\/wp\/v2\/comments?post=558"}],"version-history":[{"count":0,"href":"https:\/\/www.taiwancha.cz\/en\/wp-json\/wp\/v2\/pages\/558\/revisions"}],"wp:attachment":[{"href":"https:\/\/www.taiwancha.cz\/en\/wp-json\/wp\/v2\/media?parent=558"}],"curies":[{"name":"wp","href":"https:\/\/api.w.org\/{rel}","templated":true}]}}