{"id":722,"date":"2020-02-07T22:50:45","date_gmt":"2020-02-07T21:50:45","guid":{"rendered":"http:\/\/34.82.203.253\/?page_id=722"},"modified":"2020-07-27T16:34:36","modified_gmt":"2020-07-27T15:34:36","slug":"about-us","status":"publish","type":"page","link":"https:\/\/www.taiwancha.cz\/en\/about-us\/","title":{"rendered":"What we do"},"content":{"rendered":"<div data-vc-parallax=\"1.5\" data-vc-parallax-o-fade=\"on\" class=\"row wpb_row row-fluid no-padding full-width-row mouse_scroll_row vc_custom_1593339214638 row-has-fill row-o-full-height full-height-content row-o-columns-middle row-o-content-middle row-flex vc_general vc_parallax vc_parallax-content-moving-fade js-vc_parallax-o-fade\"><div class=\"text-center wpb_column columns medium-12 thb-light-column small-12\"><div class=\"vc_column-inner\"><div class=\"wpb_wrapper\">\r\n\t<div class=\"wpb_text_column wpb_content_element   vc_custom_1595861850042\" >\r\n\t\t<div class=\"wpb_wrapper\">\r\n\t\t\t<h1 style=\"text-align: center;\"><strong>Taiwan Cha<br \/>\n<\/strong><\/h1>\n<p>&nbsp;<\/p>\n<h4 style=\"text-align: center;\">Taiwan Cha je platforma, kter\u00e1 p\u0159ibli\u017euje kulturu a \u017eivot\u00a0na Taiwanu skrze \u010daj p\u0159\u00edmo od tamn\u00edch farm\u00e1\u0159\u016f, literaturu, vlastn\u00ed \u010dl\u00e1nky a cestovatelsk\u00e9 p\u0159edn\u00e1\u0161ky.<\/h4>\n\r\n\t\t<\/div>\r\n\t<\/div>\r\n<\/div><\/div><\/div><div class=\"scroll-bottom light style2\"><div><\/div><\/div><\/div><div class=\"row wpb_row row-fluid no-padding full-width-row\"><div class=\"wpb_column columns medium-6 thb-dark-column small-12\"><div class=\"vc_column-inner\"><div class=\"wpb_wrapper\">\r\n\t<div class=\"wpb_text_column wpb_content_element   vc_custom_1595863953447\" >\r\n\t\t<div class=\"wpb_wrapper\">\r\n\t\t\t<h4>NAB\u00cdZ\u00cdME \u010cAJE P\u0158\u00cdMO OD TAIWANSK\u00ddCH FARM\u00c1\u0158\u016e<\/h4>\n<p>Ro\u010dn\u00ed studium na Taiwanu a crowdfundingov\u00e1 studijn\u00ed cesta po taiwansk\u00e9m venkov\u011b n\u00e1m umo\u017enili osobn\u011b nav\u0161t\u00edvit a nav\u00e1zat spolupr\u00e1ci s drobn\u00fdmi taiwansk\u00fdmi farmami. Ka\u017ed\u00e1 se p\u0159itom vyzna\u010duje n\u011b\u010d\u00edm specifick\u00fdm, od tradi\u010dn\u00edho zp\u016fsobu p\u011bstov\u00e1n\u00ed udr\u017eovan\u00fd po mnoho generac\u00ed, p\u0159es nov\u00e9 farm\u00e1\u0159e, kter\u00e9 se pod\u00edlej\u00ed na v\u00fdvoji nov\u00fdch kultivar\u016f a zp\u016fsob\u016f \u00fapravy \u010daje a\u017e po mlad\u00e9 p\u011bstitele, kte\u0159\u00ed zvolili organick\u00fd zp\u016fsob p\u011bstov\u00e1n\u00ed.<\/p>\n<p>N\u00e1\u0161e \u010daj m\u016f\u017eete zakoupit v na\u0161em e-shopu \u010di vyzkou\u0161et na r\u016fzn\u00fdch akc\u00ed, kter\u00fdch se z\u00fa\u010dstn\u00edme. R\u00e1di u v\u00e1s i uspo\u0159\u00e1d\u00e1me ochutn\u00e1vku \u010daj\u016f.<\/p>\n<p>Krom \u010daj\u016f uveden\u00fdch v <a href=\"https:\/\/www.taiwancha.cz\/en\/product-category\/caje\/\">na\u0161em e-shopu<\/a> nab\u00edz\u00edme i dal\u0161\u00ed taiwansk\u00e9 \u010daje a sezonn\u00ed speci\u00e1ly. Pro kompletn\u00ed seznam n\u00e1m m\u016f\u017eete napsat <a href=\"mailto:info@taiwancha.cz\">email<\/a> \u010di na <a href=\"http:\/\/www.facebook.com\/taiwanchaj\">FB<\/a>.<\/p>\n\r\n\t\t<\/div>\r\n\t<\/div>\r\n<\/div><\/div><\/div><div class=\"wpb_column columns medium-6 thb-dark-column small-12\"><div class=\"vc_column-inner\"><div class=\"wpb_wrapper\">\t<div id=\"thb-image-69df51f3e0a96\" class=\"caption-style1  alignleft full  thb_image_link wp-caption\">\n\t  \t\t\t<div class=\"thb-image-inner size_100\">\n\t\t\t\t<img loading=\"lazy\" decoding=\"async\" width=\"798\" height=\"799\" src=\"https:\/\/i0.wp.com\/www.taiwancha.cz\/wp-content\/uploads\/2020\/07\/Rose-Tea-4n.jpg?fit=798%2C799&amp;ssl=1\" class=\"thb_image   attachment-full\" alt=\"RT\" title=\"RT\" srcset=\"https:\/\/i0.wp.com\/www.taiwancha.cz\/wp-content\/uploads\/2020\/07\/Rose-Tea-4n.jpg?w=798&amp;ssl=1 798w, https:\/\/i0.wp.com\/www.taiwancha.cz\/wp-content\/uploads\/2020\/07\/Rose-Tea-4n.jpg?resize=300%2C300&amp;ssl=1 300w, https:\/\/i0.wp.com\/www.taiwancha.cz\/wp-content\/uploads\/2020\/07\/Rose-Tea-4n.jpg?resize=150%2C150&amp;ssl=1 150w, https:\/\/i0.wp.com\/www.taiwancha.cz\/wp-content\/uploads\/2020\/07\/Rose-Tea-4n.jpg?resize=768%2C769&amp;ssl=1 768w, https:\/\/i0.wp.com\/www.taiwancha.cz\/wp-content\/uploads\/2020\/07\/Rose-Tea-4n.jpg?resize=600%2C601&amp;ssl=1 600w, https:\/\/i0.wp.com\/www.taiwancha.cz\/wp-content\/uploads\/2020\/07\/Rose-Tea-4n.jpg?resize=20%2C20&amp;ssl=1 20w, https:\/\/i0.wp.com\/www.taiwancha.cz\/wp-content\/uploads\/2020\/07\/Rose-Tea-4n.jpg?resize=100%2C100&amp;ssl=1 100w\" sizes=\"auto, (max-width: 798px) 100vw, 798px\" \/>\t\t\t\t\t\t\t<\/div>\n\t\t\t\t\t\t\t\t\t<\/div>\n\t<\/div><\/div><\/div><\/div><div class=\"row wpb_row row-fluid no-padding full-width-row\"><div class=\"wpb_column columns medium-6 thb-dark-column small-12\"><div class=\"vc_column-inner\"><div class=\"wpb_wrapper\">\t<div id=\"thb-image-69df51f3e18d5\" class=\"caption-style1  alignleft full  thb_image_link wp-caption\">\n\t  \t\t\t<div class=\"thb-image-inner size_100\">\n\t\t\t\t<img loading=\"lazy\" decoding=\"async\" width=\"1601\" height=\"1237\" src=\"https:\/\/i0.wp.com\/www.taiwancha.cz\/wp-content\/uploads\/2020\/07\/books2.jpg?fit=1601%2C1237&amp;ssl=1\" class=\"thb_image   attachment-full\" alt=\"Knihy\" title=\"Knihy\" srcset=\"https:\/\/i0.wp.com\/www.taiwancha.cz\/wp-content\/uploads\/2020\/07\/books2.jpg?w=1601&amp;ssl=1 1601w, https:\/\/i0.wp.com\/www.taiwancha.cz\/wp-content\/uploads\/2020\/07\/books2.jpg?resize=300%2C232&amp;ssl=1 300w, https:\/\/i0.wp.com\/www.taiwancha.cz\/wp-content\/uploads\/2020\/07\/books2.jpg?resize=1024%2C791&amp;ssl=1 1024w, https:\/\/i0.wp.com\/www.taiwancha.cz\/wp-content\/uploads\/2020\/07\/books2.jpg?resize=768%2C593&amp;ssl=1 768w, https:\/\/i0.wp.com\/www.taiwancha.cz\/wp-content\/uploads\/2020\/07\/books2.jpg?resize=1536%2C1187&amp;ssl=1 1536w, https:\/\/i0.wp.com\/www.taiwancha.cz\/wp-content\/uploads\/2020\/07\/books2.jpg?resize=150%2C116&amp;ssl=1 150w, https:\/\/i0.wp.com\/www.taiwancha.cz\/wp-content\/uploads\/2020\/07\/books2.jpg?resize=600%2C464&amp;ssl=1 600w, https:\/\/i0.wp.com\/www.taiwancha.cz\/wp-content\/uploads\/2020\/07\/books2.jpg?resize=900%2C695&amp;ssl=1 900w, https:\/\/i0.wp.com\/www.taiwancha.cz\/wp-content\/uploads\/2020\/07\/books2.jpg?resize=20%2C16&amp;ssl=1 20w\" sizes=\"auto, (max-width: 1170px) 100vw, 1170px\" \/>\t\t\t\t\t\t\t<\/div>\n\t\t\t\t\t\t\t\t\t<\/div>\n\t<\/div><\/div><\/div><div class=\"wpb_column columns medium-6 thb-dark-column small-12\"><div class=\"vc_column-inner\"><div class=\"wpb_wrapper\">\r\n\t<div class=\"wpb_text_column wpb_content_element   vc_custom_1595863768848\" >\r\n\t\t<div class=\"wpb_wrapper\">\r\n\t\t\t<h4>DISTRIBUJEME A POPULARIZUJEME TAIWANSKOU LITERATURU<\/h4>\n<p>V c\u00edlem roz\u0161\u00ed\u0159it pov\u011bdom\u00ed o tomto pacifick\u00e9m st\u00e1t\u011b nab\u00edz\u00edme sb\u00edrku taiwansk\u00e9 literatury p\u0159elo\u017een\u00e9 do \u010de\u0161tiny. Vybrali jsme p\u0159itom knihy, kter\u00e9 popisuj\u00ed Taiwan z pohledu historie i sou\u010dasnosti, autory, kter\u00e9 poch\u00e1zej\u00ed z r\u016fzn\u00fdch kulturn\u00edch a etnick\u00fdch okruh\u016f od p\u016fvodn\u00edch obyvatel, po imigranty z \u010c\u00edny a d\u00edla zam\u011b\u0159uj\u00edc\u00ed se na t\u00e9mata od ekologie po soci\u00e1ln\u00ed \u017eivot.<\/p>\n<p>Pokud V\u00e1s nezaujala \u017e\u00e1dn\u00e1 kniha z na\u0161\u00ed <a href=\"https:\/\/www.taiwancha.cz\/en\/product-category\/literatura\/\">nab\u00eddky<\/a>, n\u00e1m m\u016f\u017eete i napsat se specifick\u00fdm po\u017eadavkem.<\/p>\n\r\n\t\t<\/div>\r\n\t<\/div>\r\n<\/div><\/div><\/div><\/div><div class=\"row wpb_row row-fluid no-padding full-width-row\"><div class=\"wpb_column columns medium-6 thb-dark-column small-12\"><div class=\"vc_column-inner\"><div class=\"wpb_wrapper\">\r\n\t<div class=\"wpb_text_column wpb_content_element   vc_custom_1595863322978\" >\r\n\t\t<div class=\"wpb_wrapper\">\r\n\t\t\t<h4>P\u0158EDN\u00c1\u0160\u00cdME O \u017dIVOT\u011a A KULTU\u0158E NA TAIWANU<\/h4>\n<p>Jsme jedin\u00ed v \u010cR zam\u011b\u0159uj\u00edc\u00ed se p\u0159\u00edmo na Taiwan. \u017divot a d\u011bn\u00ed tohoto ostrovn\u00edho st\u00e1tu studujeme ji\u017e 6 let a r\u00e1di se o na\u0161e znalosti pod\u011bl\u00edme. Um\u00edme poradit v ot\u00e1zk\u00e1ch cestovatelsk\u00fdch, historick\u00fdch i politick\u00fdch, b\u00fdt va\u0161\u00edm pr\u016fvodcem na Taiwanu \u010di p\u0159edn\u00e1\u0161et na cestovatelsk\u00fdch festivalech, \u010dajovn\u00e1ch i soukrom\u00fdch firm\u00e1ch.<\/p>\n\r\n\t\t<\/div>\r\n\t<\/div>\r\n<div class=\"vc_empty_space\" id=\"thb-empty-space-69df51f3e29c8\" style=\"height: 60px\" ><span class=\"vc_empty_space_inner\"><\/span><\/div>\r\n<div class=\"row wpb_row vc_inner row-fluid\"><div class=\"wpb_column columns medium-12 thb-dark-column small-12\"><div class=\"vc_column-inner vc_custom_1581114250292\"><div class=\"wpb_wrapper\">\t\t<div id=\"thb-iconbox-48\" class=\"thb-iconbox left type1\" data-animation_speed=\"1.5\">\n\t\t\t<span><svg xmlns=\"http:\/\/www.w3.org\/2000\/svg\" viewbox=\"0 0 64 64\" enable-background=\"new 0 0 64 64\"><g fill=\"none\" stroke=\"#000\" stroke-width=\"2\" stroke-miterlimit=\"10\"><path d=\"m1 41h10v10h-10z\"\/><path d=\"m53 41h10v10h-10z\"\/><path d=\"m27 13h10v10h-10z\"\/><circle cx=\"4\" cy=\"18\" r=\"3\"\/><circle cx=\"60\" cy=\"18\" r=\"3\"\/><path d=\"M7,18h20C6,18,6,41,6,41\"\/><path d=\"M57,18H37c21,0,21,23,21,23\"\/><\/g><\/svg><\/span>\n\t\t\t<div class=\"content\">\n\t\t\t\t<h6>P\u00cd\u0160EME O TAIWANSK\u00c9 KULTU\u0158E, D\u011aN\u00cd A HISTORII A NAB\u00cdZ\u00cdME PORADENSTV\u00cd V T\u011aCHTO OT\u00c1ZK\u00c1CH<\/h6>\n\t\t\t\t\t\t\t\t\t<div><\/div>\n\t\t\t\t\t\t\t<\/div>\n\t\t\t<style>\n\t\t\t\t#thb-iconbox-48>span {\n\t\t\t\t\tcolor: ;\n\t\t\t\t}\n\t\t\t\t#thb-iconbox-48>span {\n\t\t\t\t\tbackground-color: ;\n\t\t\t\t}\n\t\t\t\t#thb-iconbox-48 .content h6 {\n\t\t\t\t\tcolor: ;\n\t\t\t\t}\n\t\t\t\t#thb-iconbox-48 .content div {\n\t\t\t\t\tcolor: ;\n\t\t\t\t}\n\t\t\t\t\t\t\t<\/style>\n\n\t\t<\/div>\n\t\t\t<div id=\"thb-iconbox-56\" class=\"thb-iconbox left type1\" data-animation_speed=\"1.5\">\n\t\t\t<span><svg xmlns=\"http:\/\/www.w3.org\/2000\/svg\" viewbox=\"0 0 64 64\" enable-background=\"new 0 0 64 64\"><g fill=\"none\" stroke=\"#000\" stroke-width=\"2\" stroke-miterlimit=\"10\"><circle cx=\"45\" cy=\"15\" r=\"14\"\/><path d=\"m32 20l-26 26 8 8 26-26\"\/><path d=\"m24 28l8 8\"\/><path d=\"m10 50l-4 4 9 9h5l22-22 5 5-7 7\"\/><\/g><\/svg><\/span>\n\t\t\t<div class=\"content\">\n\t\t\t\t<h6>PO\u0158\u00c1D\u00c1ME AKCE A P\u0158EDN\u00c1\u0160KY POKR\u00ddVAJ\u00cdC\u00cd T\u00c9MATA KULTURY, HISTORIE, CESTOV\u00c1N\u00cd A \u010cAJ\u016e<\/h6>\n\t\t\t\t\t\t\t\t\t<div><\/div>\n\t\t\t\t\t\t\t<\/div>\n\t\t\t<style>\n\t\t\t\t#thb-iconbox-56>span {\n\t\t\t\t\tcolor: ;\n\t\t\t\t}\n\t\t\t\t#thb-iconbox-56>span {\n\t\t\t\t\tbackground-color: ;\n\t\t\t\t}\n\t\t\t\t#thb-iconbox-56 .content h6 {\n\t\t\t\t\tcolor: ;\n\t\t\t\t}\n\t\t\t\t#thb-iconbox-56 .content div {\n\t\t\t\t\tcolor: ;\n\t\t\t\t}\n\t\t\t\t\t\t\t<\/style>\n\n\t\t<\/div>\n\t\t\t<div id=\"thb-iconbox-85\" class=\"thb-iconbox left type1\" data-animation_speed=\"1.5\">\n\t\t\t<span><svg xmlns=\"http:\/\/www.w3.org\/2000\/svg\" viewbox=\"0 0 64 64\" enable-background=\"new 0 0 64 64\"><g fill=\"none\" stroke=\"#000\" stroke-width=\"2\" stroke-miterlimit=\"10\"><path d=\"M44 59 16 45 36 5 63 19z\"\/><path d=\"M31.899 14 28 6 1 20 19 59 32 52.964\"\/><path d=\"m38 9l-1 2\"\/><path d=\"m7 23l-1-2\"\/><path d=\"m43 53l-1 2\"\/><path d=\"m33 25c-2.848 5.281 3 15 3 15s11.151.28 14-5c1.18-2.188 1.377-5.718-1-7-2.188-1.18-5.82-1.188-7 1 1.18-2.188.188-4.82-2-6-2.376-1.282-5.819-.187-7 2z\"\/><\/g><\/svg><\/span>\n\t\t\t<div class=\"content\">\n\t\t\t\t<h6>PODPORUJEME ROZVOJ VZTAH\u016e MEZI \u010cR A TAIWANEM<\/h6>\n\t\t\t\t\t\t\t\t\t<div><\/div>\n\t\t\t\t\t\t\t<\/div>\n\t\t\t<style>\n\t\t\t\t#thb-iconbox-85>span {\n\t\t\t\t\tcolor: ;\n\t\t\t\t}\n\t\t\t\t#thb-iconbox-85>span {\n\t\t\t\t\tbackground-color: ;\n\t\t\t\t}\n\t\t\t\t#thb-iconbox-85 .content h6 {\n\t\t\t\t\tcolor: ;\n\t\t\t\t}\n\t\t\t\t#thb-iconbox-85 .content div {\n\t\t\t\t\tcolor: ;\n\t\t\t\t}\n\t\t\t\t\t\t\t<\/style>\n\n\t\t<\/div>\n\t<\/div><\/div><\/div><\/div><\/div><\/div><\/div><div class=\"wpb_column columns medium-6 thb-dark-column small-12\"><div class=\"vc_column-inner\"><div class=\"wpb_wrapper\">\t<div id=\"thb-image-69df51f3e2e96\" class=\"caption-style1  alignleft   thb_image_link wp-caption\">\n\t  \t\t\t<div class=\"thb-image-inner size_100\">\n\t\t\t\t<img loading=\"lazy\" decoding=\"async\" width=\"1200\" height=\"1800\" src=\"https:\/\/i0.wp.com\/www.taiwancha.cz\/wp-content\/uploads\/2017\/03\/4_O-Na%CC%81s_1200_.jpg?fit=1200%2C1800&amp;ssl=1\" class=\"thb_image   attachment-full\" alt=\"Co d\u011bl\u00e1me\" title=\"Co d\u011bl\u00e1me\" \/>\t\t\t\t\t\t\t<\/div>\n\t\t\t\t\t\t\t\t\t<\/div>\n\t<\/div><\/div><\/div><\/div>","protected":false},"excerpt":{"rendered":"Taiwan Cha &nbsp; Taiwan Cha je platforma, kter\u00e1 p\u0159ibli\u017euje kulturu a \u017eivot\u00a0na Taiwanu skrze \u010daj p\u0159\u00edmo od tamn\u00edch farm\u00e1\u0159\u016f, literaturu, vlastn\u00ed \u010dl\u00e1nky a cestovatelsk\u00e9 p\u0159edn\u00e1\u0161ky. NAB\u00cdZ\u00cdME \u010cAJE P\u0158\u00cdMO OD TAIWANSK\u00ddCH FARM\u00c1\u0158\u016e Ro\u010dn\u00ed studium na Taiwanu a crowdfundingov\u00e1 studijn\u00ed cesta po taiwansk\u00e9m venkov\u011b n\u00e1m umo\u017enili osobn\u011b nav\u0161t\u00edvit a nav\u00e1zat spolupr\u00e1ci s drobn\u00fdmi taiwansk\u00fdmi farmami. Ka\u017ed\u00e1 se&hellip;","protected":false},"author":1,"featured_media":0,"parent":0,"menu_order":0,"comment_status":"closed","ping_status":"closed","template":"","meta":{"inline_featured_image":false,"_monsterinsights_skip_tracking":false,"_monsterinsights_sitenote_active":false,"_monsterinsights_sitenote_note":"","_monsterinsights_sitenote_category":0,"footnotes":"","_links_to":"","_links_to_target":""},"class_list":["post-722","page","type-page","status-publish","hentry"],"jetpack_sharing_enabled":true,"_links":{"self":[{"href":"https:\/\/www.taiwancha.cz\/en\/wp-json\/wp\/v2\/pages\/722","targetHints":{"allow":["GET"]}}],"collection":[{"href":"https:\/\/www.taiwancha.cz\/en\/wp-json\/wp\/v2\/pages"}],"about":[{"href":"https:\/\/www.taiwancha.cz\/en\/wp-json\/wp\/v2\/types\/page"}],"author":[{"embeddable":true,"href":"https:\/\/www.taiwancha.cz\/en\/wp-json\/wp\/v2\/users\/1"}],"replies":[{"embeddable":true,"href":"https:\/\/www.taiwancha.cz\/en\/wp-json\/wp\/v2\/comments?post=722"}],"version-history":[{"count":34,"href":"https:\/\/www.taiwancha.cz\/en\/wp-json\/wp\/v2\/pages\/722\/revisions"}],"predecessor-version":[{"id":1216,"href":"https:\/\/www.taiwancha.cz\/en\/wp-json\/wp\/v2\/pages\/722\/revisions\/1216"}],"wp:attachment":[{"href":"https:\/\/www.taiwancha.cz\/en\/wp-json\/wp\/v2\/media?parent=722"}],"curies":[{"name":"wp","href":"https:\/\/api.w.org\/{rel}","templated":true}]}}