{"id":1378,"date":"2020-09-23T13:28:15","date_gmt":"2020-09-23T12:28:15","guid":{"rendered":"https:\/\/www.taiwancha.cz\/?post_type=product&#038;p=1378"},"modified":"2025-09-14T14:40:57","modified_gmt":"2025-09-14T13:40:57","slug":"honeyred","status":"publish","type":"product","link":"https:\/\/www.taiwancha.cz\/en\/product\/honeyred\/","title":{"rendered":"Medov\u00fd \u010derven\u00fd \u010daj Luye"},"content":{"rendered":"<p>Tento jemn\u00fd \u010derven\u00fd (\u201c\u010dern\u00fd\u201d) \u010daj m\u00e1 medov\u011b nasl\u00e1dlou chu\u0165, co\u017e zp\u016fsobuje nakous\u00e1v\u00e1n\u00ed \u010daje <span class=\"tlid-translation translation\" lang=\"cs\" tabindex=\"-1\"><span class=\"\" title=\"\">k\u0159\u00edskem<\/span><\/span> (angl. leafhopper), co\u017e je brou\u010dek \u017eij\u00edc\u00ed kolem \u010dajovn\u00edk\u016f. Nakousan\u00e9 listky reaguj\u00ed se vzduchem co\u017e p\u0159in\u00e1\u0161\u00ed zm\u011bnu chemick\u00e9ho a chu\u0165ov\u00e9ho rozpolo\u017een\u00ed a d\u00e1v\u00e1 \u010daji svou specifikou v\u016fni a chu\u0165.<\/p>\n<p><strong>L\u00edstky<\/strong><\/p>\n<p>Jedn\u00e1 se o nesrolovan\u00e9 \u010dajov\u00e9 l\u00edstky variety sinensis z organick\u00e9 farmy, skl\u00e1daj\u00edc\u00ed se z jednoho pupenu a dvou list\u016f.<\/p>\n<p><strong>P\u0159\u00edprava<\/strong><\/p>\n<p>Na konvi\u010dku o objemu 0,45 litru pou\u017eijte 6 gram\u016f \u010daje, zalijte vodou o teplot\u011b 85 \u00b0C a nechte louhovat cca. 3,5 minut. Takto lze postupn\u011b p\u0159ipravit a\u017e 5 n\u00e1lev\u016f. Z bal\u00ed\u010dku 60g si p\u0159iprav\u00edte a\u017e 20 litr\u016f \u010daje.<\/p>\n<p><strong>P\u011bstov\u00e1n\u00ed a v\u00fdroba<br \/>\n<\/strong><\/p>\n<div>\n<p>\u010caj je p\u011bstov\u00e1n organicky, tedy bez jak\u00fdchkoliv pesticid\u016f a um\u011bl\u00fdch hnojiv a ru\u010dn\u011b zpracov\u00e1v\u00e1n. Na ja\u0159e 2018 jsme byli farmu nav\u0161t\u00edvit a r\u00e1di V\u00e1m poskytneme dal\u0161\u00ed informace nebo fotky z n\u00ed.<\/p>\n<\/div>\n<p><strong>Jak \u010daj bal\u00edme a pos\u00edl\u00e1me<\/strong><\/p>\n<p>Objedn\u00e1vky expedujeme ka\u017ed\u00fd pracovn\u00ed den ve 4\u00a0hodiny odpoledne. Kdy\u017e va\u0161e objedn\u00e1vka p\u0159ijde pozd\u011bji, vy\u0159\u00edd\u00edme ji a\u017e dal\u0161\u00ed pracovn\u00ed den. Informace o\u00a0reklamac\u00edch, mo\u017enosti vr\u00e1tit zbo\u017e\u00ed a\u00a0dal\u0161\u00ed podrobnosti najdete v\u00a0<a href=\"https:\/\/www.taiwancha.cz\/en\/terms-and-conditions\/\" target=\"_blank\" rel=\"noopener noreferrer\">obchodn\u00edch podm\u00ednk\u00e1ch<\/a>.<\/p>\n<p>Jednotliv\u00e9 \u010dajov\u00e9 bal\u00ed\u010dky jsou ji\u017e nav\u00e1\u017een\u00e9 a neprody\u0161n\u011b zabalen\u00e9 p\u0159\u00edmo od p\u011bstitele, aby jej neovlivnily ne\u017e\u00e1douc\u00ed pachy.<\/p>","protected":false},"excerpt":{"rendered":"<p>Organick\u00fd medov\u00fd \u010derven\u00fd \u010daj (Mi Xiang Hong cha) z oblasti Luye ve v\u00fdchodn\u00ed \u010d\u00e1sti Taiwanu<br \/>\n[\u871c\u9999\u7d05\u8336]<\/p>\n<p>Doba sklizn\u011b: duben 2022<\/p>","protected":false},"featured_media":1384,"comment_status":"open","ping_status":"closed","template":"","meta":{"inline_featured_image":false,"_monsterinsights_skip_tracking":false,"_monsterinsights_sitenote_active":false,"_monsterinsights_sitenote_note":"","_monsterinsights_sitenote_category":0,"_links_to":"","_links_to_target":""},"product_brand":[],"product_cat":[103,112,97],"product_tag":[109,125,107,126],"class_list":{"0":"post-1378","1":"product","2":"type-product","3":"status-publish","4":"has-post-thumbnail","6":"product_cat-cerveny_caj","7":"product_cat-organic","8":"product_cat-caje","9":"product_tag-cerveny","10":"product_tag-mixiang","11":"product_tag-organicky","12":"product_tag-red-tea","13":"product_shipping_class-bezne-produkty","15":"first","16":"instock","17":"shipping-taxable","18":"purchasable","19":"product-type-variable"},"jetpack_sharing_enabled":true,"_links":{"self":[{"href":"https:\/\/www.taiwancha.cz\/en\/wp-json\/wp\/v2\/product\/1378","targetHints":{"allow":["GET"]}}],"collection":[{"href":"https:\/\/www.taiwancha.cz\/en\/wp-json\/wp\/v2\/product"}],"about":[{"href":"https:\/\/www.taiwancha.cz\/en\/wp-json\/wp\/v2\/types\/product"}],"replies":[{"embeddable":true,"href":"https:\/\/www.taiwancha.cz\/en\/wp-json\/wp\/v2\/comments?post=1378"}],"wp:featuredmedia":[{"embeddable":true,"href":"https:\/\/www.taiwancha.cz\/en\/wp-json\/wp\/v2\/media\/1384"}],"wp:attachment":[{"href":"https:\/\/www.taiwancha.cz\/en\/wp-json\/wp\/v2\/media?parent=1378"}],"wp:term":[{"taxonomy":"product_brand","embeddable":true,"href":"https:\/\/www.taiwancha.cz\/en\/wp-json\/wp\/v2\/product_brand?post=1378"},{"taxonomy":"product_cat","embeddable":true,"href":"https:\/\/www.taiwancha.cz\/en\/wp-json\/wp\/v2\/product_cat?post=1378"},{"taxonomy":"product_tag","embeddable":true,"href":"https:\/\/www.taiwancha.cz\/en\/wp-json\/wp\/v2\/product_tag?post=1378"}],"curies":[{"name":"wp","href":"https:\/\/api.w.org\/{rel}","templated":true}]}}