{"id":1531,"date":"2020-12-04T23:00:56","date_gmt":"2020-12-04T22:00:56","guid":{"rendered":"https:\/\/www.taiwancha.cz\/?post_type=product&#038;p=1531"},"modified":"2025-12-15T10:38:21","modified_gmt":"2025-12-15T09:38:21","slug":"specialni-vanocni-kupon","status":"publish","type":"product","link":"https:\/\/www.taiwancha.cz\/en\/product\/specialni-vanocni-kupon\/","title":{"rendered":"D\u00e1rkov\u00fd kup\u00f3n"},"content":{"rendered":"<div class=\"row wpb_row row-fluid\"><div class=\"wpb_column columns medium-12 thb-dark-column small-12\"><div class=\"vc_column-inner\"><div class=\"wpb_wrapper\">\r\n\t<div class=\"wpb_text_column wpb_content_element\" >\r\n\t\t<div class=\"wpb_wrapper\">\r\n\t\t\t<p><strong>D\u00e1rkov\u00fd kup\u00f3n,\u00a0<\/strong><\/p>\n<p>kter\u00fd ud\u011bl\u00e1 radost v\u0161em milovn\u00edk\u016fm \u010daje i t\u011bm, kte\u0159\u00ed si nev\u00ed rady jak\u00fd \u010daj nebo knihu z na\u0161eho e-shopu vybrat.<\/p>\n<p>Vyb\u00edrat m\u016f\u017eete z hodnoty 500 K\u010d, 750 K\u010d, 1000 K\u010d a 2000 K\u010d.<\/p>\n<p>D\u00e1rkov\u00fd kup\u00f3n obdr\u017e\u00edte v elektronick\u00e9 podob\u011b a m\u016f\u017eete jej vyu\u017e\u00edt kdykoliv po dobu jednoho roku.<\/p>\n<p style=\"text-align: left;\">Obdarovan\u00fd si m\u016f\u017ee vybrat z aktu\u00e1ln\u00ed nab\u00eddky taiwansk\u00fdch \u010daj\u016f i literatury.<\/p>\n\r\n\t\t<\/div>\r\n\t<\/div>\r\n<\/div><\/div><\/div><\/div>","protected":false},"excerpt":{"rendered":"D\u00e1rkov\u00fd kup\u00f3n,\u00a0 kter\u00fd ud\u011bl\u00e1 radost v\u0161em milovn\u00edk\u016fm \u010daje i t\u011bm, kte\u0159\u00ed si nev\u00ed rady jak\u00fd \u010daj nebo knihu z na\u0161eho e-shopu vybrat. Vyb\u00edrat m\u016f\u017eete z hodnoty 500 K\u010d, 750 K\u010d, 1000 K\u010d a 2000 K\u010d. D\u00e1rkov\u00fd kup\u00f3n obdr\u017e\u00edte v elektronick\u00e9 podob\u011b a m\u016f\u017eete jej vyu\u017e\u00edt kdykoliv po dobu jednoho roku. Obdarovan\u00fd si m\u016f\u017ee vybrat z&hellip;","protected":false},"featured_media":1582,"comment_status":"open","ping_status":"closed","template":"","meta":{"inline_featured_image":false,"_monsterinsights_skip_tracking":false,"_monsterinsights_sitenote_active":false,"_monsterinsights_sitenote_note":"","_monsterinsights_sitenote_category":0,"_links_to":"","_links_to_target":""},"product_brand":[],"product_cat":[133,98,97],"product_tag":[],"class_list":{"0":"post-1531","1":"product","2":"type-product","3":"status-publish","4":"has-post-thumbnail","6":"product_cat-kupony","7":"product_cat-literatura","8":"product_cat-caje","9":"product_shipping_class-kupony-zdarma","11":"first","12":"instock","13":"shipping-taxable","14":"purchasable","15":"product-type-variable"},"jetpack_sharing_enabled":true,"_links":{"self":[{"href":"https:\/\/www.taiwancha.cz\/en\/wp-json\/wp\/v2\/product\/1531","targetHints":{"allow":["GET"]}}],"collection":[{"href":"https:\/\/www.taiwancha.cz\/en\/wp-json\/wp\/v2\/product"}],"about":[{"href":"https:\/\/www.taiwancha.cz\/en\/wp-json\/wp\/v2\/types\/product"}],"replies":[{"embeddable":true,"href":"https:\/\/www.taiwancha.cz\/en\/wp-json\/wp\/v2\/comments?post=1531"}],"wp:featuredmedia":[{"embeddable":true,"href":"https:\/\/www.taiwancha.cz\/en\/wp-json\/wp\/v2\/media\/1582"}],"wp:attachment":[{"href":"https:\/\/www.taiwancha.cz\/en\/wp-json\/wp\/v2\/media?parent=1531"}],"wp:term":[{"taxonomy":"product_brand","embeddable":true,"href":"https:\/\/www.taiwancha.cz\/en\/wp-json\/wp\/v2\/product_brand?post=1531"},{"taxonomy":"product_cat","embeddable":true,"href":"https:\/\/www.taiwancha.cz\/en\/wp-json\/wp\/v2\/product_cat?post=1531"},{"taxonomy":"product_tag","embeddable":true,"href":"https:\/\/www.taiwancha.cz\/en\/wp-json\/wp\/v2\/product_tag?post=1531"}],"curies":[{"name":"wp","href":"https:\/\/api.w.org\/{rel}","templated":true}]}}