{"id":1654,"date":"2021-02-07T13:10:42","date_gmt":"2021-02-07T12:10:42","guid":{"rendered":"https:\/\/www.taiwancha.cz\/?post_type=product&#038;p=1654"},"modified":"2026-05-13T11:34:54","modified_gmt":"2026-05-13T10:34:54","slug":"ruby","status":"publish","type":"product","link":"https:\/\/www.taiwancha.cz\/en\/product\/ruby\/","title":{"rendered":"Organick\u00fd \u010derven\u00fd \u010daj Ruby #18"},"content":{"rendered":"<p><span class=\"VIiyi\" lang=\"cs\"><span class=\"JLqJ4b ChMk0b\" data-language-for-alternatives=\"cs\" data-language-to-translate-into=\"en\" data-phrase-index=\"0\">\u010cerven\u00fd \u010daj Ruby, nebo tak\u00e9 kultivar \u010d. 18, vyvinut\u00fd v roce 1984 je v\u00fdsledkem mnohalet\u00e9ho v\u00fdzkumu taiwansk\u00e9 instituce zab\u00fdvaj\u00edc\u00ed se v\u00fdzkumem \u010daj\u016f (Tea Research &amp; Extension Station).<\/span> <span class=\"JLqJ4b ChMk0b\" data-language-for-alternatives=\"cs\" data-language-to-translate-into=\"en\" data-phrase-index=\"1\">Jedn\u00e1 se o k\u0159\u00ed\u017eence odr\u016fdy var. Assamica s divok\u00fdm taiwansk\u00fdm \u010dajovn\u00edkem var. formosensis, tedy \u010dajovn\u00edk co nep\u0159inesli emigruj\u00edc\u00ed farm\u00e1\u0159i z \u010c\u00edny, ale strom kter\u00fd <\/span><\/span>v taiwansk\u00fdch hor\u00e1ch roste ji\u017e tis\u00edce let.<\/p>\n<p><span class=\"VIiyi\" lang=\"cs\"><span class=\"JLqJ4b ChMk0b\" data-language-for-alternatives=\"cs\" data-language-to-translate-into=\"en\" data-phrase-index=\"1\">V\u00fdsledkem je opravdu jedine\u010dn\u00fd \u010daj, kter\u00fd vynik\u00e1 sko\u0159icovou v\u016fn\u00ed, m\u00e1tovou sv\u011b\u017eest\u00ed a svou specifickou \u017ev\u00fdka\u010dkovou sladkost\u00ed. V\u00edce informac\u00ed o historii naleznete t\u0159eba v <a href=\"https:\/\/www.icajove-more.cz\/tchaj-wan-a-kultivar-ruby-red-18\/\">\u010dl\u00e1nku<\/a> \u010desk\u00e9ho \u010dajov\u00e9ho magaz\u00ednu Teamag.<br \/>\n<\/span><\/span><\/p>\n<p><strong>L\u00edstky<\/strong><\/p>\n<p>Jedn\u00e1 se o nesrolovan\u00e9 \u010dajov\u00e9 l\u00edstky kultivaru Ruby (tak\u00e9 naz\u00fdv\u00e1n Hong Yu \u010di kultivar &#8222;\u010d. 18&#8220;) z organick\u00e9 farmy, skl\u00e1daj\u00edc\u00ed se z jednoho pupenu a dvou list\u016f.<\/p>\n<p><strong>P\u0159\u00edprava<\/strong><\/p>\n<p>Na konvi\u010dku o objemu 0,15 litru pou\u017eijte 5-6 gram\u016f \u010daje, zalijte vodou o teplot\u011b 95 \u00b0C a nechte louhovat cca. 1,5 minutu, postupn\u011b dobu louhov\u00e1n\u00ed prodlu\u017eujte. Takto lze postupn\u011b p\u0159ipravit a\u017e 6 n\u00e1lev\u016f. Z bal\u00ed\u010dku 75g si p\u0159iprav\u00edte a\u017e 15 litr\u016f \u010daje.<\/p>\n<p><strong>P\u011bstov\u00e1n\u00ed a v\u00fdroba<br \/>\n<\/strong><\/p>\n<div>\n<p>\u010caj je p\u011bstov\u00e1n organicky, tedy bez jak\u00fdchkoliv pesticid\u016f a um\u011bl\u00fdch hnojiv a ru\u010dn\u011b zpracov\u00e1v\u00e1n. Na ja\u0159e 2018 jsme byli farmu nav\u0161t\u00edvit a r\u00e1di V\u00e1m poskytneme dal\u0161\u00ed informace nebo fotky z n\u00ed.<\/p>\n<\/div>\n<p><strong>Jak \u010daj bal\u00edme a pos\u00edl\u00e1me<\/strong><\/p>\n<p>Objedn\u00e1vky expedujeme ka\u017ed\u00fd pracovn\u00ed den ve 4\u00a0hodiny odpoledne. Kdy\u017e va\u0161e objedn\u00e1vka p\u0159ijde pozd\u011bji, vy\u0159\u00edd\u00edme ji a\u017e dal\u0161\u00ed pracovn\u00ed den. Informace o\u00a0reklamac\u00edch, mo\u017enosti vr\u00e1tit zbo\u017e\u00ed a\u00a0dal\u0161\u00ed podrobnosti najdete v\u00a0<a href=\"https:\/\/www.taiwancha.cz\/en\/terms-and-conditions\/\" target=\"_blank\" rel=\"noopener noreferrer\">obchodn\u00edch podm\u00ednk\u00e1ch<\/a>.<\/p>\n<p>Jednotliv\u00e9 \u010dajov\u00e9 bal\u00ed\u010dky jsou ji\u017e nav\u00e1\u017een\u00e9 a neprody\u0161n\u011b zabalen\u00e9 p\u0159\u00edmo od p\u011bstitele, aby jej neovlivnily ne\u017e\u00e1douc\u00ed pachy.<\/p>","protected":false},"excerpt":{"rendered":"<p>Organick\u00fd \u010derven\u00fd \u010daj Ruby #18 (Hong Yu) z centr\u00e1ln\u00ed \u010d\u00e1sti Taiwanu Nantou z kultivaru \u010d. 18, k\u0159\u00ed\u017eenec Assamu s divok\u00fdm taiwansk\u00fdm \u010dajovn\u00edkem.<\/p>","protected":false},"featured_media":1658,"comment_status":"open","ping_status":"closed","template":"","meta":{"inline_featured_image":false,"_monsterinsights_skip_tracking":false,"_monsterinsights_sitenote_active":false,"_monsterinsights_sitenote_note":"","_monsterinsights_sitenote_category":0,"_links_to":"","_links_to_target":""},"product_brand":[],"product_cat":[103,112,97],"product_tag":[132,109,131,107,126],"class_list":{"0":"post-1654","1":"product","2":"type-product","3":"status-publish","4":"has-post-thumbnail","6":"product_cat-cerveny_caj","7":"product_cat-organic","8":"product_cat-caje","9":"product_tag-132","10":"product_tag-cerveny","11":"product_tag-hongyu","12":"product_tag-organicky","13":"product_tag-red-tea","14":"product_shipping_class-bezne-produkty","16":"first","17":"instock","18":"shipping-taxable","19":"purchasable","20":"product-type-simple"},"jetpack_sharing_enabled":true,"_links":{"self":[{"href":"https:\/\/www.taiwancha.cz\/en\/wp-json\/wp\/v2\/product\/1654","targetHints":{"allow":["GET"]}}],"collection":[{"href":"https:\/\/www.taiwancha.cz\/en\/wp-json\/wp\/v2\/product"}],"about":[{"href":"https:\/\/www.taiwancha.cz\/en\/wp-json\/wp\/v2\/types\/product"}],"replies":[{"embeddable":true,"href":"https:\/\/www.taiwancha.cz\/en\/wp-json\/wp\/v2\/comments?post=1654"}],"wp:featuredmedia":[{"embeddable":true,"href":"https:\/\/www.taiwancha.cz\/en\/wp-json\/wp\/v2\/media\/1658"}],"wp:attachment":[{"href":"https:\/\/www.taiwancha.cz\/en\/wp-json\/wp\/v2\/media?parent=1654"}],"wp:term":[{"taxonomy":"product_brand","embeddable":true,"href":"https:\/\/www.taiwancha.cz\/en\/wp-json\/wp\/v2\/product_brand?post=1654"},{"taxonomy":"product_cat","embeddable":true,"href":"https:\/\/www.taiwancha.cz\/en\/wp-json\/wp\/v2\/product_cat?post=1654"},{"taxonomy":"product_tag","embeddable":true,"href":"https:\/\/www.taiwancha.cz\/en\/wp-json\/wp\/v2\/product_tag?post=1654"}],"curies":[{"name":"wp","href":"https:\/\/api.w.org\/{rel}","templated":true}]}}