{"id":1825,"date":"2021-05-28T14:41:02","date_gmt":"2021-05-28T13:41:02","guid":{"rendered":"https:\/\/www.taiwancha.cz\/?post_type=product&#038;p=1825"},"modified":"2026-04-15T11:00:11","modified_gmt":"2026-04-15T10:00:11","slug":"gaba","status":"publish","type":"product","link":"https:\/\/www.taiwancha.cz\/en\/product\/gaba\/","title":{"rendered":"GABA Oolong"},"content":{"rendered":"<p><span class=\"VIiyi\" lang=\"cs\"><span class=\"JLqJ4b ChMk0b\" data-language-for-alternatives=\"cs\" data-language-to-translate-into=\"en\" data-phrase-index=\"0\">GABA Oolong p\u0159ipraven\u00fd z l\u00edstk\u016f \u010dajovn\u00edk\u016f p\u011bstovan\u00fd v nadmo\u0159sk\u00e9 v\u00fd\u0161ce 1200 m v oblasti Alishan.<\/span><\/span><\/p>\n<p><span class=\"VIiyi\" lang=\"cs\"><span class=\"JLqJ4b ChMk0b\" data-language-for-alternatives=\"cs\" data-language-to-translate-into=\"en\" data-phrase-index=\"0\">\u010caje GABA (take zn\u00e1m\u00e9 pod n\u00e1zvy Gabaron \u010di Jia Wu Long cha) jsou \u010daje, kter\u00e9 pro\u0161li speci\u00e1ln\u00edm procesem zavadnut\u00ed l\u00edstk\u016f bez p\u0159\u00edtomnosti kysl\u00edku, v \u010deho\u017e d\u016fsledku se v l\u00edstc\u00edch nahromad\u00ed vysok\u00e9 mno\u017estv\u00ed gamma-aminom\u00e1seln\u00e9 kyseliny (ve zkratce <strong>GABA<\/strong><\/span><span class=\"JLqJ4b ChMk0b\" data-language-for-alternatives=\"cs\" data-language-to-translate-into=\"en\" data-phrase-index=\"1\">). Touto technologi\u00ed, vynalezenou v 80. letech japonsk\u00fdm v\u00fdzkumn\u00edkem \u010daj\u016f Dr. Tsushidou, lze zpracovat zelen\u00e9, polozelen\u00e9 i \u010dern\u00e9 \u010daje. Na\u0161e taiwansk\u00e1 GABA je \u010daj polozelen\u00fd, tedy Oolong.<br \/>\n<\/span><\/span><\/p>\n<p><strong>L\u00edstky<\/strong><\/p>\n<p>Jedn\u00e1 se o \u010dajov\u00e9 l\u00edstky skl\u00e1daj\u00edc\u00ed se z jednoho pupenu a dvou list\u016f, sklizen\u00e9 z nadmo\u0159sk\u00e9 v\u00fd\u0161ky 1200 m. L\u00edstky jsou srolovan\u00e9 do drobn\u00fdch kuli\u010dek, co\u017e se anglicky ozna\u010duje jako \u201cgunpowder tea\u201d.<\/p>\n<p><strong>P\u0159\u00edprava<\/strong><\/p>\n<p>Na konvi\u010dku o objemu 0,20 litru pou\u017eijte 5 gram\u016f \u010daje, zalijte vodou o teplot\u011b 85 &#8211; 95 \u00b0C a nechte louhovat cca. 1 minutu, postupn\u011b dobu louhov\u00e1n\u00ed prodlu\u017eujte. Takto lze postupn\u011b p\u0159ipravit a\u017e 5 n\u00e1lev\u016f. Z bal\u00ed\u010dku 75g si p\u0159iprav\u00edte a\u017e 15 litr\u016f \u010daje.<\/p>\n<p><strong>P\u011bstov\u00e1n\u00ed a v\u00fdroba<br \/>\n<\/strong><\/p>\n<div>\n<p>V \u00fanoru 2018 jsme nav\u0161t\u00edvili tuhle malou farmu, kde se \u010daj p\u011bstuje a kde n\u00e1m farm\u00e1\u0159 vysv\u011btlil, jak\u00fdm zp\u016fsobem \u010daj sb\u00edr\u00e1 a zpracov\u00e1v\u00e1. Informace v\u00e1m r\u00e1di nasd\u00edl\u00edme, m\u016f\u017eete se tak\u00e9 pod\u00edvat na n\u00e1\u0161 <a href=\"http:\/\/www.facebook.com\/taiwanchaj\">Facebooku<\/a>, kde o \u010daji a Taiwanu p\u00ed\u0161eme.<\/p>\n<\/div>\n<p><strong>Jak \u010daj bal\u00edme a pos\u00edl\u00e1me<\/strong><\/p>\n<p>Objedn\u00e1vky expedujeme ka\u017ed\u00fd pracovn\u00ed den ve 4\u00a0hodiny odpoledne. Kdy\u017e va\u0161e objedn\u00e1vka p\u0159ijde pozd\u011bji, vy\u0159\u00edd\u00edme ji a\u017e dal\u0161\u00ed pracovn\u00ed den. Informace o\u00a0reklamac\u00edch, mo\u017enosti vr\u00e1tit zbo\u017e\u00ed a\u00a0dal\u0161\u00ed podrobnosti najdete v\u00a0<a href=\"https:\/\/www.taiwancha.cz\/en\/terms-and-conditions\/\" target=\"_blank\" rel=\"noopener noreferrer\">obchodn\u00edch podm\u00ednk\u00e1ch<\/a>.<\/p>\n<p>Jednotliv\u00e9 \u010dajov\u00e9 bal\u00ed\u010dky jsou ji\u017e nav\u00e1\u017een\u00e9 a neprody\u0161n\u011b zabalen\u00e9 p\u0159\u00edmo od p\u011bstitele, aby jej neovlivnily ne\u017e\u00e1douc\u00ed pachy.<\/p>","protected":false},"excerpt":{"rendered":"<p>GABA Oolong z poho\u0159\u00ed Alishan<\/p>\n<p>Jeden bal\u00ed\u010dek obsahuje 75 g \u010dajov\u00fdch l\u00edstk\u016f.<\/p>","protected":false},"featured_media":1826,"comment_status":"open","ping_status":"closed","template":"","meta":{"inline_featured_image":false,"_monsterinsights_skip_tracking":false,"_monsterinsights_sitenote_active":false,"_monsterinsights_sitenote_note":"","_monsterinsights_sitenote_category":0,"_links_to":"","_links_to_target":""},"product_brand":[],"product_cat":[99,97],"product_tag":[115,136,134,106,135],"class_list":{"0":"post-1825","1":"product","2":"type-product","3":"status-publish","4":"has-post-thumbnail","6":"product_cat-oolongy","7":"product_cat-caje","8":"product_tag-alishan","9":"product_tag-caj","10":"product_tag-gaba","11":"product_tag-oolong","12":"product_tag-polozeleny","13":"product_shipping_class-bezne-produkty","15":"first","16":"instock","17":"shipping-taxable","18":"purchasable","19":"product-type-simple"},"jetpack_sharing_enabled":true,"_links":{"self":[{"href":"https:\/\/www.taiwancha.cz\/en\/wp-json\/wp\/v2\/product\/1825","targetHints":{"allow":["GET"]}}],"collection":[{"href":"https:\/\/www.taiwancha.cz\/en\/wp-json\/wp\/v2\/product"}],"about":[{"href":"https:\/\/www.taiwancha.cz\/en\/wp-json\/wp\/v2\/types\/product"}],"replies":[{"embeddable":true,"href":"https:\/\/www.taiwancha.cz\/en\/wp-json\/wp\/v2\/comments?post=1825"}],"wp:featuredmedia":[{"embeddable":true,"href":"https:\/\/www.taiwancha.cz\/en\/wp-json\/wp\/v2\/media\/1826"}],"wp:attachment":[{"href":"https:\/\/www.taiwancha.cz\/en\/wp-json\/wp\/v2\/media?parent=1825"}],"wp:term":[{"taxonomy":"product_brand","embeddable":true,"href":"https:\/\/www.taiwancha.cz\/en\/wp-json\/wp\/v2\/product_brand?post=1825"},{"taxonomy":"product_cat","embeddable":true,"href":"https:\/\/www.taiwancha.cz\/en\/wp-json\/wp\/v2\/product_cat?post=1825"},{"taxonomy":"product_tag","embeddable":true,"href":"https:\/\/www.taiwancha.cz\/en\/wp-json\/wp\/v2\/product_tag?post=1825"}],"curies":[{"name":"wp","href":"https:\/\/api.w.org\/{rel}","templated":true}]}}