{"id":2128,"date":"2021-12-18T06:58:49","date_gmt":"2021-12-18T05:58:49","guid":{"rendered":"https:\/\/www.taiwancha.cz\/?post_type=product&#038;p=2128"},"modified":"2026-05-13T11:34:55","modified_gmt":"2026-05-13T10:34:55","slug":"celadon","status":"publish","type":"product","link":"https:\/\/www.taiwancha.cz\/en\/product\/celadon\/","title":{"rendered":"Celadonov\u00fd \u0161\u00e1lek"},"content":{"rendered":"<p>Celadonov\u00fd keramick\u00fd \u0161\u00e1lek z \u010d\u00e1ste\u010dn\u011b pr\u016fsvitn\u00e9ho materi\u00e1lu z tradi\u010dn\u00ed d\u00edlny ze severn\u00edho Taiwanu.<\/p>\n<p>objem: 50 ml<br \/>\npr\u016fm\u011br: 6,5 cm<br \/>\nv\u00fd\u0161ka: 3,5 cm<\/p>","protected":false},"excerpt":{"rendered":"<p>Celadonov\u00fd \u0161\u00e1lek 50 ml<\/p>","protected":false},"featured_media":3857,"comment_status":"open","ping_status":"closed","template":"","meta":{"inline_featured_image":false,"_monsterinsights_skip_tracking":false,"_monsterinsights_sitenote_active":false,"_monsterinsights_sitenote_note":"","_monsterinsights_sitenote_category":0,"_links_to":"","_links_to_target":""},"product_brand":[],"product_cat":[147,102],"product_tag":[143,144,141,148,142],"class_list":{"0":"post-2128","1":"product","2":"type-product","3":"status-publish","4":"has-post-thumbnail","6":"product_cat-keramika","7":"product_cat-nacini","8":"product_tag-celadon","9":"product_tag-doplnky","10":"product_tag-keramika","11":"product_tag-nacini","12":"product_tag-salek","14":"first","15":"instock","16":"shipping-taxable","17":"purchasable","18":"product-type-simple"},"jetpack_sharing_enabled":true,"_links":{"self":[{"href":"https:\/\/www.taiwancha.cz\/en\/wp-json\/wp\/v2\/product\/2128","targetHints":{"allow":["GET"]}}],"collection":[{"href":"https:\/\/www.taiwancha.cz\/en\/wp-json\/wp\/v2\/product"}],"about":[{"href":"https:\/\/www.taiwancha.cz\/en\/wp-json\/wp\/v2\/types\/product"}],"replies":[{"embeddable":true,"href":"https:\/\/www.taiwancha.cz\/en\/wp-json\/wp\/v2\/comments?post=2128"}],"wp:featuredmedia":[{"embeddable":true,"href":"https:\/\/www.taiwancha.cz\/en\/wp-json\/wp\/v2\/media\/3857"}],"wp:attachment":[{"href":"https:\/\/www.taiwancha.cz\/en\/wp-json\/wp\/v2\/media?parent=2128"}],"wp:term":[{"taxonomy":"product_brand","embeddable":true,"href":"https:\/\/www.taiwancha.cz\/en\/wp-json\/wp\/v2\/product_brand?post=2128"},{"taxonomy":"product_cat","embeddable":true,"href":"https:\/\/www.taiwancha.cz\/en\/wp-json\/wp\/v2\/product_cat?post=2128"},{"taxonomy":"product_tag","embeddable":true,"href":"https:\/\/www.taiwancha.cz\/en\/wp-json\/wp\/v2\/product_tag?post=2128"}],"curies":[{"name":"wp","href":"https:\/\/api.w.org\/{rel}","templated":true}]}}