{"id":2133,"date":"2021-12-18T07:18:59","date_gmt":"2021-12-18T06:18:59","guid":{"rendered":"https:\/\/www.taiwancha.cz\/?post_type=product&#038;p=2133"},"modified":"2026-05-01T20:37:19","modified_gmt":"2026-05-01T19:37:19","slug":"yi","status":"publish","type":"product","link":"https:\/\/www.taiwancha.cz\/en\/product\/yi\/","title":{"rendered":"\u010cajov\u00fd \u0161\u00e1lek Yi"},"content":{"rendered":"<p>Keramick\u00fd \u010dajov\u00fd \u0161\u00e1lek Yi z tradi\u010dn\u00ed um\u011bleck\u00e9 hrn\u010d\u00edrny ze severn\u00edho Taiwanu.<\/p>\n<p>objem: 55 ml<br \/>\npr\u016fm\u011br: 6,5 cm<br \/>\nv\u00fd\u0161ka: 5,0 cm<\/p>\n<p>&nbsp;<\/p>","protected":false},"excerpt":{"rendered":"<p>\u010cajov\u00fd \u0161\u00e1lek Yi<\/p>","protected":false},"featured_media":3850,"comment_status":"open","ping_status":"closed","template":"","meta":{"inline_featured_image":false,"_monsterinsights_skip_tracking":false,"_monsterinsights_sitenote_active":false,"_monsterinsights_sitenote_note":"","_monsterinsights_sitenote_category":0,"_links_to":"","_links_to_target":""},"product_brand":[],"product_cat":[147,102],"product_tag":[144,141,142],"class_list":{"0":"post-2133","1":"product","2":"type-product","3":"status-publish","4":"has-post-thumbnail","6":"product_cat-keramika","7":"product_cat-nacini","8":"product_tag-doplnky","9":"product_tag-keramika","10":"product_tag-salek","12":"first","13":"instock","14":"shipping-taxable","15":"purchasable","16":"product-type-simple"},"jetpack_sharing_enabled":true,"_links":{"self":[{"href":"https:\/\/www.taiwancha.cz\/en\/wp-json\/wp\/v2\/product\/2133","targetHints":{"allow":["GET"]}}],"collection":[{"href":"https:\/\/www.taiwancha.cz\/en\/wp-json\/wp\/v2\/product"}],"about":[{"href":"https:\/\/www.taiwancha.cz\/en\/wp-json\/wp\/v2\/types\/product"}],"replies":[{"embeddable":true,"href":"https:\/\/www.taiwancha.cz\/en\/wp-json\/wp\/v2\/comments?post=2133"}],"wp:featuredmedia":[{"embeddable":true,"href":"https:\/\/www.taiwancha.cz\/en\/wp-json\/wp\/v2\/media\/3850"}],"wp:attachment":[{"href":"https:\/\/www.taiwancha.cz\/en\/wp-json\/wp\/v2\/media?parent=2133"}],"wp:term":[{"taxonomy":"product_brand","embeddable":true,"href":"https:\/\/www.taiwancha.cz\/en\/wp-json\/wp\/v2\/product_brand?post=2133"},{"taxonomy":"product_cat","embeddable":true,"href":"https:\/\/www.taiwancha.cz\/en\/wp-json\/wp\/v2\/product_cat?post=2133"},{"taxonomy":"product_tag","embeddable":true,"href":"https:\/\/www.taiwancha.cz\/en\/wp-json\/wp\/v2\/product_tag?post=2133"}],"curies":[{"name":"wp","href":"https:\/\/api.w.org\/{rel}","templated":true}]}}