{"id":2226,"date":"2022-02-17T03:11:46","date_gmt":"2022-02-17T02:11:46","guid":{"rendered":"https:\/\/www.taiwancha.cz\/?post_type=product&#038;p=2226"},"modified":"2026-03-06T07:52:31","modified_gmt":"2026-03-06T06:52:31","slug":"50y","status":"publish","type":"product","link":"https:\/\/www.taiwancha.cz\/en\/product\/50y\/","title":{"rendered":"50 let\u00fd \u010cerven\u00fd Assam"},"content":{"rendered":"<p>Organick\u00fd \u010derven\u00fd \u010daj z list\u016f Assam z v\u00edce jak 50 let star\u00fdch \u010dajovn\u00edk\u016f, kter\u00e9 v 50. letech byly opu\u0161teny a od t\u00e9 doby rostly sv\u00fdm vlastn\u00edm \u017eivotem. Farm\u00e1\u0159em byla tato opu\u0161t\u011bn\u00e1, nyn\u00ed zdivo\u010del\u00e1 &#8222;plant\u00e1\u017e&#8220; objevena p\u0159i p\u00e1tr\u00e1n\u00ed domovn\u00ed krajinou. Fakticky se tedy nejedn\u00e1 o <em>divok\u00fd<\/em>, ale o <em>zdivo\u010del\u00fd<\/em> \u010daj.<\/p>\n<p><strong>L\u00edstky<\/strong><\/p>\n<p>Jedn\u00e1 se o \u010dajov\u00e9 l\u00edstky ze zdivo\u010del\u00fdch, v\u00edce jak 50 let star\u00fdch \u010dajovn\u00edk\u016fv z nadmo\u0159sk\u00e9 v\u00fd\u0161ky 250 m.n.m. v oblasti Taitung ve v\u00fdchodn\u00ed \u010d\u00e1sti Taiwanu. L\u00edstky jsou nesrolovan\u00e9 a skl\u00e1daj\u00ed se z v\u017edy z jednoho pupenu a dvou list\u016f.<\/p>\n<p><strong>P\u0159\u00edprava<\/strong><\/p>\n<p>Na konvi\u010dku o objemu 0,20 litru pou\u017eijte 5 gram\u016f \u010daje, zalijte vodou o teplot\u011b 85 \u2013 100 \u00b0C a nechte louhovat cca. minutu. Takto lze postupn\u011b p\u0159ipravit 5 a\u017e 7 n\u00e1lev\u016f. Z bal\u00ed\u010dku 30g si p\u0159iprav\u00edte alespo\u0148 6 litr\u016f \u010daje.<\/p>\n<p><strong>P\u011bstov\u00e1n\u00ed a v\u00fdroba<br \/>\n<\/strong><\/p>\n<div>\n<p>\u010caj je p\u011bstov\u00e1n organicky, tedy bez jak\u00fdchkoliv pesticid\u016f a um\u011bl\u00fdch hnojiv a ru\u010dn\u011b zpracov\u00e1v\u00e1n. Na ja\u0159e 2018 a na podzim 2021 jsme byli farmu nav\u0161t\u00edvit a r\u00e1di V\u00e1m poskytneme dal\u0161\u00ed informace nebo fotky z n\u00ed.<\/p>\n<\/div>\n<p><strong>Jak \u010daj bal\u00edme a pos\u00edl\u00e1me<\/strong><\/p>\n<p>Objedn\u00e1vky expedujeme ka\u017ed\u00fd pracovn\u00ed den ve 4\u00a0hodiny odpoledne. Kdy\u017e va\u0161e objedn\u00e1vka p\u0159ijde pozd\u011bji, vy\u0159\u00edd\u00edme ji a\u017e dal\u0161\u00ed pracovn\u00ed den. Informace o\u00a0reklamac\u00edch, mo\u017enosti vr\u00e1tit zbo\u017e\u00ed a\u00a0dal\u0161\u00ed podrobnosti najdete v\u00a0<a href=\"https:\/\/www.taiwancha.cz\/en\/terms-and-conditions\/\" target=\"_blank\" rel=\"noopener noreferrer\">obchodn\u00edch podm\u00ednk\u00e1ch<\/a>.<\/p>\n<p>Jednotliv\u00e9 \u010dajov\u00e9 bal\u00ed\u010dky jsou ji\u017e nav\u00e1\u017een\u00e9 a zabalen\u00e9 p\u0159\u00edmo od\u00a0p\u011bstitele vakuovou metodou, p\u0159i kter\u00e9 se z bal\u00ed\u010dku odsaje ve\u0161ker\u00fd vzduch. Nespornou p\u0159ednost\u00ed t\u00e9to metody je bezpe\u010dn\u00e9 a neprody\u0161n\u00e9 uzav\u0159en\u00ed \u010daje\u00a0tak, aby jej neovlivnily ne\u017e\u00e1douc\u00ed pachy.<\/p>","protected":false},"excerpt":{"rendered":"<p>Organick\u00fd \u010cerven\u00fd \u010daj Assam z v\u00edce jak 50 let star\u00fdch \u010dajovn\u00edk\u016f z v\u00fdchodn\u00edho Taiwanu<br \/>\n30 g \/ 60 g \/ 100 g<\/p>","protected":false},"featured_media":2232,"comment_status":"open","ping_status":"closed","template":"","meta":{"inline_featured_image":false,"_monsterinsights_skip_tracking":false,"_monsterinsights_sitenote_active":false,"_monsterinsights_sitenote_note":"","_monsterinsights_sitenote_category":0,"_links_to":"","_links_to_target":""},"product_brand":[],"product_cat":[103,112,97],"product_tag":[109,107,146],"class_list":{"0":"post-2226","1":"product","2":"type-product","3":"status-publish","4":"has-post-thumbnail","6":"product_cat-cerveny_caj","7":"product_cat-organic","8":"product_cat-caje","9":"product_tag-cerveny","10":"product_tag-organicky","11":"product_tag-stary-strom","13":"first","14":"instock","15":"shipping-taxable","16":"purchasable","17":"product-type-variable"},"jetpack_sharing_enabled":true,"_links":{"self":[{"href":"https:\/\/www.taiwancha.cz\/en\/wp-json\/wp\/v2\/product\/2226","targetHints":{"allow":["GET"]}}],"collection":[{"href":"https:\/\/www.taiwancha.cz\/en\/wp-json\/wp\/v2\/product"}],"about":[{"href":"https:\/\/www.taiwancha.cz\/en\/wp-json\/wp\/v2\/types\/product"}],"replies":[{"embeddable":true,"href":"https:\/\/www.taiwancha.cz\/en\/wp-json\/wp\/v2\/comments?post=2226"}],"wp:featuredmedia":[{"embeddable":true,"href":"https:\/\/www.taiwancha.cz\/en\/wp-json\/wp\/v2\/media\/2232"}],"wp:attachment":[{"href":"https:\/\/www.taiwancha.cz\/en\/wp-json\/wp\/v2\/media?parent=2226"}],"wp:term":[{"taxonomy":"product_brand","embeddable":true,"href":"https:\/\/www.taiwancha.cz\/en\/wp-json\/wp\/v2\/product_brand?post=2226"},{"taxonomy":"product_cat","embeddable":true,"href":"https:\/\/www.taiwancha.cz\/en\/wp-json\/wp\/v2\/product_cat?post=2226"},{"taxonomy":"product_tag","embeddable":true,"href":"https:\/\/www.taiwancha.cz\/en\/wp-json\/wp\/v2\/product_tag?post=2226"}],"curies":[{"name":"wp","href":"https:\/\/api.w.org\/{rel}","templated":true}]}}