{"id":3919,"date":"2022-09-09T22:36:09","date_gmt":"2022-09-09T21:36:09","guid":{"rendered":"https:\/\/www.taiwancha.cz\/?post_type=product&#038;p=3919"},"modified":"2022-10-02T17:36:47","modified_gmt":"2022-10-02T16:36:47","slug":"tenmoku2","status":"publish","type":"product","link":"https:\/\/www.taiwancha.cz\/en\/product\/tenmoku2\/","title":{"rendered":"\u010cajov\u00e1 miska Tenmoku"},"content":{"rendered":"<p>Keramick\u00e1 \u010dajov\u00e1 miska Tenmoku z tradi\u010dn\u00ed um\u011bleck\u00e9 hrn\u010d\u00edrny ze severn\u00edho Taiwanu.<\/p>\n<p>Objem: 100 ml<br \/>\nPr\u016fm\u011br: 8,8 cm<br \/>\nV\u00fd\u0161ka: 4,8 cm<\/p>\n<p>&nbsp;<\/p>","protected":false},"excerpt":{"rendered":"<p>\u010cajov\u00e1 miska Tenmoku<\/p>\n<p>!! Tento produkt v sou\u010dasnosti dod\u00e1v\u00e1me jen na objedn\u00e1vku &#8211; doba dod\u00e1n\u00ed cca. 1 m\u011bs\u00edc !!<\/p>","protected":false},"featured_media":3920,"comment_status":"open","ping_status":"closed","template":"","meta":{"inline_featured_image":false,"_monsterinsights_skip_tracking":false,"_monsterinsights_sitenote_active":false,"_monsterinsights_sitenote_note":"","_monsterinsights_sitenote_category":0,"_links_to":"","_links_to_target":""},"product_brand":[],"product_cat":[147,102],"product_tag":[144,141,148,142,145],"class_list":{"0":"post-3919","1":"product","2":"type-product","3":"status-publish","4":"has-post-thumbnail","6":"product_cat-keramika","7":"product_cat-nacini","8":"product_tag-doplnky","9":"product_tag-keramika","10":"product_tag-nacini","11":"product_tag-salek","12":"product_tag-tenmoku","14":"first","15":"onbackorder","16":"shipping-taxable","17":"purchasable","18":"product-type-simple"},"jetpack_sharing_enabled":true,"_links":{"self":[{"href":"https:\/\/www.taiwancha.cz\/en\/wp-json\/wp\/v2\/product\/3919","targetHints":{"allow":["GET"]}}],"collection":[{"href":"https:\/\/www.taiwancha.cz\/en\/wp-json\/wp\/v2\/product"}],"about":[{"href":"https:\/\/www.taiwancha.cz\/en\/wp-json\/wp\/v2\/types\/product"}],"replies":[{"embeddable":true,"href":"https:\/\/www.taiwancha.cz\/en\/wp-json\/wp\/v2\/comments?post=3919"}],"wp:featuredmedia":[{"embeddable":true,"href":"https:\/\/www.taiwancha.cz\/en\/wp-json\/wp\/v2\/media\/3920"}],"wp:attachment":[{"href":"https:\/\/www.taiwancha.cz\/en\/wp-json\/wp\/v2\/media?parent=3919"}],"wp:term":[{"taxonomy":"product_brand","embeddable":true,"href":"https:\/\/www.taiwancha.cz\/en\/wp-json\/wp\/v2\/product_brand?post=3919"},{"taxonomy":"product_cat","embeddable":true,"href":"https:\/\/www.taiwancha.cz\/en\/wp-json\/wp\/v2\/product_cat?post=3919"},{"taxonomy":"product_tag","embeddable":true,"href":"https:\/\/www.taiwancha.cz\/en\/wp-json\/wp\/v2\/product_tag?post=3919"}],"curies":[{"name":"wp","href":"https:\/\/api.w.org\/{rel}","templated":true}]}}