{"id":4775,"date":"2023-01-28T12:36:41","date_gmt":"2023-01-28T11:36:41","guid":{"rendered":"https:\/\/www.taiwancha.cz\/?post_type=product&#038;p=4775"},"modified":"2026-02-06T03:34:39","modified_gmt":"2026-02-06T02:34:39","slug":"dongding","status":"publish","type":"product","link":"https:\/\/www.taiwancha.cz\/en\/product\/dongding\/","title":{"rendered":"Tradi\u010dn\u011b pra\u017een\u00fd Dong Ding Oolong"},"content":{"rendered":"<p><strong>Organick\u00fd Tradi\u010dn\u00ed Dong Ding Oolong<\/strong><\/p>\n<p>Dong Ding\/Tung Ting Oolong je jedn\u00edm ze \u010dty\u0159 tradi\u010dn\u00edch druh\u016f \u010daje, kter\u00e9 se na Taiwanu v 18. a\u017e 19. stolet\u00ed za\u010dali zpracov\u00e1vat. Jedn\u00e1 se o st\u0159edn\u011b (30%) oxidovan\u00fd \u010daj, kter\u00fd je n\u00e1sledn\u011b tradi\u010dn\u011b ru\u010dn\u011b pra\u017een na d\u0159ev\u011bn\u00e9m uhl\u00ed stromu Long An. L\u00edstky jsou p\u011bstov\u00e1ny na mal\u00e9 organick\u00e9 farm\u011b v nadmo\u0159sk\u00e9 v\u00fd\u0161ce 1600 m ve st\u0159edn\u00ed \u010d\u00e1sti Taiwanu v oblasti Centr\u00e1ln\u00edho poho\u0159\u00ed. Tento Oolong je zpracov\u00e1n z l\u00edstk\u016f nejstar\u0161\u00edho taiwansk\u00e9ho kultivaru Qing sin (zelen\u00e9 srdce). D\u00edky sv\u00e9mu pra\u017een\u00ed m\u00e1 \u010daj o\u0159i\u0161kov\u00e9, lehce nasl\u00e1dl\u00e9 aroma.<\/p>\n<p>Dnes se lze tak\u00e9 setkat s n\u00e1zvem Hong Shui, tj. Dong Ding, kter\u00fd je p\u011bstov\u00e1n v jin\u00fdch \u010d\u00e1stech ostrova, ne\u017e na ho\u0159e Dong Ding (zmrzl\u00fd vrchol).<\/p>\n<p>D\u00edky pra\u017een\u00ed \u010daje na d\u0159ev\u011bn\u00e9m uhl\u00ed l\u00edstky z\u00edskaj\u00ed zkaramelizovanou vrchn\u00ed povlak, a jsou tudi\u017e vhodn\u00e9 ke uchov\u00e1n\u00ed a st\u00e1rnut\u00ed. \u010casem (po dob\u011b 2-5 let) \u010daj d\u00edky procesu st\u00e1rnut\u00ed z\u00edsk\u00e1 &#8222;citrusovou&#8220; sladkost.<\/p>\n<p><strong>L\u00edstky<\/strong><\/p>\n<p>Jedn\u00e1 se o \u010dajov\u00e9 l\u00edstky kultivaru Qing sin (zelen\u00e9 srdce) z organick\u00e9 farmy v nadmo\u0159sk\u00e9 v\u00fd\u0161ce 1600 m. L\u00edstky jsou svinut\u00e9 do kuli\u010dek (gunpowder). Dal\u0161\u00ed info viz podrobnosti.<\/p>\n<p><strong>P\u0159\u00edprava<\/strong><\/p>\n<p>Na konvi\u010dku o objemu 0,15 &#8211; 0,2 litru pou\u017eijte 5-7 gram\u016f \u010daje, zalijte vodou o teplot\u011b 85\u2013100 \u00b0C a nechte louhovat cca. minutu. Takto lze postupn\u011b p\u0159ipravit 5 a\u017e 7 n\u00e1lev\u016f. S ka\u017ed\u00fdm n\u00e1levem prodlu\u017ete dobu louhov\u00e1n\u00ed o cca 15s.<\/p>\n<p><strong>P\u011bstov\u00e1n\u00ed a v\u00fdroba<em><br \/>\n<\/em><\/strong><\/p>\n<div>\n<p>V roce 2022 jsme narazili na tohoto farm\u00e1\u0159e, kter\u00fd vlastn\u00ed n\u011bkolik men\u0161\u00edch \u010dajov\u00fdch pol\u00ed v centr\u00e1ln\u00edm Taiwanu a ru\u010dn\u011b \u010daje pra\u017e\u00ed ve sv\u00e9 m\u011bstsk\u00e9 \u010dajov\u00e9 d\u00edln\u011b.\u00a0 Informace v\u00e1m r\u00e1di nasd\u00edl\u00edme, m\u016f\u017eete se tak\u00e9 pod\u00edvat na n\u00e1\u0161 <a href=\"http:\/\/www.facebook.com\/taiwanchaj\">Facebooku<\/a>, kde o \u010daji p\u00ed\u0161eme.<\/p>\n<\/div>\n<p><strong>Jak \u010daj bal\u00edme a pos\u00edl\u00e1me<\/strong><\/p>\n<p>Objedn\u00e1vky expedujeme ka\u017ed\u00fd pracovn\u00ed den ve 4\u00a0hodiny odpoledne. Kdy\u017e va\u0161e objedn\u00e1vka p\u0159ijde pozd\u011bji, vy\u0159\u00edd\u00edme ji a\u017e dal\u0161\u00ed pracovn\u00ed den. Informace o\u00a0reklamac\u00edch, mo\u017enosti vr\u00e1tit zbo\u017e\u00ed a\u00a0dal\u0161\u00ed podrobnosti najdete v\u00a0<a href=\"https:\/\/www.taiwancha.cz\/en\/terms-and-conditions\/\" target=\"_blank\" rel=\"noopener noreferrer\">obchodn\u00edch podm\u00ednk\u00e1ch<\/a>.<\/p>\n<p>Jednotliv\u00e9 \u010dajov\u00e9 bal\u00ed\u010dky jsou ji\u017e nav\u00e1\u017een\u00e9 a zabalen\u00e9 p\u0159\u00edmo od\u00a0p\u011bstitele vakuovou metodou, p\u0159i kter\u00e9 se z bal\u00ed\u010dku odsaje ve\u0161ker\u00fd vzduch. Nespornou p\u0159ednost\u00ed t\u00e9to metody je bezpe\u010dn\u00e9 a neprody\u0161n\u00e9 uzav\u0159en\u00ed \u010daje\u00a0tak, aby jej neovlivnily ne\u017e\u00e1douc\u00ed pachy.<\/p>","protected":false},"excerpt":{"rendered":"<p>Organick\u00fd, tradi\u010dn\u011b, tj. na d\u0159ev\u011bn\u00e9m uhl\u00ed stromu Long An pra\u017een\u00fd, st\u0159edn\u011b oxidovan\u00fd Dong Ding Oolong z kultivaru Qing sin, z Centr\u00e1ln\u00edho poho\u0159\u00ed Taiwanu.<br \/>\nDong Ding je jedn\u00edm ze \u010dty\u0159 tradi\u010dn\u00edch \u010daj\u016f, kter\u00e9 se na Taiwanu v 19. stolet\u00ed za\u010dali p\u011bstovat.<\/p>","protected":false},"featured_media":4822,"comment_status":"open","ping_status":"closed","template":"","meta":{"inline_featured_image":false,"_monsterinsights_skip_tracking":false,"_monsterinsights_sitenote_active":false,"_monsterinsights_sitenote_note":"","_monsterinsights_sitenote_category":0,"_links_to":"","_links_to_target":""},"product_brand":[],"product_cat":[99,112,97],"product_tag":[156,106,107,155,158,157],"class_list":{"0":"post-4775","1":"product","2":"type-product","3":"status-publish","4":"has-post-thumbnail","6":"product_cat-oolongy","7":"product_cat-organic","8":"product_cat-caje","9":"product_tag-dong-ding","10":"product_tag-oolong","11":"product_tag-organicky","12":"product_tag-prazeny","13":"product_tag-tradicni","14":"product_tag-tung-ting","16":"first","17":"instock","18":"shipping-taxable","19":"purchasable","20":"product-type-variable"},"jetpack_sharing_enabled":true,"_links":{"self":[{"href":"https:\/\/www.taiwancha.cz\/en\/wp-json\/wp\/v2\/product\/4775","targetHints":{"allow":["GET"]}}],"collection":[{"href":"https:\/\/www.taiwancha.cz\/en\/wp-json\/wp\/v2\/product"}],"about":[{"href":"https:\/\/www.taiwancha.cz\/en\/wp-json\/wp\/v2\/types\/product"}],"replies":[{"embeddable":true,"href":"https:\/\/www.taiwancha.cz\/en\/wp-json\/wp\/v2\/comments?post=4775"}],"wp:featuredmedia":[{"embeddable":true,"href":"https:\/\/www.taiwancha.cz\/en\/wp-json\/wp\/v2\/media\/4822"}],"wp:attachment":[{"href":"https:\/\/www.taiwancha.cz\/en\/wp-json\/wp\/v2\/media?parent=4775"}],"wp:term":[{"taxonomy":"product_brand","embeddable":true,"href":"https:\/\/www.taiwancha.cz\/en\/wp-json\/wp\/v2\/product_brand?post=4775"},{"taxonomy":"product_cat","embeddable":true,"href":"https:\/\/www.taiwancha.cz\/en\/wp-json\/wp\/v2\/product_cat?post=4775"},{"taxonomy":"product_tag","embeddable":true,"href":"https:\/\/www.taiwancha.cz\/en\/wp-json\/wp\/v2\/product_tag?post=4775"}],"curies":[{"name":"wp","href":"https:\/\/api.w.org\/{rel}","templated":true}]}}