{"id":607,"date":"2020-03-15T15:52:25","date_gmt":"2020-03-15T14:52:25","guid":{"rendered":"https:\/\/staging.taiwancha.cz\/product\/import-placeholder-for-595\/"},"modified":"2026-01-07T10:07:46","modified_gmt":"2026-01-07T09:07:46","slug":"muz-s-fasetovyma-ocima","status":"publish","type":"product","link":"https:\/\/www.taiwancha.cz\/en\/product\/muz-s-fasetovyma-ocima\/","title":{"rendered":"Mu\u017e s fasetov\u00fdma o\u010dima"},"content":{"rendered":"<h4><strong>Autor<\/strong><\/h4>\n<p>Wu Ming-Yi je jeden z nejpopul\u00e1rn\u011bj\u0161\u00edch sou\u010dasn\u00fdch taiwansk\u00fdch autor\u016f, liter\u00e1rn\u00ed teoretik, v\u00e1\u0161niv\u00fd pozorovatel a ochr\u00e1nce p\u0159\u00edrody. Narodil se v roce 1971 na Taiwanu. Doktor\u00e1t z \u010d\u00ednsk\u00e9 literatury z\u00edskal na National Central University. Dlouhodob\u011b p\u0159edn\u00e1\u0161\u00ed na Department of Sinophone Literatures na National Dong Hwa University v Hualienu. Velkou oblibu mu u \u010dten\u00e1\u0159\u016f dos\u00e1hly jeho eseje inspirovan\u00e9 p\u0159\u00edrodou, pov\u00eddkov\u00e9 cykly a pozd\u011bji i rom\u00e1ny, v nich\u017e se m\u00eds\u00ed realismus s fantazi\u00ed, skute\u010dnost se snem; d\u011bjinn\u00e9 ud\u00e1losti se vzpom\u00ednkami i viz\u00ed budoucnosti.<\/p>\n<h4><strong>O knize<br \/>\n<\/strong><\/h4>\n<p>Ve Wu Ming-Yiho rom\u00e1nov\u00e9m sv\u011bt\u011b se iluze, p\u0159edstavy a sny propl\u00e9taj\u00ed s v\u011bdeck\u00fdmi poznatky a \u00favahami a v nov\u00e9m sv\u011btle p\u0159ibli\u017euj\u00ed osudy rom\u00e1nov\u00fdch postav, jejich osobn\u00ed ztr\u00e1ty a slo\u017eit\u00e1 \u017eivotn\u00ed rozhodnut\u00ed. Autorovo origin\u00e1ln\u00ed pojet\u00ed environment\u00e1ln\u00ed literatury n\u00e1m umo\u017e\u0148uje pod\u00edvat se na \u017eivot slo\u017een\u00fdma o\u010dima hmyzu, prozkoum\u00e1vat mo\u017enosti na\u0161ich smysl\u016f a uv\u011bdomovat si, \u017ee sv\u011bt nebyl stvo\u0159en jen pro na\u0161e o\u010di a \u017ee ve sv\u011btle mo\u017en\u00fdch katastrof neexistuje \u017e\u00e1dn\u00fd druh\u00fd.<br \/>\nKultura a p\u0159\u00edroda se propl\u00e9taj\u00ed, a tak ohro\u017een\u00ed jednoho znamen\u00e1 i ohro\u017een\u00ed druh\u00e9ho.<br \/>\nWu Ming-Yi zastupuje novou generaci Taiwanc\u016f, pro kterou environment\u00e1ln\u00ed sm\u00fd\u0161len\u00ed tvo\u0159\u00ed neodd\u011blitelnou sou\u010d\u00e1st identity. Samotn\u00fd rom\u00e1n se odehr\u00e1v\u00e1 p\u0159ev\u00e1\u017en\u011b na v\u00fdchodn\u00edm pob\u0159e\u017e\u00ed Taiwanu, kter\u00e9 v rom\u00e1nu zaplav\u00ed velk\u00e1 tichomo\u0159sk\u00e1 odpadkov\u00e1 skvrna.<\/p>","protected":false},"excerpt":{"rendered":"<p><strong>Mu\u017e s fasetov\u00fdma o\u010dima [\u8907\u773c\u4eba]<\/strong><br \/>\n<strong>Wu Ming-yi [\u5433\u660e\u76ca]<br \/>\n<\/strong><\/p>\n<p>\u010desky<br \/>\n360 stran<br \/>\nMi:Lu Publishing<\/p>\n<p>Ve Wu Ming-Yiho rom\u00e1nov\u00e9m sv\u011bt\u011b se iluze, p\u0159edstavy a sny propl\u00e9taj\u00ed s v\u011bdeck\u00fdmi poznatky a \u00favahami a v nov\u00e9m sv\u011btle p\u0159ibli\u017euj\u00ed osudy rom\u00e1nov\u00fdch postav, jejich osobn\u00ed ztr\u00e1ty a slo\u017eit\u00e1 \u017eivotn\u00ed rozhodnut\u00ed. Autorovo origin\u00e1ln\u00ed pojet\u00ed environment\u00e1ln\u00ed literatury n\u00e1m umo\u017e\u0148uje pod\u00edvat se na \u017eivot slo\u017een\u00fdma o\u010dima hmyzu, prozkoum\u00e1vat mo\u017enosti na\u0161ich smysl\u016f a uv\u011bdomovat si, \u017ee sv\u011bt nebyl stvo\u0159en jen pro na\u0161e o\u010di a \u017ee ve sv\u011btle mo\u017en\u00fdch katastrof neexistuje \u017e\u00e1dn\u00fd druh\u00fd.<br \/>\nWu Ming-Yi zastupuje novou generaci Taiwanc\u016f, pro kterou environment\u00e1ln\u00ed sm\u00fd\u0161len\u00ed tvo\u0159\u00ed neodd\u011blitelnou sou\u010d\u00e1st identity. Samotn\u00fd rom\u00e1n se odehr\u00e1v\u00e1 p\u0159ev\u00e1\u017en\u011b na v\u00fdchodn\u00edm pob\u0159e\u017e\u00ed Taiwanu, kter\u00e9 v rom\u00e1nu zaplav\u00ed velk\u00e1 tichomo\u0159sk\u00e1 odpadkov\u00e1 skvrna.<\/p>","protected":false},"featured_media":772,"comment_status":"open","ping_status":"closed","template":"","meta":{"inline_featured_image":false,"_monsterinsights_skip_tracking":false,"_monsterinsights_sitenote_active":false,"_monsterinsights_sitenote_note":"","_monsterinsights_sitenote_category":0,"_links_to":"","_links_to_target":""},"product_brand":[],"product_cat":[98],"product_tag":[105],"class_list":{"0":"post-607","1":"product","2":"type-product","3":"status-publish","4":"has-post-thumbnail","6":"product_cat-literatura","7":"product_tag-literatura","9":"first","10":"instock","11":"shipping-taxable","12":"purchasable","13":"product-type-simple"},"jetpack_sharing_enabled":true,"_links":{"self":[{"href":"https:\/\/www.taiwancha.cz\/en\/wp-json\/wp\/v2\/product\/607","targetHints":{"allow":["GET"]}}],"collection":[{"href":"https:\/\/www.taiwancha.cz\/en\/wp-json\/wp\/v2\/product"}],"about":[{"href":"https:\/\/www.taiwancha.cz\/en\/wp-json\/wp\/v2\/types\/product"}],"replies":[{"embeddable":true,"href":"https:\/\/www.taiwancha.cz\/en\/wp-json\/wp\/v2\/comments?post=607"}],"wp:featuredmedia":[{"embeddable":true,"href":"https:\/\/www.taiwancha.cz\/en\/wp-json\/wp\/v2\/media\/772"}],"wp:attachment":[{"href":"https:\/\/www.taiwancha.cz\/en\/wp-json\/wp\/v2\/media?parent=607"}],"wp:term":[{"taxonomy":"product_brand","embeddable":true,"href":"https:\/\/www.taiwancha.cz\/en\/wp-json\/wp\/v2\/product_brand?post=607"},{"taxonomy":"product_cat","embeddable":true,"href":"https:\/\/www.taiwancha.cz\/en\/wp-json\/wp\/v2\/product_cat?post=607"},{"taxonomy":"product_tag","embeddable":true,"href":"https:\/\/www.taiwancha.cz\/en\/wp-json\/wp\/v2\/product_tag?post=607"}],"curies":[{"name":"wp","href":"https:\/\/api.w.org\/{rel}","templated":true}]}}