{"id":608,"date":"2020-03-15T15:52:25","date_gmt":"2020-03-15T14:52:25","guid":{"rendered":"https:\/\/staging.taiwancha.cz\/product\/import-placeholder-for-601\/"},"modified":"2026-03-22T11:07:41","modified_gmt":"2026-03-22T10:07:41","slug":"pacificoolong","status":"publish","type":"product","link":"https:\/\/www.taiwancha.cz\/en\/product\/pacificoolong\/","title":{"rendered":"Organick\u00fd Pacific Oolong"},"content":{"rendered":"<p><strong>Organick\u00fd taiwansk\u00fd Pacific Oolong z oblasti Manzhou<\/strong><\/p>\n<p>Tento speci\u00e1ln\u00ed Oolong je p\u011bstov\u00e1n na mal\u00e9 organick\u00e9 farm\u011b v nadmo\u0159sk\u00e9 v\u00fd\u0161ce jen 50 m hned v kopc\u00edch p\u0159i pob\u0159e\u017e\u00ed pacifick\u00e9ho oce\u00e1nu. To mu i dod\u00e1va jeho specifickou, velmi silnou chu\u0165. \u010cajovn\u00edky jsou toti\u017e vystaveny siln\u00e9mu v\u011btru od oce\u00e1nu, kter\u00fd nadn\u00e1\u0161\u00ed s\u016fl z vln a pokr\u00fdv\u00e1 j\u00ed listy \u010daje. To neznamen\u00e1, \u017ee \u010daj je slan\u00fd, ale podm\u00ednky p\u016fdy a podneb\u00ed v\u017edy siln\u011b ovliv\u0148uj\u00ed chu\u0165 \u010daje, tak\u017ee charakter Oolongu z Manzhou (\u010dti: Man\u017eou) by se klidn\u011b dal p\u0159irovnat k siln\u00e9mu trpk\u00e9mu v\u00ednu. D\u00edky tomu z tohoto \u010daje p\u0159ipravit alespo\u0148 10 n\u00e1lev\u016f!<\/p>\n<p><strong>L\u00edstky<\/strong><\/p>\n<p>Jedn\u00e1 se o \u010dajov\u00e9 l\u00edstky z organick\u00e9 farmy, skl\u00e1daj\u00edc\u00ed se z\u00a0jednoho pupenu a dvou list\u016f. L\u00edstky jsou srolovan\u00e9 do drobn\u00fdch kuli\u010dek, co\u017e se anglicky ozna\u010duje jako &#8222;gunpowder tea&#8220;.<\/p>\n<p><strong>P\u0159\u00edprava<\/strong><\/p>\n<p>Na konvi\u010dku o\u00a0objemu 0,25 litru pou\u017eijte 5 gram\u016f \u010daje, zalijte vodou o\u00a0teplot\u011b 90\u2013100\u00a0\u00b0C a\u00a0nechte louhovat cca. minutu. Takto lze postupn\u011b p\u0159ipravit aspo\u0148 10 n\u00e1lev\u016f, co\u017e je pro Oolongy velmi neobvykl\u00e9.<\/p>\n<p><strong>P\u011bstov\u00e1n\u00ed a v\u00fdroba<em><br \/>\n<\/em><\/strong><\/p>\n<div>\n<p>V \u00fanoru 2018 jsme byli nav\u0161t\u00edvit malou organickou farmu, kde se \u010daj p\u011bstuje a kde n\u00e1m farm\u00e1\u0159ka vysv\u011btlila, jak\u00fdm zp\u016fsobem \u010daj zpracov\u00e1v\u00e1. Na na\u0161\u00e9m Facebooku budem zve\u0159ej\u0148ov\u00e1vat cestopis z t\u00e9to \u010dajov\u00e9 v\u00fdpravy.<\/p>\n<\/div>\n<p><strong>Jak \u010daj bal\u00edme a pos\u00edl\u00e1me<\/strong><\/p>\n<p>Objedn\u00e1vky expedujeme ka\u017ed\u00fd pracovn\u00ed den ve 4\u00a0hodiny odpoledne. Kdy\u017e va\u0161e objedn\u00e1vka p\u0159ijde pozd\u011bji, vy\u0159\u00edd\u00edme ji a\u017e dal\u0161\u00ed pracovn\u00ed den. Informace o\u00a0reklamac\u00edch, mo\u017enosti vr\u00e1tit zbo\u017e\u00ed a\u00a0dal\u0161\u00ed podrobnosti najdete v\u00a0<a href=\"https:\/\/www.taiwancha.cz\/en\/terms-and-conditions\/\" target=\"_blank\" rel=\"noopener noreferrer\">obchodn\u00edch podm\u00ednk\u00e1ch<\/a>.<\/p>\n<p>Jednotliv\u00e9 \u010dajov\u00e9 bal\u00ed\u010dky jsou ji\u017e nav\u00e1\u017een\u00e9 a zabalen\u00e9 p\u0159\u00edmo od\u00a0p\u011bstitele vakuovou metodou, p\u0159i kter\u00e9 se z bal\u00ed\u010dku odsaje ve\u0161ker\u00fd vzduch. Nespornou p\u0159ednost\u00ed t\u00e9to metody je bezpe\u010dn\u00e9 a neprody\u0161n\u00e9 uzav\u0159en\u00ed \u010daje\u00a0tak, aby jej neovlivnily ne\u017e\u00e1douc\u00ed pachy.<\/p>","protected":false},"excerpt":{"rendered":"<p>Organick\u00fd Oolong z Manzhou, le\u017e\u00edc\u00ed na pob\u0159e\u017e\u00ed pacifiku na jihu Taiwanu<br \/>\n[\u6709\u6a5f\u70cf\u9f8d\u8336]<\/p>","protected":false},"featured_media":837,"comment_status":"open","ping_status":"closed","template":"","meta":{"inline_featured_image":false,"_monsterinsights_skip_tracking":false,"_monsterinsights_sitenote_active":false,"_monsterinsights_sitenote_note":"","_monsterinsights_sitenote_category":0,"_links_to":"","_links_to_target":""},"product_brand":[],"product_cat":[99,112,97],"product_tag":[106,107],"class_list":{"0":"post-608","1":"product","2":"type-product","3":"status-publish","4":"has-post-thumbnail","6":"product_cat-oolongy","7":"product_cat-organic","8":"product_cat-caje","9":"product_tag-oolong","10":"product_tag-organicky","12":"first","13":"instock","14":"shipping-taxable","15":"purchasable","16":"product-type-variable","17":"has-default-attributes"},"jetpack_sharing_enabled":true,"_links":{"self":[{"href":"https:\/\/www.taiwancha.cz\/en\/wp-json\/wp\/v2\/product\/608","targetHints":{"allow":["GET"]}}],"collection":[{"href":"https:\/\/www.taiwancha.cz\/en\/wp-json\/wp\/v2\/product"}],"about":[{"href":"https:\/\/www.taiwancha.cz\/en\/wp-json\/wp\/v2\/types\/product"}],"replies":[{"embeddable":true,"href":"https:\/\/www.taiwancha.cz\/en\/wp-json\/wp\/v2\/comments?post=608"}],"wp:featuredmedia":[{"embeddable":true,"href":"https:\/\/www.taiwancha.cz\/en\/wp-json\/wp\/v2\/media\/837"}],"wp:attachment":[{"href":"https:\/\/www.taiwancha.cz\/en\/wp-json\/wp\/v2\/media?parent=608"}],"wp:term":[{"taxonomy":"product_brand","embeddable":true,"href":"https:\/\/www.taiwancha.cz\/en\/wp-json\/wp\/v2\/product_brand?post=608"},{"taxonomy":"product_cat","embeddable":true,"href":"https:\/\/www.taiwancha.cz\/en\/wp-json\/wp\/v2\/product_cat?post=608"},{"taxonomy":"product_tag","embeddable":true,"href":"https:\/\/www.taiwancha.cz\/en\/wp-json\/wp\/v2\/product_tag?post=608"}],"curies":[{"name":"wp","href":"https:\/\/api.w.org\/{rel}","templated":true}]}}