{"id":611,"date":"2020-03-15T15:52:26","date_gmt":"2020-03-15T14:52:26","guid":{"rendered":"https:\/\/staging.taiwancha.cz\/product\/import-placeholder-for-624\/"},"modified":"2026-05-13T11:34:56","modified_gmt":"2026-05-13T10:34:56","slug":"cchi-laj","status":"publish","type":"product","link":"https:\/\/www.taiwancha.cz\/en\/product\/cchi-laj\/","title":{"rendered":"Vzpom\u00ednky na horu \u010cchi-laj"},"content":{"rendered":"<h4><strong>Autor<\/strong><\/h4>\n<p>Yang Mu, vlastn\u00edm jm\u00e9nem Wang \u0164ing-sien, se narodil v roce 1940 v Hualienu na Taiwanu. Jako b\u00e1sn\u00edk, esejista, liter\u00e1rn\u00ed kritik a teoretik, ve sv\u00e9 tvorb\u011b spojuje liter\u00e1rn\u00ed erudici s romantick\u00fdm pohledem b\u00e1sn\u00edka, kter\u00fd se nech\u00e1v\u00e1 uchv\u00e1tit krajinou i lidmi a historick\u00fdmi ud\u00e1lostmi.<\/p>\n<h4><strong>O knize<br \/>\n<\/strong><\/h4>\n<p>Jeho kniha Vzpom\u00ednky na horu \u010cchi-laj p\u0159edstavuje prvn\u00ed \u010d\u00e1st jeho pam\u011bt\u00ed, kter\u00e9 zachycuj\u00ed jeho d\u011btstv\u00ed a ml\u00e1d\u00ed str\u00e1ven\u00e9 na v\u00fdchodn\u00edm pob\u0159e\u017e\u00ed Taiwanu. \u010cten\u00e1\u0159 m\u016f\u017ee sledovat, jak se autor\u016fv \u017eivot dot\u00fdk\u00e1 historick\u00fdch ud\u00e1lost\u00ed pov\u00e1le\u010dn\u00e9ho Taiwanu a jak z n\u011bj \u010derp\u00e1 inspiraci pro sv\u00e9 pozd\u011bj\u0161\u00ed um\u011bleck\u00e9 d\u00edlo. Yang Mu se v knize p\u0159edstavuje nejen jako esejista, ale i jako b\u00e1sn\u00edk. Jeho autobiografick\u00e1 pr\u00f3za propojuje romantick\u00e9 a pastor\u00e1ln\u00ed sc\u00e9ny s kritick\u00fdm i ironick\u00fdm nadhledem. I kdy\u017e na sv\u00e9 d\u011btstv\u00ed vzpom\u00edn\u00e1 z perspektivy zral\u00e9ho a zku\u0161en\u00e9ho mu\u017ee, dok\u00e1\u017ee si zachovat otev\u0159enost a \u010distotu d\u011btsk\u00e9 mysli.<br \/>\nKniha zahrnuje t\u0159i sb\u00edrky esej\u016f publikovan\u00fdch v 80. a 90. letech. Dot\u00fdk\u00e1 se pov\u00e1le\u010dn\u00e9 historie Taiwanu a dek\u00f3duje v\u00fdznam historick\u00fdch ud\u00e1lost\u00ed prost\u0159ednictv\u00edm sv\u00e9 osobn\u00ed zku\u0161enosti. Pohledem b\u00e1sn\u00edka se m\u016f\u017eeme bl\u00ed\u017ee sezn\u00e1mit s prom\u011bnami, kter\u00fdmi pro\u0161la taiwansk\u00e1 spole\u010dnost na konci japonsk\u00e9 koloni\u00e1ln\u00ed \u00e9ry a pot\u00e9 pod autorit\u00e1\u0159sk\u00fdm re\u017eimem KMT.<\/p>\n<p>&nbsp;<\/p>\n<p>&nbsp;<\/p>","protected":false},"excerpt":{"rendered":"<p><strong>Vzpom\u00ednky na horu \u010cchi-laj \u5947\u840a\u524d\u66f8<\/strong><br \/>\n<strong>Yang Mu \u694a\u7267<br \/>\n<\/strong><\/p>\n<p>\u010desky<br \/>\n348 stran<br \/>\nMi:Lu Publishing<\/p>\n<p>Kniha p\u0159edstavuje prvn\u00ed \u010d\u00e1st pam\u011bt\u00ed autora a zachycuj\u00ed jeho d\u011btstv\u00ed a ml\u00e1d\u00ed str\u00e1ven\u00e9 na v\u00fdchodn\u00edm pob\u0159e\u017e\u00ed Taiwanu.\u00a0 Dot\u00fdk\u00e1 se pov\u00e1le\u010dn\u00e9 historie Taiwanu a dek\u00f3duje v\u00fdznam historick\u00fdch ud\u00e1lost\u00ed prost\u0159ednictv\u00edm sv\u00e9 osobn\u00ed zku\u0161enosti. Pohledem b\u00e1sn\u00edka se m\u016f\u017eeme bl\u00ed\u017ee sezn\u00e1mit s prom\u011bnami, kter\u00fdmi pro\u0161la taiwansk\u00e1 spole\u010dnost na konci japonsk\u00e9 koloni\u00e1ln\u00ed \u00e9ry a pot\u00e9 pod autorit\u00e1\u0159sk\u00fdm re\u017eimem KMT.<\/p>","protected":false},"featured_media":770,"comment_status":"open","ping_status":"closed","template":"","meta":{"inline_featured_image":false,"_monsterinsights_skip_tracking":false,"_monsterinsights_sitenote_active":false,"_monsterinsights_sitenote_note":"","_monsterinsights_sitenote_category":0,"_links_to":"","_links_to_target":""},"product_brand":[],"product_cat":[98],"product_tag":[105],"class_list":{"0":"post-611","1":"product","2":"type-product","3":"status-publish","4":"has-post-thumbnail","6":"product_cat-literatura","7":"product_tag-literatura","9":"first","10":"instock","11":"shipping-taxable","12":"purchasable","13":"product-type-simple"},"jetpack_sharing_enabled":true,"_links":{"self":[{"href":"https:\/\/www.taiwancha.cz\/en\/wp-json\/wp\/v2\/product\/611","targetHints":{"allow":["GET"]}}],"collection":[{"href":"https:\/\/www.taiwancha.cz\/en\/wp-json\/wp\/v2\/product"}],"about":[{"href":"https:\/\/www.taiwancha.cz\/en\/wp-json\/wp\/v2\/types\/product"}],"replies":[{"embeddable":true,"href":"https:\/\/www.taiwancha.cz\/en\/wp-json\/wp\/v2\/comments?post=611"}],"wp:featuredmedia":[{"embeddable":true,"href":"https:\/\/www.taiwancha.cz\/en\/wp-json\/wp\/v2\/media\/770"}],"wp:attachment":[{"href":"https:\/\/www.taiwancha.cz\/en\/wp-json\/wp\/v2\/media?parent=611"}],"wp:term":[{"taxonomy":"product_brand","embeddable":true,"href":"https:\/\/www.taiwancha.cz\/en\/wp-json\/wp\/v2\/product_brand?post=611"},{"taxonomy":"product_cat","embeddable":true,"href":"https:\/\/www.taiwancha.cz\/en\/wp-json\/wp\/v2\/product_cat?post=611"},{"taxonomy":"product_tag","embeddable":true,"href":"https:\/\/www.taiwancha.cz\/en\/wp-json\/wp\/v2\/product_tag?post=611"}],"curies":[{"name":"wp","href":"https:\/\/api.w.org\/{rel}","templated":true}]}}