{"id":6120,"date":"2024-05-17T17:03:37","date_gmt":"2024-05-17T16:03:37","guid":{"rendered":"https:\/\/www.taiwancha.cz\/?post_type=product&#038;p=6120"},"modified":"2025-11-24T08:00:43","modified_gmt":"2025-11-24T07:00:43","slug":"organicky-bily-caj","status":"publish","type":"product","link":"https:\/\/www.taiwancha.cz\/en\/product\/organicky-bily-caj\/","title":{"rendered":"Organick\u00fd B\u00edl\u00fd \u010daj Pinglin"},"content":{"rendered":"<p>Oragnick\u00fd taiwansk\u00fd b\u00edl\u00fd \u010daj z oblasti Pinglin.<\/p>\n<p>\u010caj je p\u011bstovan\u00fd na mal\u00e9 farm\u011b v nadmo\u0159sk\u00e9 v\u00fd\u0161ce 500 m.n.m. v zelen\u00e9 kopcovit\u00e9 krajin\u011b severn\u00ed \u010d\u00e1sti Taiwanu, pobl\u00ed\u017e m\u011bsta Pinglin. R\u016fznou p\u0159\u00edpravou \u010daje lze dos\u00e1hnout lehkou osv\u011b\u017euj\u00edc\u00ed a\u017e intenzivn\u011b nasl\u00e1dlou chu\u0165.<\/p>\n<p><strong>L\u00edstky<\/strong><\/p>\n<p>L\u00edstky jsou voln\u00e9, nesvinut\u00e9, v\u011bt\u0161inou v p\u00e1ru dvou l\u00edstk\u016f s jedn\u00edm pupenem. V jejich p\u0159\u00edjemn\u011b h\u0159ejiv\u00e9 v\u016fni uc\u00edt\u00edte jemnou sladkost, kter\u00e1 p\u0159edur\u010duje jejich chu\u0165.<\/p>\n<p><strong>P\u0159\u00edprava<\/strong><\/p>\n<p>Na konvi\u010dku o objemu 120 &#8211; 150 ml pou\u017eijte 3-5 gram\u016f \u010daje, zalijte vodou o teplot\u011b 85\u201395 \u00b0C a nechte louhovat cca. minutu. Takto lze postupn\u011b p\u0159ipravit a\u017e 7 n\u00e1lev\u016f. S ka\u017ed\u00fdm n\u00e1levem prodlu\u017ete dobu louhov\u00e1n\u00ed o 15 sekund.<\/p>\n<p><strong>P\u011bstov\u00e1n\u00ed a v\u00fdroba<br \/>\n<\/strong><\/p>\n<div>\n<p>B\u00edl\u00fd \u010daj se zpracov\u00e1v\u00e1 trochu jinak a je t\u0159eba db\u00e1t na opatrnost p\u0159i manipulaci s l\u00edstky. Nechceme tot\u00ed\u017e, aby \u010daj moc oxidoval, a proto se struktura l\u00edstk\u016f nesm\u00ed naru\u0161it. \u0158\u00edk\u00e1 se, \u017ee pokud b\u00edl\u00fd \u010daj nechutn\u00e1 moc dob\u0159e, je to v\u011bt\u0161inou z d\u016fvod\u016f neopatrn\u00fdm zach\u00e1zen\u00edm s l\u00edstky p\u0159i v\u00fdrob\u011b \u010daje. Tak\u017ee jak se b\u00edl\u00fd \u010daj spr\u00e1vn\u011b zpracov\u00e1v\u00e1?<\/p>\n<p>1) Nejprve se natrhaj\u00ed \u010dajov\u00e9 l\u00edstky. Pro b\u00edl\u00fd \u010daj se trh\u00e1 dohromady v\u017edy jeden l\u00edstek s jeden\u00edm pupenem.<\/p>\n<p>2) Pot\u00e9 je \u010daj opatrn\u011b r\u00e1no a ve\u010der po dobu 10 dn\u016f rozlo\u017een na plachty pod \u0161ir\u00fd nebe, aby trochu zavadl. Pro\u010d jen r\u00e1na a ve\u010dery? V tyto denn\u00ed doby slunce nen\u00ed tak siln\u00e9, a \u010daj nepo\u0161kod\u00ed. U b\u00edl\u00e9ho \u010daje ale nechceme, aby moc oxidoval a proto \u010daj nen\u00ed an\u00ed rolov\u00e1n, aby jeho struktura l\u00edstku nebyla naru\u0161ena a neza\u010dala chemick\u00e1 reakce s kysl\u00edkem.<\/p>\n<p>4) A kone\u010dn\u011b jsou l\u00edstky su\u0161eny v horkovzdu\u0161n\u00e9 su\u0161i\u010dce, pro b\u00edl\u00fd \u010daj se ale pou\u017e\u00edv\u00e1 teplota su\u0161en\u00ed jen 50 a\u017e 60 \u00b0C. Hotovo!<\/p>\n<\/div>\n<p><strong>Jak \u010daj bal\u00edme a pos\u00edl\u00e1me<\/strong><\/p>\n<p>Objedn\u00e1vky expedujeme ka\u017ed\u00fd pracovn\u00ed den ve 4\u00a0hodiny odpoledne. Kdy\u017e va\u0161e objedn\u00e1vka p\u0159ijde pozd\u011bji, vy\u0159\u00edd\u00edme ji a\u017e dal\u0161\u00ed pracovn\u00ed den. Informace o\u00a0reklamac\u00edch, mo\u017enosti vr\u00e1tit zbo\u017e\u00ed a\u00a0dal\u0161\u00ed podrobnosti najdete v\u00a0<a href=\"https:\/\/www.taiwancha.cz\/en\/terms-and-conditions\/\" target=\"_blank\" rel=\"noopener noreferrer\">obchodn\u00edch podm\u00ednk\u00e1ch<\/a>.<\/p>\n<p>Jednotliv\u00e9 \u010dajov\u00e9 bal\u00ed\u010dky jsou ji\u017e nav\u00e1\u017een\u00e9 a zabalen\u00e9 p\u0159\u00edmo od\u00a0p\u011bstitele vakuovou metodou, p\u0159i kter\u00e9 se z bal\u00ed\u010dku odsaje ve\u0161ker\u00fd vzduch. Nespornou p\u0159ednost\u00ed t\u00e9to metody je bezpe\u010dn\u00e9 a neprody\u0161n\u00e9 uzav\u0159en\u00ed \u010daje\u00a0tak, aby jej neovlivnily ne\u017e\u00e1douc\u00ed pachy.<\/p>","protected":false},"excerpt":{"rendered":"<p>Organick\u00fd b\u00edl\u00fd \u010daj z oblasti Pinglin na severu Taiwanu<br \/>\n[\u6709\u6a5f\u767d\u8336]<br \/>\n37,5 g<\/p>","protected":false},"featured_media":6122,"comment_status":"open","ping_status":"closed","template":"","meta":{"inline_featured_image":false,"_monsterinsights_skip_tracking":false,"_monsterinsights_sitenote_active":false,"_monsterinsights_sitenote_note":"","_monsterinsights_sitenote_category":0,"_links_to":"","_links_to_target":""},"product_brand":[],"product_cat":[104,112,97],"product_tag":[108,107],"class_list":{"0":"post-6120","1":"product","2":"type-product","3":"status-publish","4":"has-post-thumbnail","6":"product_cat-bily_caj","7":"product_cat-organic","8":"product_cat-caje","9":"product_tag-bily-caj","10":"product_tag-organicky","12":"first","13":"instock","14":"shipping-taxable","15":"purchasable","16":"product-type-simple"},"jetpack_sharing_enabled":true,"_links":{"self":[{"href":"https:\/\/www.taiwancha.cz\/en\/wp-json\/wp\/v2\/product\/6120","targetHints":{"allow":["GET"]}}],"collection":[{"href":"https:\/\/www.taiwancha.cz\/en\/wp-json\/wp\/v2\/product"}],"about":[{"href":"https:\/\/www.taiwancha.cz\/en\/wp-json\/wp\/v2\/types\/product"}],"replies":[{"embeddable":true,"href":"https:\/\/www.taiwancha.cz\/en\/wp-json\/wp\/v2\/comments?post=6120"}],"wp:featuredmedia":[{"embeddable":true,"href":"https:\/\/www.taiwancha.cz\/en\/wp-json\/wp\/v2\/media\/6122"}],"wp:attachment":[{"href":"https:\/\/www.taiwancha.cz\/en\/wp-json\/wp\/v2\/media?parent=6120"}],"wp:term":[{"taxonomy":"product_brand","embeddable":true,"href":"https:\/\/www.taiwancha.cz\/en\/wp-json\/wp\/v2\/product_brand?post=6120"},{"taxonomy":"product_cat","embeddable":true,"href":"https:\/\/www.taiwancha.cz\/en\/wp-json\/wp\/v2\/product_cat?post=6120"},{"taxonomy":"product_tag","embeddable":true,"href":"https:\/\/www.taiwancha.cz\/en\/wp-json\/wp\/v2\/product_tag?post=6120"}],"curies":[{"name":"wp","href":"https:\/\/api.w.org\/{rel}","templated":true}]}}