{"id":6130,"date":"2024-05-22T10:42:46","date_gmt":"2024-05-22T09:42:46","guid":{"rendered":"https:\/\/www.taiwancha.cz\/?post_type=product&#038;p=6130"},"modified":"2025-11-24T08:00:46","modified_gmt":"2025-11-24T07:00:46","slug":"organicky-pinglin-baozhong","status":"publish","type":"product","link":"https:\/\/www.taiwancha.cz\/en\/product\/organicky-pinglin-baozhong\/","title":{"rendered":"Organick\u00fd Pinglin Baozhong"},"content":{"rendered":"<p><strong>Organick\u00fd Baozhong Oolong<\/strong><\/p>\n<p>Baozhong\/Pouchong je jedn\u00edm ze \u010dty\u0159 tradi\u010dn\u00edch druh\u016f \u010daje, kter\u00e9 se na Taiwanu v 18. a\u017e 19. stolet\u00ed za\u010dali p\u011bstovat. Jedn\u00e1 se o jemn\u011b oxidovan\u00fd Oolong, oxidov\u00e1n na m\u00edrn\u00fdch 10-15%, co\u017e ho \u0159ad\u00ed bl\u00edzko k zelen\u00fdm \u010daj\u016fm a co\u017e mu dod\u00e1v\u00e1 jeho &#8222;zelen\u011bj\u0161\u00ed&#8220;, sv\u011b\u017e\u00ed chu\u0165. Je p\u011bstov\u00e1n na mal\u00e9 organick\u00e9 farm\u011b v nadmo\u0159sk\u00e9 v\u00fd\u0161ce 300 m v severn\u00ed \u010d\u00e1sti Taiwanu v oblasti Pinglin. Tento Baozhong je zpracov\u00e1n z l\u00edstk\u016f kultivaru Jin Xuan #12 \u010di Cui Yu #12.<\/p>\n<p><strong>L\u00edstky<\/strong><\/p>\n<p>Jedn\u00e1 se o \u010dajov\u00e9 l\u00edstky z organick\u00e9 farmy. L\u00edstky jsou svinut\u00e9 do v\u011btvi\u010dek (twisted leaves). Dal\u0161\u00ed info viz podrobnosti.<\/p>\n<p><strong>P\u0159\u00edprava<\/strong><\/p>\n<p>Na konvi\u010dku o objemu 0,15 &#8211; 0,2 litru pou\u017eijte 5-7 gram\u016f \u010daje, zalijte vodou o teplot\u011b 85\u2013100 \u00b0C a nechte louhovat cca. minutu. Takto lze postupn\u011b p\u0159ipravit 5 a\u017e 7 n\u00e1lev\u016f. S ka\u017ed\u00fdm n\u00e1levem prodlu\u017ete dobu louhov\u00e1n\u00ed o cca 15s.<\/p>\n<p><strong>P\u011bstov\u00e1n\u00ed a v\u00fdroba<em><br \/>\n<\/em><\/strong><\/p>\n<div>\n<p>V roce 2021 jsme tuto malou organickou farmu objevili p\u0159i proj\u00ed\u017edce na motorce m\u00edstn\u00edma kopcema, a z\u00e1hy nav\u0161t\u00edvili nechali si uk\u00e1zat, kde se \u010daj p\u011bstuje jak\u00fdm zp\u016fsobem se \u010daj sb\u00edr\u00e1 a zpracov\u00e1v\u00e1. Informace v\u00e1m r\u00e1di nasd\u00edl\u00edme, m\u016f\u017eete se tak\u00e9 pod\u00edvat na n\u00e1\u0161 <a href=\"http:\/\/www.facebook.com\/taiwanchaj\">Facebooku<\/a>, kde o \u010daji p\u00ed\u0161eme.<\/p>\n<\/div>\n<p><strong>Jak \u010daj bal\u00edme a pos\u00edl\u00e1me<\/strong><\/p>\n<p>Objedn\u00e1vky expedujeme ka\u017ed\u00fd pracovn\u00ed den ve 4\u00a0hodiny odpoledne. Kdy\u017e va\u0161e objedn\u00e1vka p\u0159ijde pozd\u011bji, vy\u0159\u00edd\u00edme ji a\u017e dal\u0161\u00ed pracovn\u00ed den. Informace o\u00a0reklamac\u00edch, mo\u017enosti vr\u00e1tit zbo\u017e\u00ed a\u00a0dal\u0161\u00ed podrobnosti najdete v\u00a0<a href=\"https:\/\/www.taiwancha.cz\/en\/terms-and-conditions\/\" target=\"_blank\" rel=\"noopener noreferrer\">obchodn\u00edch podm\u00ednk\u00e1ch<\/a>.<\/p>\n<p>Jednotliv\u00e9 \u010dajov\u00e9 bal\u00ed\u010dky jsou ji\u017e nav\u00e1\u017een\u00e9 a zabalen\u00e9 p\u0159\u00edmo od\u00a0p\u011bstitele vakuovou metodou, p\u0159i kter\u00e9 se z bal\u00ed\u010dku odsaje ve\u0161ker\u00fd vzduch. Nespornou p\u0159ednost\u00ed t\u00e9to metody je bezpe\u010dn\u00e9 a neprody\u0161n\u00e9 uzav\u0159en\u00ed \u010daje\u00a0tak, aby jej neovlivnily ne\u017e\u00e1douc\u00ed pachy.<\/p>","protected":false},"excerpt":{"rendered":"<p>Organick\u00fd, lehce oxidovan\u00fd Baozhong \/ Pouchong Oolong z kultivaru Jinxuan #12 \u010di Cui Yu #13 (zvolte variantu) , ze severo-taiwansk\u00e9ho Pinglinu.<br \/>\nBaozhong je jedn\u00edm ze \u010dty\u0159 tradi\u010dn\u00edch \u010daj\u016f, kter\u00e9 se na Taiwanu v 19.s tolet\u00ed za\u010dali p\u011bstovat.<\/p>","protected":false},"featured_media":4202,"comment_status":"open","ping_status":"closed","template":"","meta":{"inline_featured_image":false,"_monsterinsights_skip_tracking":false,"_monsterinsights_sitenote_active":false,"_monsterinsights_sitenote_note":"","_monsterinsights_sitenote_category":0,"_links_to":"","_links_to_target":""},"product_brand":[],"product_cat":[99,112,97],"product_tag":[151,106,107],"class_list":{"0":"post-6130","1":"product","2":"type-product","3":"status-publish","4":"has-post-thumbnail","6":"product_cat-oolongy","7":"product_cat-organic","8":"product_cat-caje","9":"product_tag-baozhong","10":"product_tag-oolong","11":"product_tag-organicky","13":"first","14":"instock","15":"shipping-taxable","16":"purchasable","17":"product-type-variable"},"jetpack_sharing_enabled":true,"_links":{"self":[{"href":"https:\/\/www.taiwancha.cz\/en\/wp-json\/wp\/v2\/product\/6130","targetHints":{"allow":["GET"]}}],"collection":[{"href":"https:\/\/www.taiwancha.cz\/en\/wp-json\/wp\/v2\/product"}],"about":[{"href":"https:\/\/www.taiwancha.cz\/en\/wp-json\/wp\/v2\/types\/product"}],"replies":[{"embeddable":true,"href":"https:\/\/www.taiwancha.cz\/en\/wp-json\/wp\/v2\/comments?post=6130"}],"wp:featuredmedia":[{"embeddable":true,"href":"https:\/\/www.taiwancha.cz\/en\/wp-json\/wp\/v2\/media\/4202"}],"wp:attachment":[{"href":"https:\/\/www.taiwancha.cz\/en\/wp-json\/wp\/v2\/media?parent=6130"}],"wp:term":[{"taxonomy":"product_brand","embeddable":true,"href":"https:\/\/www.taiwancha.cz\/en\/wp-json\/wp\/v2\/product_brand?post=6130"},{"taxonomy":"product_cat","embeddable":true,"href":"https:\/\/www.taiwancha.cz\/en\/wp-json\/wp\/v2\/product_cat?post=6130"},{"taxonomy":"product_tag","embeddable":true,"href":"https:\/\/www.taiwancha.cz\/en\/wp-json\/wp\/v2\/product_tag?post=6130"}],"curies":[{"name":"wp","href":"https:\/\/api.w.org\/{rel}","templated":true}]}}