{"id":6140,"date":"2024-05-27T11:15:44","date_gmt":"2024-05-27T10:15:44","guid":{"rendered":"https:\/\/www.taiwancha.cz\/?post_type=product&#038;p=6140"},"modified":"2025-02-06T17:44:58","modified_gmt":"2025-02-06T16:44:58","slug":"konvicka-bila","status":"publish","type":"product","link":"https:\/\/www.taiwancha.cz\/en\/product\/konvicka-bila\/","title":{"rendered":"\u010cajov\u00e1 Konvi\u010dka b\u00e9\u017eov\u00e1"},"content":{"rendered":"<p>Keramick\u00e1 \u010dajov\u00e1 konvi\u010dka z Taiwanu.<\/p>\n<p>Objem: 130 ml<br \/>\nPr\u016fm\u011br: 6,5 cm<br \/>\nD\u00e9lka: 11,0 cm<br \/>\nV\u00fd\u0161ka: 6,0 cm<\/p>\n<p>&nbsp;<\/p>","protected":false},"excerpt":{"rendered":"<p>Keramick\u00e1 \u010dajov\u00e1 konvi\u010dka ide\u00e1ln\u00ed na p\u0159\u00edpravu \u010daje. Uvnit\u0159 p\u00f3rovit\u00e1.<\/p>","protected":false},"featured_media":6304,"comment_status":"open","ping_status":"closed","template":"","meta":{"inline_featured_image":false,"_monsterinsights_skip_tracking":false,"_monsterinsights_sitenote_active":false,"_monsterinsights_sitenote_note":"","_monsterinsights_sitenote_category":0,"_links_to":"","_links_to_target":""},"product_brand":[],"product_cat":[147,102],"product_tag":[144,141,161,148],"class_list":{"0":"post-6140","1":"product","2":"type-product","3":"status-publish","4":"has-post-thumbnail","6":"product_cat-keramika","7":"product_cat-nacini","8":"product_tag-doplnky","9":"product_tag-keramika","10":"product_tag-konvicka","11":"product_tag-nacini","13":"first","14":"instock","15":"shipping-taxable","16":"purchasable","17":"product-type-simple"},"jetpack_sharing_enabled":true,"_links":{"self":[{"href":"https:\/\/www.taiwancha.cz\/en\/wp-json\/wp\/v2\/product\/6140","targetHints":{"allow":["GET"]}}],"collection":[{"href":"https:\/\/www.taiwancha.cz\/en\/wp-json\/wp\/v2\/product"}],"about":[{"href":"https:\/\/www.taiwancha.cz\/en\/wp-json\/wp\/v2\/types\/product"}],"replies":[{"embeddable":true,"href":"https:\/\/www.taiwancha.cz\/en\/wp-json\/wp\/v2\/comments?post=6140"}],"wp:featuredmedia":[{"embeddable":true,"href":"https:\/\/www.taiwancha.cz\/en\/wp-json\/wp\/v2\/media\/6304"}],"wp:attachment":[{"href":"https:\/\/www.taiwancha.cz\/en\/wp-json\/wp\/v2\/media?parent=6140"}],"wp:term":[{"taxonomy":"product_brand","embeddable":true,"href":"https:\/\/www.taiwancha.cz\/en\/wp-json\/wp\/v2\/product_brand?post=6140"},{"taxonomy":"product_cat","embeddable":true,"href":"https:\/\/www.taiwancha.cz\/en\/wp-json\/wp\/v2\/product_cat?post=6140"},{"taxonomy":"product_tag","embeddable":true,"href":"https:\/\/www.taiwancha.cz\/en\/wp-json\/wp\/v2\/product_tag?post=6140"}],"curies":[{"name":"wp","href":"https:\/\/api.w.org\/{rel}","templated":true}]}}