{"id":615,"date":"2020-03-15T15:52:27","date_gmt":"2020-03-15T14:52:27","guid":{"rendered":"https:\/\/staging.taiwancha.cz\/product\/import-placeholder-for-636\/"},"modified":"2026-01-09T13:44:21","modified_gmt":"2026-01-09T12:44:21","slug":"laska-bileho-jelena","status":"publish","type":"product","link":"https:\/\/www.taiwancha.cz\/en\/product\/laska-bileho-jelena\/","title":{"rendered":"L\u00e1ska b\u00edl\u00e9ho jelena"},"content":{"rendered":"<p>Rom\u00e1n <em>L\u00e1ska b\u00edl\u00e9ho jelena<\/em> (2012), jeho\u017e d\u011bj se odehr\u00e1v\u00e1 v polovin\u011b sedmn\u00e1ct\u00e9ho stolet\u00ed, je jednak poutav\u00fdm vypr\u00e1v\u011bn\u00edm o l\u00e1sce a mezilidsk\u00fdch vztaz\u00edch, jak je pro\u017e\u00edvali autorovi p\u0159edkov\u00e9, a z\u00e1rove\u0148 zachycuje historicky prvn\u00ed setk\u00e1n\u00ed kmene Damalakaw s Holan\u010fany a jejich n\u00e1sledn\u00e9 ozbrojen\u00e9 st\u0159etnut\u00ed. Vedle ka\u017edodenn\u00edho \u017eivota a kmenov\u00fdch zvyklost\u00ed Badai barvit\u011b popisuje t\u00e9\u017e \u0161amansk\u00e9 praktiky damalakawsk\u00fdch \u017een, ale i neohro\u017eenost domorod\u00fdch lovc\u016f a v\u00e1le\u010dn\u00edk\u016f, kte\u0159\u00ed nev\u00e1haj\u00ed polo\u017eit \u017eivot za sv\u00e9 rodiny a za p\u0159e\u017eit\u00ed cel\u00e9ho kmene.<\/p>\n<p><strong>Autor<\/strong><br \/>\nBadai\u00a0 \u5df4\u4ee3 (1962\u2013) z domorod\u00e9ho kmene Puyuma pat\u0159\u00ed mezi p\u0159edn\u00ed sou\u010dasn\u00e9 tchajwansk\u00e9 spisovatele. Dlouhou dobu p\u016fsobil v arm\u00e1d\u011b, pozd\u011bji se za\u010dal v\u011bnovat literatu\u0159e profesion\u00e1ln\u011b. Je zn\u00e1m\u00fd jako autor pov\u00eddek, a p\u0159edev\u0161\u00edm historick\u00fdch rom\u00e1n\u016f, v nich\u017e systematicky zachycuje kulturn\u00ed specifika a d\u011bjiny sv\u00e9ho lidu.<\/p>\n<p><strong>Uk\u00e1zka z knihy<\/strong><\/p>\n<p><em>Toho ve\u010dera usnula Luklug je\u0161t\u011b p\u0159ed setm\u011bn\u00edm. Brzy se j\u00ed op\u011bt za\u010dal zd\u00e1t ten podivn\u00fd sen. Vid\u011bla sama sebe, jak ji za \u010dasn\u00e9ho r\u00e1na sv\u00edr\u00e1 v n\u00e1ru\u010d\u00ed statn\u00fd mu\u017e. Sed\u011bli spolu na velk\u00e9m kameni u spodn\u00edho toku \u0159eky\u00a0 alugu. \u010cekali, a\u017e vyjde slunce, a po\u010d\u00edtali siky, kter\u00e9 se p\u00e1sly na travnat\u00e9 planin\u011b na v\u00fdchod od kmenov\u00e9 sady. Mu\u017e se k n\u00ed n\u00e1hle oto\u010dil a ona uc\u00edtila na tv\u00e1\u0159i jeho dech. C\u00edtila, jak cel\u00e1 ochabuje, jako by m\u011bla rozt\u00e1t, a bezd\u011bky zav\u0159ela o\u010di\u2026 Znenad\u00e1n\u00ed je obklopil hlasit\u00fd k\u0159ik. Okam\u017eit\u011b otev\u0159ela o\u010di a zjistila, \u017ee stoj\u00ed sama uprost\u0159ed \u0159\u00ed\u010dky. Trnit\u00e9 bambusy kolem osady ho\u0159ely a \u0161lehaj\u00edc\u00ed rud\u00e9 plameny se \u0161\u00ed\u0159ily v\u0161emi sm\u011bry. V z\u00e1\u0159i ohn\u011b vid\u011bla spoustu lid\u00ed, jak vystra\u0161en\u011b ut\u00edkaj\u00ed a k\u0159i\u010d\u00ed. Cht\u011bla tak\u00e9 vyk\u0159iknout, ale to u\u017e si v\u0161imla, \u017ee i ze v\u0161ech dom\u016f stoup\u00e1 \u010dern\u00fd d\u00fdm. Osada byla pr\u00e1zdn\u00e1, dokonce i vr\u00e1ny a vrabci ztichli, jako by se po nich slehla zem\u2026<\/em><\/p>","protected":false},"excerpt":{"rendered":"<p><strong>L\u00e1ska b\u00edl\u00e9ho jelena \u767d\u9e7f\u4e4b\u611b<\/strong><br \/>\n<strong>Badai \u5df4\u4ee3<\/strong><\/p>\n<p>\u010desky<br \/>\n328 stran<br \/>\nIFP Publishing<\/p>\n<p>Autor Badai zastupuje \u010d\u00e1st obyvatel Taiwanu, kter\u00e1 zde \u017eije ji\u017e v\u00edce jak 5000 let: domorod\u00e9 etnikum. Jeho d\u00edlo nahl\u00ed\u017e\u00ed do obdob\u00ed 17. stolet\u00ed, do oblasti dne\u0161n\u00edho Taitungu, kdy se kmen Damalakaw poprv\u00e9 st\u0159et\u00e1v\u00e1 s &#8222;cizinci&#8220;, s Nizozemskou V\u00fdchodoindickou spole\u010dnost\u00ed, kter\u00e1 p\u0159iplula na v\u00fdchodn\u00ed pob\u0159e\u017e\u00ed Taiwanu hledat zlato.<\/p>","protected":false},"featured_media":761,"comment_status":"open","ping_status":"closed","template":"","meta":{"inline_featured_image":false,"_monsterinsights_skip_tracking":false,"_monsterinsights_sitenote_active":false,"_monsterinsights_sitenote_note":"","_monsterinsights_sitenote_category":0,"_links_to":"","_links_to_target":""},"product_brand":[],"product_cat":[98],"product_tag":[105],"class_list":{"0":"post-615","1":"product","2":"type-product","3":"status-publish","4":"has-post-thumbnail","6":"product_cat-literatura","7":"product_tag-literatura","9":"first","10":"outofstock","11":"shipping-taxable","12":"purchasable","13":"product-type-simple"},"jetpack_sharing_enabled":true,"_links":{"self":[{"href":"https:\/\/www.taiwancha.cz\/en\/wp-json\/wp\/v2\/product\/615","targetHints":{"allow":["GET"]}}],"collection":[{"href":"https:\/\/www.taiwancha.cz\/en\/wp-json\/wp\/v2\/product"}],"about":[{"href":"https:\/\/www.taiwancha.cz\/en\/wp-json\/wp\/v2\/types\/product"}],"replies":[{"embeddable":true,"href":"https:\/\/www.taiwancha.cz\/en\/wp-json\/wp\/v2\/comments?post=615"}],"wp:featuredmedia":[{"embeddable":true,"href":"https:\/\/www.taiwancha.cz\/en\/wp-json\/wp\/v2\/media\/761"}],"wp:attachment":[{"href":"https:\/\/www.taiwancha.cz\/en\/wp-json\/wp\/v2\/media?parent=615"}],"wp:term":[{"taxonomy":"product_brand","embeddable":true,"href":"https:\/\/www.taiwancha.cz\/en\/wp-json\/wp\/v2\/product_brand?post=615"},{"taxonomy":"product_cat","embeddable":true,"href":"https:\/\/www.taiwancha.cz\/en\/wp-json\/wp\/v2\/product_cat?post=615"},{"taxonomy":"product_tag","embeddable":true,"href":"https:\/\/www.taiwancha.cz\/en\/wp-json\/wp\/v2\/product_tag?post=615"}],"curies":[{"name":"wp","href":"https:\/\/api.w.org\/{rel}","templated":true}]}}