{"id":616,"date":"2020-03-15T15:52:27","date_gmt":"2020-03-15T14:52:27","guid":{"rendered":"https:\/\/staging.taiwancha.cz\/product\/import-placeholder-for-638\/"},"modified":"2026-01-07T10:07:46","modified_gmt":"2026-01-07T09:07:46","slug":"rybari","status":"publish","type":"product","link":"https:\/\/www.taiwancha.cz\/en\/product\/rybari\/","title":{"rendered":"Ryb\u00e1\u0159i"},"content":{"rendered":"<h4><strong>Autor<\/strong><\/h4>\n<p>Liao Chung-\u0165i se narodil v roce 1957 v Chua-lienu na Tchaj-wanu. Ve sv\u00fdch 35 letech se rozhodl st\u00e1t se ryb\u00e1\u0159em. Tuto zku\u0161enost pozd\u011bji zachytil v \u0159ad\u011b pov\u00eddek inspirovan\u00fdch \u017eivotem ryb\u00e1\u0159\u016f a jejich vztahem k mo\u0159i a jeho obyvatel\u016fm. V roce 1996 zalo\u017eil organizaci na podporu velryb a za\u010dal se v\u011bnovat pozorov\u00e1n\u00ed kytovc\u016f a jejich ochran\u011b. V roce 1998 byl u zrodu nadace Kuroshio Ocean Education Foundation a p\u016fsobil jako jej\u00ed gener\u00e1ln\u00ed \u0159editel. Pod\u00edlel se na akademick\u00e9m v\u00fdzkumu a mapov\u00e1n\u00ed kytovc\u016f na v\u00fdchodn\u00edm pob\u0159e\u017e\u00ed Tchaj-wanu. Vedle pov\u00eddek se v\u011bnuje i psan\u00ed esej\u016f. Dosud vydal na dvacet knih. Za svou tvorbu na Tchaj-wanu z\u00edskal \u0159adu liter\u00e1rn\u00edch ocen\u011bn\u00ed.<\/p>\n<h4><strong>O knize<br \/>\n<\/strong><\/h4>\n<p>Pov\u00eddky tchajwansk\u00e9ho spisovatele, n\u00e1mo\u0159n\u00edka a ochr\u00e1nce p\u0159\u00edrody Liao Chung-\u0165iho p\u0159ibli\u017euj\u00ed \u017eivot dne\u0161n\u00edch ryb\u00e1\u0159\u016f, pro n\u011b\u017e je mo\u0159e ob\u017eivou i proklet\u00edm. Ve sv\u00fdch textech autor z\u00faro\u010duje vlastn\u00ed pracovn\u00ed zku\u0161enosti a otev\u00edr\u00e1 sv\u011bt lid\u00ed, jejich\u017e ka\u017edodennost se v\u00fdrazn\u011b li\u0161\u00ed od t\u00e9 na\u0161\u00ed, suchozemsk\u00e9. [zdroj: iliteratura.cz]","protected":false},"excerpt":{"rendered":"<p><strong>Ryb\u00e1\u0159\u00ed \u8a0e\u6d77\u4eba<\/strong><br \/>\n<strong>Liao Chung-\u0165i \u5ed6\u9d3b\u57fa<br \/>\n<\/strong><\/p>\n<p>\u010desky<br \/>\n192 stran<br \/>\nMi:Lu Publishing<\/p>\n<p>Pov\u00eddky tchajwansk\u00e9ho spisovatele, n\u00e1mo\u0159n\u00edka a ochr\u00e1nce p\u0159\u00edrody Liao Chung-\u0165iho p\u0159ibli\u017euj\u00ed \u017eivot dne\u0161n\u00edch ryb\u00e1\u0159\u016f, pro n\u011b\u017e je mo\u0159e ob\u017eivou i proklet\u00edm. Ve sv\u00fdch textech autor z\u00faro\u010duje vlastn\u00ed pracovn\u00ed zku\u0161enosti a otev\u00edr\u00e1 sv\u011bt lid\u00ed, jejich\u017e ka\u017edodennost se v\u00fdrazn\u011b li\u0161\u00ed od t\u00e9 na\u0161\u00ed, suchozemsk\u00e9.<\/p>","protected":false},"featured_media":675,"comment_status":"open","ping_status":"closed","template":"","meta":{"inline_featured_image":false,"_monsterinsights_skip_tracking":false,"_monsterinsights_sitenote_active":false,"_monsterinsights_sitenote_note":"","_monsterinsights_sitenote_category":0,"_links_to":"","_links_to_target":""},"product_brand":[],"product_cat":[98],"product_tag":[105],"class_list":{"0":"post-616","1":"product","2":"type-product","3":"status-publish","4":"has-post-thumbnail","6":"product_cat-literatura","7":"product_tag-literatura","9":"first","10":"instock","11":"shipping-taxable","12":"purchasable","13":"product-type-simple"},"jetpack_sharing_enabled":true,"_links":{"self":[{"href":"https:\/\/www.taiwancha.cz\/en\/wp-json\/wp\/v2\/product\/616","targetHints":{"allow":["GET"]}}],"collection":[{"href":"https:\/\/www.taiwancha.cz\/en\/wp-json\/wp\/v2\/product"}],"about":[{"href":"https:\/\/www.taiwancha.cz\/en\/wp-json\/wp\/v2\/types\/product"}],"replies":[{"embeddable":true,"href":"https:\/\/www.taiwancha.cz\/en\/wp-json\/wp\/v2\/comments?post=616"}],"wp:featuredmedia":[{"embeddable":true,"href":"https:\/\/www.taiwancha.cz\/en\/wp-json\/wp\/v2\/media\/675"}],"wp:attachment":[{"href":"https:\/\/www.taiwancha.cz\/en\/wp-json\/wp\/v2\/media?parent=616"}],"wp:term":[{"taxonomy":"product_brand","embeddable":true,"href":"https:\/\/www.taiwancha.cz\/en\/wp-json\/wp\/v2\/product_brand?post=616"},{"taxonomy":"product_cat","embeddable":true,"href":"https:\/\/www.taiwancha.cz\/en\/wp-json\/wp\/v2\/product_cat?post=616"},{"taxonomy":"product_tag","embeddable":true,"href":"https:\/\/www.taiwancha.cz\/en\/wp-json\/wp\/v2\/product_tag?post=616"}],"curies":[{"name":"wp","href":"https:\/\/api.w.org\/{rel}","templated":true}]}}