{"id":624,"date":"2020-03-15T15:53:02","date_gmt":"2020-03-15T14:53:02","guid":{"rendered":"https:\/\/staging.taiwancha.cz\/product\/import-placeholder-for-649\/"},"modified":"2026-01-10T18:09:46","modified_gmt":"2026-01-10T17:09:46","slug":"zeleny-biluochun","status":"publish","type":"product","link":"https:\/\/www.taiwancha.cz\/en\/product\/zeleny-biluochun\/","title":{"rendered":"Organick\u00fd zelen\u00fd \u010daj Bi Luo Chun"},"content":{"rendered":"<p>Oragnick\u00fd taiwansk\u00fd zelen\u00fd \u010daj Bi Luo Chun z oblasti San Xia.<\/p>\n<p>\u010caj je p\u011bstovan\u00fd na mal\u00e9 farm\u011b v nadmo\u0159sk\u00e9 v\u00fd\u0161ce 250 m.n.m. v zelen\u00e9 kopcovit\u00e9 krajin\u011b severn\u00ed \u010d\u00e1sti Taiwanu, pobl\u00ed\u017e m\u011bsta San Xia. R\u016fznou p\u0159\u00edpravou \u010daje lze dos\u00e1hnout lehkou osv\u011b\u017euj\u00edc\u00ed a\u017e intenzivn\u00ed nasl\u00e1dlou chu\u0165. M\u016f\u017eete se i pod\u00edvat na <a href=\"https:\/\/youtu.be\/nTixAapTduk\">video<\/a> z na\u0161\u00ed n\u00e1v\u0161t\u011bvy t\u00e9to farmy.<\/p>\n<p><strong>L\u00edstky<\/strong><\/p>\n<p>L\u00edstky jsou voln\u00e9, nesvinut\u00e9, v\u017edy v p\u00e1ru dvou l\u00edstku s jedn\u00edm pupenem. V\u00a0jejich p\u0159\u00edjemn\u011b h\u0159ejiv\u00e9 v\u016fni uc\u00edt\u00edte jemnou sladkost, kter\u00e1 p\u0159edur\u010duje jejich chu\u0165.<\/p>\n<p><strong>P\u0159\u00edprava<\/strong><\/p>\n<p>Na konvi\u010dku o objemu 0,25 litru pou\u017eijte 3 gram\u016f \u010daje, zalijte vodou o teplot\u011b 90\u2013100 \u00b0C a nechte louhovat cca. minutu. Takto lze postupn\u011b p\u0159ipravit a\u017e 6 n\u00e1lev\u016f.<\/p>\n<p><strong>P\u011bstov\u00e1n\u00ed a v\u00fdroba<br \/>\n<\/strong><\/p>\n<div>\n<p>V \u00fanoru 2018 jsme byli nav\u0161t\u00edvit malou organickou farmu, kde se \u010daj p\u011bstuje a farm\u00e1\u0159 Chang Jun n\u00e1m vysv\u011btlil, jak\u00fdm zp\u016fsobem \u010daj zpracov\u00e1v\u00e1. M\u016f\u017eete se i pod\u00edvat na <a href=\"https:\/\/youtu.be\/nTixAapTduk\">video<\/a> z na\u0161\u00ed n\u00e1v\u0161t\u011bvy.<\/p>\n<p>Zelen\u00fd \u010daj se zpracov\u00e1v\u00e1 trochu jinak ne\u017e Oolong, farm\u00e1\u0159 ze San Xia vysv\u011btluje:<\/p>\n<p>1) \u010cajov\u00e9 l\u00edstky jsou sklizeny a opatrn\u011b polo\u017eeny na velk\u00e9 kulat\u00e9 bambusov\u00e9 t\u00e1ce na kter\u00fdch jsou 6 a\u017e 8 hodin su\u0161eny a kde ztrat\u00ed p\u0159ibli\u017en\u011b \u010dtvrtinu sv\u00e9 vlhkosti. Tomu se \u0159\u00edk\u00e1 zavadnut\u00ed.<\/p>\n<p>2) Pot\u00e9 je \u010daj napa\u0159ov\u00e1n v cylindrick\u00fdm stroji p\u0159i teplot\u00e1ch 280 \u00b0C po dobu cca. p\u011bti minut. Cylindrick\u00fd p\u0159\u00edstroj nahradil tradi\u010dn\u00ed \u201dpe\u010den\u00ed\u201d \u010daje na p\u00e1nvi.<\/p>\n<p>3) Pot\u00e9 je \u010daj rolov\u00e1n nebo\u00a0svinov\u00e1n, aby z\u00edskal sv\u016fj kone\u010dn\u00fd tvar. D\u00edky tomu jsou \u010dajov\u00e9 l\u00edstky m\u00e9n\u011b n\u00e1chyln\u00e9 na po\u0161kozen\u00ed p\u0159i balen\u00ed a transportu.<\/p>\n<p>4) A nakonec jsou l\u00edstky su\u0161eny hork\u00fdm vzduchem ve t\u0159ech kroc\u00edch o teplot\u00e1ch 100, 90 a 85 \u00b0C, v\u017edy po jednu hodinu. To se d\u011bje ve speci\u00e1ln\u00edm p\u0159\u00edstroji. Hotovo!<\/p>\n<\/div>\n<p><strong>Jak \u010daj bal\u00edme a pos\u00edl\u00e1me<\/strong><\/p>\n<p>Objedn\u00e1vky expedujeme ka\u017ed\u00fd pracovn\u00ed den ve 4\u00a0hodiny odpoledne. Kdy\u017e va\u0161e objedn\u00e1vka p\u0159ijde pozd\u011bji, vy\u0159\u00edd\u00edme ji a\u017e dal\u0161\u00ed pracovn\u00ed den. Informace o\u00a0reklamac\u00edch, mo\u017enosti vr\u00e1tit zbo\u017e\u00ed a\u00a0dal\u0161\u00ed podrobnosti najdete v\u00a0<a href=\"https:\/\/www.taiwancha.cz\/en\/terms-and-conditions\/\" target=\"_blank\" rel=\"noopener noreferrer\">obchodn\u00edch podm\u00ednk\u00e1ch<\/a>.<\/p>\n<p>Jednotliv\u00e9 \u010dajov\u00e9 bal\u00ed\u010dky jsou ji\u017e nav\u00e1\u017een\u00e9 a zabalen\u00e9 p\u0159\u00edmo od\u00a0p\u011bstitele vakuovou metodou, p\u0159i kter\u00e9 se z bal\u00ed\u010dku odsaje ve\u0161ker\u00fd vzduch. Nespornou p\u0159ednost\u00ed t\u00e9to metody je bezpe\u010dn\u00e9 a neprody\u0161n\u00e9 uzav\u0159en\u00ed \u010daje\u00a0tak, aby jej neovlivnily ne\u017e\u00e1douc\u00ed pachy.<\/p>","protected":false},"excerpt":{"rendered":"<p>Organick\u00fd zelen\u00fd \u010daj Bi Luo Chun z oblasti Sanxia na severu Taiwanu<br \/>\n[\u6709\u6a5f\u7da0\u8336]<br \/>\n38 g<\/p>\n<p>(ekvivalent 50 g, jeliko\u017e na jednu d\u00e1vku sta\u010d\u00ed 3 g m\u00edsto b\u011b\u017en\u00fdch 5 g)<\/p>","protected":false},"featured_media":681,"comment_status":"open","ping_status":"closed","template":"","meta":{"inline_featured_image":false,"_monsterinsights_skip_tracking":false,"_monsterinsights_sitenote_active":false,"_monsterinsights_sitenote_note":"","_monsterinsights_sitenote_category":0,"_links_to":"","_links_to_target":""},"product_brand":[],"product_cat":[112,97,100],"product_tag":[106,107],"class_list":{"0":"post-624","1":"product","2":"type-product","3":"status-publish","4":"has-post-thumbnail","6":"product_cat-organic","7":"product_cat-caje","8":"product_cat-zelene_caje","9":"product_tag-oolong","10":"product_tag-organicky","12":"first","13":"instock","14":"shipping-taxable","15":"purchasable","16":"product-type-simple"},"jetpack_sharing_enabled":true,"_links":{"self":[{"href":"https:\/\/www.taiwancha.cz\/en\/wp-json\/wp\/v2\/product\/624","targetHints":{"allow":["GET"]}}],"collection":[{"href":"https:\/\/www.taiwancha.cz\/en\/wp-json\/wp\/v2\/product"}],"about":[{"href":"https:\/\/www.taiwancha.cz\/en\/wp-json\/wp\/v2\/types\/product"}],"replies":[{"embeddable":true,"href":"https:\/\/www.taiwancha.cz\/en\/wp-json\/wp\/v2\/comments?post=624"}],"wp:featuredmedia":[{"embeddable":true,"href":"https:\/\/www.taiwancha.cz\/en\/wp-json\/wp\/v2\/media\/681"}],"wp:attachment":[{"href":"https:\/\/www.taiwancha.cz\/en\/wp-json\/wp\/v2\/media?parent=624"}],"wp:term":[{"taxonomy":"product_brand","embeddable":true,"href":"https:\/\/www.taiwancha.cz\/en\/wp-json\/wp\/v2\/product_brand?post=624"},{"taxonomy":"product_cat","embeddable":true,"href":"https:\/\/www.taiwancha.cz\/en\/wp-json\/wp\/v2\/product_cat?post=624"},{"taxonomy":"product_tag","embeddable":true,"href":"https:\/\/www.taiwancha.cz\/en\/wp-json\/wp\/v2\/product_tag?post=624"}],"curies":[{"name":"wp","href":"https:\/\/api.w.org\/{rel}","templated":true}]}}