{"id":6258,"date":"2024-09-11T06:49:19","date_gmt":"2024-09-11T05:49:19","guid":{"rendered":"https:\/\/www.taiwancha.cz\/?post_type=product&#038;p=6258"},"modified":"2024-11-21T07:01:15","modified_gmt":"2024-11-21T06:01:15","slug":"luxusni-cajova-konvicka","status":"publish","type":"product","link":"https:\/\/www.taiwancha.cz\/en\/product\/luxusni-cajova-konvicka\/","title":{"rendered":"Luxusn\u00ed \u010cajov\u00e1 konvi\u010dka"},"content":{"rendered":"<p>Objevte nov\u00fd zp\u016fsob p\u0159\u00edpravy sv\u00e9ho obl\u00edben\u00e9ho sypan\u00e9ho \u010daje s na\u0161\u00ed exkluzivn\u00ed sklen\u011bnou \u010dajovou konvi\u010dkou. Tento elegantn\u00ed set ze t\u0159\u00ed \u010d\u00e1st\u00ed je zcela transparentn\u00ed, co\u017e v\u00e1m umo\u017en\u00ed sledovat postupn\u00e9 rozv\u00edjen\u00ed \u010dajov\u00fdch l\u00edstk\u016f ve vrouc\u00ed vod\u011b a pln\u011b si u\u017e\u00edt jejich bohatou chu\u0165 a aroma.<\/p>\n<p>D\u00edky origin\u00e1ln\u00edmu designu a luxusn\u00edmu vzhledu se tato konvi\u010dka stane nezbytn\u00fdm dopl\u0148kem va\u0161\u00ed \u010dajov\u00e9 sady. Ka\u017ed\u00fd dou\u0161ek z t\u00e9to konvi\u010dky v\u00e1m p\u0159inese pocit luxusu a elegance.<\/p>","protected":false},"excerpt":{"rendered":"<p>Pro ty, kte\u0159\u00ed si nejsou jisti s p\u0159\u00edpravou \u010daje, m\u00e1me ide\u00e1ln\u00ed \u0159e\u0161en\u00ed &#8211; sklen\u011bnou \u010dajovou konvi\u010dku pro sypan\u00e9 \u010daje. Jednoduch\u00e1 a intuitivn\u00ed na pou\u017eit\u00ed, tak\u017ee i za\u010d\u00e1te\u010dn\u00edci si mohou u\u017e\u00edt \u010dajov\u00fd z\u00e1\u017eitek bez stresu.<\/p>\n<p>Oslavte jednoduchost s na\u0161\u00ed konvi\u010dkou!<\/p>","protected":false},"featured_media":6297,"comment_status":"open","ping_status":"closed","template":"","meta":{"inline_featured_image":false,"_monsterinsights_skip_tracking":false,"_monsterinsights_sitenote_active":false,"_monsterinsights_sitenote_note":"","_monsterinsights_sitenote_category":0,"_links_to":"","_links_to_target":""},"product_brand":[],"product_cat":[17,147,102],"product_tag":[144,141,165,148],"class_list":{"0":"post-6258","1":"product","2":"type-product","3":"status-publish","4":"has-post-thumbnail","6":"product_cat-17","7":"product_cat-keramika","8":"product_cat-nacini","9":"product_tag-doplnky","10":"product_tag-keramika","11":"product_tag-kung-fu-cha","12":"product_tag-nacini","13":"product_shipping_class-bezne-produkty","15":"first","16":"instock","17":"shipping-taxable","18":"purchasable","19":"product-type-simple"},"jetpack_sharing_enabled":true,"_links":{"self":[{"href":"https:\/\/www.taiwancha.cz\/en\/wp-json\/wp\/v2\/product\/6258","targetHints":{"allow":["GET"]}}],"collection":[{"href":"https:\/\/www.taiwancha.cz\/en\/wp-json\/wp\/v2\/product"}],"about":[{"href":"https:\/\/www.taiwancha.cz\/en\/wp-json\/wp\/v2\/types\/product"}],"replies":[{"embeddable":true,"href":"https:\/\/www.taiwancha.cz\/en\/wp-json\/wp\/v2\/comments?post=6258"}],"wp:featuredmedia":[{"embeddable":true,"href":"https:\/\/www.taiwancha.cz\/en\/wp-json\/wp\/v2\/media\/6297"}],"wp:attachment":[{"href":"https:\/\/www.taiwancha.cz\/en\/wp-json\/wp\/v2\/media?parent=6258"}],"wp:term":[{"taxonomy":"product_brand","embeddable":true,"href":"https:\/\/www.taiwancha.cz\/en\/wp-json\/wp\/v2\/product_brand?post=6258"},{"taxonomy":"product_cat","embeddable":true,"href":"https:\/\/www.taiwancha.cz\/en\/wp-json\/wp\/v2\/product_cat?post=6258"},{"taxonomy":"product_tag","embeddable":true,"href":"https:\/\/www.taiwancha.cz\/en\/wp-json\/wp\/v2\/product_tag?post=6258"}],"curies":[{"name":"wp","href":"https:\/\/api.w.org\/{rel}","templated":true}]}}