{"id":630,"date":"2020-03-15T15:53:36","date_gmt":"2020-03-15T14:53:36","guid":{"rendered":"https:\/\/staging.taiwancha.cz\/product\/import-placeholder-for-658\/"},"modified":"2026-01-07T10:57:13","modified_gmt":"2026-01-07T09:57:13","slug":"rose-redoolong","status":"publish","type":"product","link":"https:\/\/www.taiwancha.cz\/en\/product\/rose-redoolong\/","title":{"rendered":"Organick\u00fd \u010cerven\u00fd Oolong s r\u016f\u017e\u00ed"},"content":{"rendered":"<p>Organick\u00fd \u010cerven\u00fd Oolong s kv\u00edtky r\u016f\u017ee<\/p>\n<p>\u010caj je p\u011bstov\u00e1n na organick\u00e9 farm\u011b v nadmo\u0159sk\u00e9 v\u00fd\u0161ce 250 m.n.m. v oblasti Taitung ve v\u00fdchodn\u00ed \u010d\u00e1sti Taiwanu. Farm\u00e1\u0159ka se v\u011bnuje \u010cerven\u00e9mu Oolongu ji\u017e 25 let, a p\u0159ed n\u011bkolika lety p\u0159i\u0161la s novinkou: Mezi l\u00edstky \u010daje blenduje l\u00edstky r\u016f\u017ee takt\u00e9\u017e z ekologick\u00e9ho zem\u011bd\u011blstv\u00ed. V\u00fdsledek je vynikaj\u00edc\u00ed \u010daj se specifickou chut\u00ed a v\u016fn\u00ed.<\/p>\n<p>Stupe\u0148 oxidace \u010derven\u00e9ho oolongu je 75-85%.<\/p>\n<p><strong>L\u00edstky<\/strong><\/p>\n<p>Jedn\u00e1 se o \u010dajov\u00e9 l\u00edstky z organick\u00e9 farmy, skl\u00e1daj\u00edc\u00ed se v\u011bt\u0161inou z jednoho pupenu a dvou list\u016f. L\u00edstky jsou srolovan\u00e9 do drobn\u00fdch kuli\u010dek, co\u017e se anglicky ozna\u010duje jako &#8222;gunpowder tea&#8220;. \u010cajov\u00e9 l\u00edstky jsou blendov\u00e1ny s l\u00edstky r\u016f\u017ee z organick\u00e9 farmy nedaleko \u010dajov\u00e9 farmy.<\/p>\n<p><strong>P\u0159\u00edprava<\/strong><\/p>\n<p>Na konvi\u010dku o objemu 0,20 litru pou\u017eijte 5 &#8211; 7 gram\u016f \u010daje, zalijte vodou o teplot\u011b 85\u201395 \u00b0C a nechte louhovat cca. minutu. Takto lze postupn\u011b p\u0159ipravit 5 &#8211; 7 n\u00e1lev\u016f.<\/p>\n<p><strong>Jak \u010daj bal\u00edme a pos\u00edl\u00e1me<\/strong><\/p>\n<p>Objedn\u00e1vky expedujeme ka\u017ed\u00fd pracovn\u00ed den ve 4\u00a0hodiny odpoledne. Kdy\u017e va\u0161e objedn\u00e1vka p\u0159ijde pozd\u011bji, vy\u0159\u00edd\u00edme ji a\u017e dal\u0161\u00ed pracovn\u00ed den. Informace o\u00a0reklamac\u00edch, mo\u017enosti vr\u00e1tit zbo\u017e\u00ed a\u00a0dal\u0161\u00ed podrobnosti najdete v\u00a0<a href=\"https:\/\/www.taiwancha.cz\/en\/terms-and-conditions\/\" target=\"_blank\" rel=\"noopener noreferrer\">obchodn\u00edch podm\u00ednk\u00e1ch<\/a>.<\/p>\n<p>Jednotliv\u00e9 \u010dajov\u00e9 bal\u00ed\u010dky jsou ji\u017e nav\u00e1\u017een\u00e9 a zabalen\u00e9 p\u0159\u00edmo od p\u011bstitele vakuovou metodou, p\u0159i kter\u00e9 se z bal\u00ed\u010dku odsaje ve\u0161ker\u00fd vzduch. Nespornou p\u0159ednost\u00ed t\u00e9to metody je bezpe\u010dn\u00e9 a neprody\u0161n\u00e9 uzav\u0159en\u00ed \u010daje tak, aby jej neovlivnily ne\u017e\u00e1douc\u00ed pachy.<\/p>","protected":false},"excerpt":{"rendered":"<p>Organick\u00fd \u010cerven\u00fd Oolong s kv\u00edtky r\u016f\u017ee z oblasti Luye.<\/p>","protected":false},"featured_media":685,"comment_status":"open","ping_status":"closed","template":"","meta":{"inline_featured_image":false,"_monsterinsights_skip_tracking":false,"_monsterinsights_sitenote_active":false,"_monsterinsights_sitenote_note":"","_monsterinsights_sitenote_category":0,"_links_to":"","_links_to_target":""},"product_brand":[],"product_cat":[101,99,112,97],"product_tag":[178,111,106,107],"class_list":{"0":"post-630","1":"product","2":"type-product","3":"status-publish","4":"has-post-thumbnail","6":"product_cat-cerveny_oolong","7":"product_cat-oolongy","8":"product_cat-organic","9":"product_cat-caje","10":"product_tag-bio","11":"product_tag-cerveny-oolong","12":"product_tag-oolong","13":"product_tag-organicky","15":"first","16":"instock","17":"shipping-taxable","18":"purchasable","19":"product-type-variable"},"jetpack_sharing_enabled":true,"_links":{"self":[{"href":"https:\/\/www.taiwancha.cz\/en\/wp-json\/wp\/v2\/product\/630","targetHints":{"allow":["GET"]}}],"collection":[{"href":"https:\/\/www.taiwancha.cz\/en\/wp-json\/wp\/v2\/product"}],"about":[{"href":"https:\/\/www.taiwancha.cz\/en\/wp-json\/wp\/v2\/types\/product"}],"replies":[{"embeddable":true,"href":"https:\/\/www.taiwancha.cz\/en\/wp-json\/wp\/v2\/comments?post=630"}],"wp:featuredmedia":[{"embeddable":true,"href":"https:\/\/www.taiwancha.cz\/en\/wp-json\/wp\/v2\/media\/685"}],"wp:attachment":[{"href":"https:\/\/www.taiwancha.cz\/en\/wp-json\/wp\/v2\/media?parent=630"}],"wp:term":[{"taxonomy":"product_brand","embeddable":true,"href":"https:\/\/www.taiwancha.cz\/en\/wp-json\/wp\/v2\/product_brand?post=630"},{"taxonomy":"product_cat","embeddable":true,"href":"https:\/\/www.taiwancha.cz\/en\/wp-json\/wp\/v2\/product_cat?post=630"},{"taxonomy":"product_tag","embeddable":true,"href":"https:\/\/www.taiwancha.cz\/en\/wp-json\/wp\/v2\/product_tag?post=630"}],"curies":[{"name":"wp","href":"https:\/\/api.w.org\/{rel}","templated":true}]}}