{"id":641,"date":"2020-03-15T15:54:46","date_gmt":"2020-03-15T14:54:46","guid":{"rendered":"https:\/\/staging.taiwancha.cz\/product\/import-placeholder-for-665\/"},"modified":"2026-03-31T18:33:36","modified_gmt":"2026-03-31T17:33:36","slug":"cerveny-oolong","status":"publish","type":"product","link":"https:\/\/www.taiwancha.cz\/en\/product\/cerveny-oolong\/","title":{"rendered":"\u010cerven\u00fd Oolong"},"content":{"rendered":"<p>Tento znamenit\u00fd \u010daj je p\u011bstovan\u00fd v jihov\u00fdchodn\u00ed \u010d\u00e1sti\u00a0Taiwanu v\u00a0oblasti Luye u Taidongu v\u00a0nadmo\u0159sk\u00e9 v\u00fd\u0161ce 250 m.n.m.<\/p>\n<p>\u010cajovn\u00edky jsou v\u00a0dopoledn\u00edch hodin\u00e1ch osv\u00edceny sluncem, zat\u00edmco v\u00a0odpoledn\u00edch hodin\u00e1ch cel\u00e9ho roku je zahrada pokryta hustou mlhou. Tyto unik\u00e1tn\u00ed p\u0159\u00edrodn\u00ed podm\u00ednky dod\u00e1vaj\u00ed \u010daji velmi specifickou chu\u0165 a v\u016fni. V\u016fn\u011b m\u00e1 m\u00edrn\u00fd o\u0159echov\u00fd a kou\u0159ov\u00fd n\u00e1dech. V\u00a0chuti \u010daj vynik\u00e1 sladk\u00fdmi t\u00f3ny karamelu a su\u0161en\u00e9ho ovoce.<\/p>\n<p>Stupe\u0148 oxidace \u010derven\u00e9ho oolongu je 75-85%, \u0159ad\u00ed se tak chu\u0165ov\u011b i barevn\u011b na pomez\u00ed \u010derven\u00fdch \u010daj\u016f a Oolong\u016f.<\/p>\n<p><strong>L\u00edstky<\/strong><\/p>\n<p>\u010cajov\u00e9 l\u00edstky se skl\u00e1daj\u00ed z jednoho pupenu a dvou list\u016f. L\u00edstky jsou srolovan\u00e9 do drobn\u00fdch kuli\u010dek, co\u017e se anglicky ozna\u010duje jako &#8222;gunpowder tea&#8220;.<\/p>\n<p><strong>P\u0159\u00edprava<\/strong><\/p>\n<p>Na konvi\u010dku o objemu 0,20 litru pou\u017eijte 5\u20137 gram\u016f \u010daje, zalijte vodou o teplot\u011b 85\u201395 \u00b0C a nechte louhovat cca 1 minutu. Takto lze postupn\u011b p\u0159ipravit alespo\u0148 4 n\u00e1levy. Z bal\u00ed\u010dku 150g si takt p\u0159iprav\u00edte 20 litr\u016f \u010daje.<\/p>\n<p><strong>Jak \u010daj bal\u00edme a pos\u00edl\u00e1me<\/strong><\/p>\n<p>Plechov\u00fd box na obr\u00e1zku je k m\u00e1n\u00ed v limitovan\u00e9m mno\u017estv\u00ed &#8211; vybertu variantu &#8222;150g plechov\u00fd box&#8220;.<\/p>\n<p>Objedn\u00e1vky expedujeme ka\u017ed\u00fd pracovn\u00ed den ve 4\u00a0hodiny odpoledne. Kdy\u017e va\u0161e objedn\u00e1vka p\u0159ijde pozd\u011bji, vy\u0159\u00edd\u00edme ji a\u017e dal\u0161\u00ed pracovn\u00ed den. Informace o\u00a0reklamac\u00edch, mo\u017enosti vr\u00e1tit zbo\u017e\u00ed a\u00a0dal\u0161\u00ed podrobnosti najdete v\u00a0<a href=\"https:\/\/www.taiwancha.cz\/en\/terms-and-conditions\/\" target=\"_blank\" rel=\"noopener noreferrer\">obchodn\u00edch podm\u00ednk\u00e1ch<\/a>.<\/p>\n<p>Jednotliv\u00e9 \u010dajov\u00e9 bal\u00ed\u010dky jsou ji\u017e nav\u00e1\u017een\u00e9 a zabalen\u00e9 p\u0159\u00edmo od\u00a0p\u011bstitele vakuovou metodou, p\u0159i kter\u00e9 se z bal\u00ed\u010dku odsaje ve\u0161ker\u00fd vzduch. Nespornou p\u0159ednost\u00ed t\u00e9to metody je bezpe\u010dn\u00e9 a neprody\u0161n\u00e9 uzav\u0159en\u00ed \u010daje\u00a0tak, aby jej neovlivnily ne\u017e\u00e1douc\u00ed pachy.<\/p>","protected":false},"excerpt":{"rendered":"<p>Siln\u011b oxidovan\u00fd \u010cerven\u00fd Oolong z oblasti Luye, V\u00fdchodn\u00ed Taiwan<br \/>\n\u010cerven\u00e9 Oolongy jsou chu\u0165ov\u011b i barevn\u011b na pomez\u00ed \u010derven\u00fdch \u010daj\u016f a Oolong\u016f.<br \/>\nvar. sinensis.<\/p>","protected":false},"featured_media":4179,"comment_status":"open","ping_status":"closed","template":"","meta":{"inline_featured_image":false,"_monsterinsights_skip_tracking":false,"_monsterinsights_sitenote_active":false,"_monsterinsights_sitenote_note":"","_monsterinsights_sitenote_category":0,"_links_to":"","_links_to_target":""},"product_brand":[],"product_cat":[101,99,97],"product_tag":[109,106],"class_list":{"0":"post-641","1":"product","2":"type-product","3":"status-publish","4":"has-post-thumbnail","6":"product_cat-cerveny_oolong","7":"product_cat-oolongy","8":"product_cat-caje","9":"product_tag-cerveny","10":"product_tag-oolong","12":"first","13":"instock","14":"shipping-taxable","15":"purchasable","16":"product-type-variable","17":"has-default-attributes"},"jetpack_sharing_enabled":true,"_links":{"self":[{"href":"https:\/\/www.taiwancha.cz\/en\/wp-json\/wp\/v2\/product\/641","targetHints":{"allow":["GET"]}}],"collection":[{"href":"https:\/\/www.taiwancha.cz\/en\/wp-json\/wp\/v2\/product"}],"about":[{"href":"https:\/\/www.taiwancha.cz\/en\/wp-json\/wp\/v2\/types\/product"}],"replies":[{"embeddable":true,"href":"https:\/\/www.taiwancha.cz\/en\/wp-json\/wp\/v2\/comments?post=641"}],"wp:featuredmedia":[{"embeddable":true,"href":"https:\/\/www.taiwancha.cz\/en\/wp-json\/wp\/v2\/media\/4179"}],"wp:attachment":[{"href":"https:\/\/www.taiwancha.cz\/en\/wp-json\/wp\/v2\/media?parent=641"}],"wp:term":[{"taxonomy":"product_brand","embeddable":true,"href":"https:\/\/www.taiwancha.cz\/en\/wp-json\/wp\/v2\/product_brand?post=641"},{"taxonomy":"product_cat","embeddable":true,"href":"https:\/\/www.taiwancha.cz\/en\/wp-json\/wp\/v2\/product_cat?post=641"},{"taxonomy":"product_tag","embeddable":true,"href":"https:\/\/www.taiwancha.cz\/en\/wp-json\/wp\/v2\/product_tag?post=641"}],"curies":[{"name":"wp","href":"https:\/\/api.w.org\/{rel}","templated":true}]}}