{"id":653,"date":"2020-03-15T15:55:56","date_gmt":"2020-03-15T14:55:56","guid":{"rendered":"https:\/\/staging.taiwancha.cz\/product\/import-placeholder-for-789\/"},"modified":"2026-02-18T13:21:06","modified_gmt":"2026-02-18T12:21:06","slug":"bio-cerveny-oolong","status":"publish","type":"product","link":"https:\/\/www.taiwancha.cz\/en\/product\/bio-cerveny-oolong\/","title":{"rendered":"Organick\u00fd \u010cerven\u00fd Oolong"},"content":{"rendered":"<p>Tento znamenit\u00fd \u010daj je p\u011bstovan\u00fd v jihov\u00fdchodn\u00ed \u010d\u00e1sti Taiwanu v oblasti Taitung v nadmo\u0159sk\u00e9 v\u00fd\u0161ce 250 m.n.m.<\/p>\n<p>\u010cerven\u00fd Oolong je siln\u011b oxidovan\u00fd (75-85%) Oolong, kter\u00fd je v\u00fdsledkem kombinace v\u00fdrobn\u00edho procesu Oolong\u016f a \u010derven\u00fdch \u010daj\u016f. Tento unik\u00e1tn\u00ed postup dod\u00e1v\u00e1 \u010daji velmi specifickou chu\u0165 a v\u016fni. V\u016fn\u011b m\u00e1 m\u00edrn\u00fd o\u0159echov\u00fd a kou\u0159ov\u00fd n\u00e1dech. V chuti \u010daj vynik\u00e1 sladk\u00fdmi t\u00f3ny karamelu a su\u0161en\u00e9ho ovoce.<\/p>\n<p><strong>L\u00edstky<\/strong><\/p>\n<p>Jedn\u00e1 se o \u010dajov\u00e9 l\u00edstky z organick\u00e9 farmy, skl\u00e1daj\u00edc\u00ed se v\u011bt\u0161inou z jednoho pupenu a dvou list\u016f. L\u00edstky jsou srolovan\u00e9 do drobn\u00fdch kuli\u010dek, co\u017e se anglicky ozna\u010duje jako &#8222;gunpowder tea&#8220;.<\/p>\n<p>Na konvi\u010dku o objemu cca. 0,20 litru pou\u017eijte 5\u20137 gram\u016f \u010daje (p\u0159ibli\u017en\u011b jedna vrchovat\u00e1 k\u00e1vov\u00e1 l\u017ei\u010dka), zalijte vodou o teplot\u011b 85\u2013100 \u00b0C a nechte louhovat cca cca 1 minutu. Takto lze postupn\u011b p\u0159ipravit alespo\u0148 5 n\u00e1lev\u016f.<\/p>\n<p><strong>Jak \u010daj bal\u00edme a pos\u00edl\u00e1me<\/strong><\/p>\n<p>Objedn\u00e1vky expedujeme ka\u017ed\u00fd pracovn\u00ed den ve 4\u00a0hodiny odpoledne. Kdy\u017e va\u0161e objedn\u00e1vka p\u0159ijde pozd\u011bji, vy\u0159\u00edd\u00edme ji a\u017e dal\u0161\u00ed pracovn\u00ed den. Informace o\u00a0reklamac\u00edch, mo\u017enosti vr\u00e1tit zbo\u017e\u00ed a\u00a0dal\u0161\u00ed podrobnosti najdete v\u00a0<a href=\"https:\/\/www.taiwancha.cz\/en\/terms-and-conditions\/\" target=\"_blank\" rel=\"noopener noreferrer\">obchodn\u00edch podm\u00ednk\u00e1ch<\/a>.<\/p>\n<p>Jednotliv\u00e9 \u010dajov\u00e9 bal\u00ed\u010dky jsou ji\u017e nav\u00e1\u017een\u00e9 a zabalen\u00e9 p\u0159\u00edmo od\u00a0p\u011bstitele vakuovou metodou, p\u0159i kter\u00e9 se z bal\u00ed\u010dku odsaje ve\u0161ker\u00fd vzduch. Nespornou p\u0159ednost\u00ed t\u00e9to metody je bezpe\u010dn\u00e9 a neprody\u0161n\u00e9 uzav\u0159en\u00ed \u010daje\u00a0tak, aby jej neovlivnily ne\u017e\u00e1douc\u00ed pachy.<\/p>","protected":false},"excerpt":{"rendered":"<p>Organick\u00fd \u010cerven\u00fd Oolong z v\u00fdchodn\u00edho Taiwanu.<\/p>\n<p><span data-sheets-value=\"{&quot;1&quot;:2,&quot;2&quot;:&quot;u7d05u70cfu9f8d50&quot;}\" data-sheets-userformat=\"{&quot;2&quot;:31208,&quot;6&quot;:{&quot;1&quot;:[{&quot;1&quot;:2,&quot;2&quot;:0,&quot;5&quot;:{&quot;1&quot;:2,&quot;2&quot;:0}},{&quot;1&quot;:0,&quot;2&quot;:0,&quot;3&quot;:3},{&quot;1&quot;:1,&quot;2&quot;:0,&quot;4&quot;:1}]},&quot;8&quot;:{&quot;1&quot;:[{&quot;1&quot;:2,&quot;2&quot;:0,&quot;5&quot;:{&quot;1&quot;:2,&quot;2&quot;:0}},{&quot;1&quot;:0,&quot;2&quot;:0,&quot;3&quot;:3},{&quot;1&quot;:1,&quot;2&quot;:0,&quot;4&quot;:1}]},&quot;9&quot;:1,&quot;10&quot;:2,&quot;11&quot;:0,&quot;14&quot;:{&quot;1&quot;:2,&quot;2&quot;:0},&quot;15&quot;:&quot;Calibri&quot;,&quot;16&quot;:11,&quot;17&quot;:1}\">\u7d05\u70cf\u9f8d<\/span><\/p>","protected":false},"featured_media":693,"comment_status":"open","ping_status":"closed","template":"","meta":{"inline_featured_image":false,"_monsterinsights_skip_tracking":false,"_monsterinsights_sitenote_active":false,"_monsterinsights_sitenote_note":"","_monsterinsights_sitenote_category":0,"_links_to":"","_links_to_target":""},"product_brand":[],"product_cat":[101,112,97],"product_tag":[178,111,106,107],"class_list":{"0":"post-653","1":"product","2":"type-product","3":"status-publish","4":"has-post-thumbnail","6":"product_cat-cerveny_oolong","7":"product_cat-organic","8":"product_cat-caje","9":"product_tag-bio","10":"product_tag-cerveny-oolong","11":"product_tag-oolong","12":"product_tag-organicky","14":"first","15":"instock","16":"shipping-taxable","17":"purchasable","18":"product-type-variable"},"jetpack_sharing_enabled":true,"_links":{"self":[{"href":"https:\/\/www.taiwancha.cz\/en\/wp-json\/wp\/v2\/product\/653","targetHints":{"allow":["GET"]}}],"collection":[{"href":"https:\/\/www.taiwancha.cz\/en\/wp-json\/wp\/v2\/product"}],"about":[{"href":"https:\/\/www.taiwancha.cz\/en\/wp-json\/wp\/v2\/types\/product"}],"replies":[{"embeddable":true,"href":"https:\/\/www.taiwancha.cz\/en\/wp-json\/wp\/v2\/comments?post=653"}],"wp:featuredmedia":[{"embeddable":true,"href":"https:\/\/www.taiwancha.cz\/en\/wp-json\/wp\/v2\/media\/693"}],"wp:attachment":[{"href":"https:\/\/www.taiwancha.cz\/en\/wp-json\/wp\/v2\/media?parent=653"}],"wp:term":[{"taxonomy":"product_brand","embeddable":true,"href":"https:\/\/www.taiwancha.cz\/en\/wp-json\/wp\/v2\/product_brand?post=653"},{"taxonomy":"product_cat","embeddable":true,"href":"https:\/\/www.taiwancha.cz\/en\/wp-json\/wp\/v2\/product_cat?post=653"},{"taxonomy":"product_tag","embeddable":true,"href":"https:\/\/www.taiwancha.cz\/en\/wp-json\/wp\/v2\/product_tag?post=653"}],"curies":[{"name":"wp","href":"https:\/\/api.w.org\/{rel}","templated":true}]}}