{"id":6773,"date":"2025-10-24T08:33:07","date_gmt":"2025-10-24T07:33:07","guid":{"rendered":"https:\/\/www.taiwancha.cz\/?post_type=product&#038;p=6773"},"modified":"2026-01-07T10:07:44","modified_gmt":"2026-01-07T09:07:44","slug":"organicky-cerveny-pinglin-cuy-yu","status":"publish","type":"product","link":"https:\/\/www.taiwancha.cz\/en\/product\/organicky-cerveny-pinglin-cuy-yu\/","title":{"rendered":"Organick\u00fd \u010cerven\u00fd Pinglin Cuy Yu"},"content":{"rendered":"<p>Oragnick\u00fd taiwansk\u00fd \u010derven\u00fd \u010daj kultivaru Cui Yu (#13) z oblasti Pinglin.<\/p>\n<p>\u010caj je p\u011bstovan\u00fd na mal\u00e9 farm\u011b v nadmo\u0159sk\u00e9 v\u00fd\u0161ce 500 m.n.m. v zelen\u00e9 kopcovit\u00e9 krajin\u011b severn\u00ed \u010d\u00e1sti Taiwanu, pobl\u00ed\u017e m\u011bsta Pinglin.<\/p>\n<p><strong>L\u00edstky<\/strong><\/p>\n<p>L\u00edstky jsou voln\u00e9, zkroucen\u00e9, v\u011bt\u0161inou v p\u00e1ru dvou l\u00edstk\u016f s jedn\u00edm pupenem. V jejich p\u0159\u00edjemn\u011b h\u0159ejiv\u00e9 v\u016fni uc\u00edt\u00edte ko\u0159en\u011bnou sladkost, kter\u00e1 p\u0159edur\u010duje jejich chu\u0165.<\/p>\n<p><strong>P\u0159\u00edprava<\/strong><\/p>\n<p>Na konvi\u010dku o objemu 120 &#8211; 150 ml pou\u017eijte 5-6 gram\u016f \u010daje, zalijte vodou o teplot\u011b 95\u2013100 \u00b0C a nechte louhovat cca. minutu. Takto lze postupn\u011b p\u0159ipravit a\u017e 5 n\u00e1lev\u016f. S ka\u017ed\u00fdm n\u00e1levem prodlu\u017ete dobu louhov\u00e1n\u00ed o 20 sekund.<\/p>\n<p><strong>P\u011bstov\u00e1n\u00ed a v\u00fdroba<br \/>\n<\/strong><\/p>\n<div>\u010caj je p\u011bstov\u00e1n organicky, tedy bez jak\u00fdchkoliv pesticid\u016f a um\u011bl\u00fdch hnojiv a ru\u010dn\u011b zpracov\u00e1v\u00e1n. Od roku 2022 nav\u0161t\u011bvujeme tuto farmu pravideln\u011b, a r\u00e1di V\u00e1m poskytneme dal\u0161\u00ed informace nebo fotky z n\u00ed.<\/div>\n<p><strong>Jak \u010daj bal\u00edme a pos\u00edl\u00e1me<\/strong><\/p>\n<p>Objedn\u00e1vky se sna\u017e\u00edme expedovat ka\u017ed\u00fd pracovn\u00ed den ve 4 hodiny odpoledne. Kdy\u017e va\u0161e objedn\u00e1vka p\u0159ijde pozd\u011bji, vy\u0159\u00edd\u00edme ji a\u017e dal\u0161\u00ed pracovn\u00ed den. Informace o reklamac\u00edch, mo\u017enosti vr\u00e1tit zbo\u017e\u00ed a dal\u0161\u00ed podrobnosti najdete v <a href=\"https:\/\/www.taiwancha.cz\/en\/terms-and-conditions\/\" target=\"_blank\" rel=\"noopener noreferrer\">obchodn\u00edch podm\u00ednk\u00e1ch<\/a>.<\/p>\n<p>Jednotliv\u00e9 \u010dajov\u00e9 bal\u00ed\u010dky jsou ji\u017e nav\u00e1\u017een\u00e9 a zabalen\u00e9 p\u0159\u00edmo od\u00a0p\u011bstitele vakuovou metodou, p\u0159i kter\u00e9 se z bal\u00ed\u010dku odsaje ve\u0161ker\u00fd vzduch. Nespornou p\u0159ednost\u00ed t\u00e9to metody je bezpe\u010dn\u00e9 a neprody\u0161n\u00e9 uzav\u0159en\u00ed \u010daje\u00a0tak, aby jej neovlivnily ne\u017e\u00e1douc\u00ed pachy.<\/p>","protected":false},"excerpt":{"rendered":"<p>Organick\u00fd \u010der ven\u00fd \u010daj kultivaru Cui Yu z oblasti Pinglin na severu Taiwanu<br \/>\n[\u6709\u6a5f\u767d\u8336]<br \/>\n50 g<\/p>","protected":false},"featured_media":0,"comment_status":"open","ping_status":"closed","template":"","meta":{"inline_featured_image":false,"_monsterinsights_skip_tracking":false,"_monsterinsights_sitenote_active":false,"_monsterinsights_sitenote_note":"","_monsterinsights_sitenote_category":0,"_links_to":"","_links_to_target":""},"product_brand":[],"product_cat":[103,112,97],"product_tag":[176,177,107],"class_list":{"0":"post-6773","1":"product","2":"type-product","3":"status-publish","5":"product_cat-cerveny_caj","6":"product_cat-organic","7":"product_cat-caje","8":"product_tag-cerveny-caj","9":"product_tag-cui-yu","10":"product_tag-organicky","12":"first","13":"instock","14":"shipping-taxable","15":"purchasable","16":"product-type-simple"},"jetpack_sharing_enabled":true,"_links":{"self":[{"href":"https:\/\/www.taiwancha.cz\/en\/wp-json\/wp\/v2\/product\/6773","targetHints":{"allow":["GET"]}}],"collection":[{"href":"https:\/\/www.taiwancha.cz\/en\/wp-json\/wp\/v2\/product"}],"about":[{"href":"https:\/\/www.taiwancha.cz\/en\/wp-json\/wp\/v2\/types\/product"}],"replies":[{"embeddable":true,"href":"https:\/\/www.taiwancha.cz\/en\/wp-json\/wp\/v2\/comments?post=6773"}],"wp:attachment":[{"href":"https:\/\/www.taiwancha.cz\/en\/wp-json\/wp\/v2\/media?parent=6773"}],"wp:term":[{"taxonomy":"product_brand","embeddable":true,"href":"https:\/\/www.taiwancha.cz\/en\/wp-json\/wp\/v2\/product_brand?post=6773"},{"taxonomy":"product_cat","embeddable":true,"href":"https:\/\/www.taiwancha.cz\/en\/wp-json\/wp\/v2\/product_cat?post=6773"},{"taxonomy":"product_tag","embeddable":true,"href":"https:\/\/www.taiwancha.cz\/en\/wp-json\/wp\/v2\/product_tag?post=6773"}],"curies":[{"name":"wp","href":"https:\/\/api.w.org\/{rel}","templated":true}]}}