{"id":788,"date":"2020-03-29T16:22:37","date_gmt":"2020-03-29T15:22:37","guid":{"rendered":"https:\/\/staging.taiwancha.cz\/?post_type=product&#038;p=788"},"modified":"2026-03-12T08:00:03","modified_gmt":"2026-03-12T07:00:03","slug":"nongxiang","status":"publish","type":"product","link":"https:\/\/www.taiwancha.cz\/en\/product\/nongxiang\/","title":{"rendered":"Organick\u00fd Nong Xiang Oolong"},"content":{"rendered":"<p><strong>Organick\u00fd Nong Xiang Oolong<\/strong><\/p>\n<p>Tento v\u00fdrazn\u00fd Oolong je p\u011bstov\u00e1n na mal\u00e9 organick\u00e9 (BIO) farm\u011b v nadmo\u0159sk\u00e9 v\u00fd\u0161ce 400 m v centr\u00e1ln\u00ed \u010d\u00e1sti Taiwanu v oblasti Nantou. Mlad\u00fd farm\u00e1\u0159 po otci p\u0159evzal rodinnou farmu a pokra\u010duje tak v \u00fasil\u00ed jeho otce, p\u011bstovat \u010daj bez jak\u00fdchkoliv chemick\u00fdch pesticid\u016f. \u010caj je oxidov\u00e1n na siln\u011bj\u0161\u00edch 30%, co\u017e mu dod\u00e1v\u00e1 jeho v\u00fdraznou, silnou ale st\u00e1le sv\u011b\u017e\u00ed chu\u0165, podle kter\u00e9je i pojmenov\u00e1n: <em>Nong Xiang<\/em> (\u010dti: nong siang), v p\u0159ekladu znamen\u00e1 <em>siln\u00e1 chu\u0165<\/em>.<\/p>\n<p><strong>L\u00edstky<\/strong><\/p>\n<p>Jedn\u00e1 se o \u010dajov\u00e9 l\u00edstky z organick\u00e9 farmy, skl\u00e1daj\u00edc\u00ed se z\u00a0jednoho pupenu a dvou list\u016f. L\u00edstky jsou srolovan\u00e9 do drobn\u00fdch kuli\u010dek, co\u017e se anglicky ozna\u010duje jako &#8222;gunpowder tea&#8220;.<\/p>\n<p><strong>P\u0159\u00edprava<\/strong><\/p>\n<p>Na konvi\u010dku o objemu 0,20 litru pou\u017eijte 5 gram\u016f \u010daje, zalijte vodou o teplot\u011b 85\u201395 \u00b0C a nechte louhovat cca. minutu. Takto lze postupn\u011b p\u0159ipravit 5 a\u017e 7 n\u00e1lev\u016f.<\/p>\n<p><strong>P\u011bstov\u00e1n\u00ed a v\u00fdroba<em><br \/>\n<\/em><\/strong><\/p>\n<div>\n<p>V \u00fanoru 2018 jsme nav\u0161t\u00edvili malou organickou farmu, kde se \u010daj p\u011bstuje a kde n\u00e1m farm\u00e1\u0159 vysv\u011btlil, jak\u00fdm zp\u016fsobem \u010daj sb\u00edr\u00e1 a zpracov\u00e1v\u00e1. Informace v\u00e1m r\u00e1di nasd\u00edl\u00edme, m\u016f\u017eete se tak\u00e9 pod\u00edvat na n\u00e1\u0161 <a href=\"http:\/\/www.facebook.com\/taiwanchaj\">Facebooku<\/a>, kde o \u010daji p\u00ed\u0161eme.<\/p>\n<\/div>\n<p><strong>Jak \u010daj bal\u00edme a pos\u00edl\u00e1me<\/strong><\/p>\n<p>Objedn\u00e1vky expedujeme ka\u017ed\u00fd pracovn\u00ed den ve 4\u00a0hodiny odpoledne. Kdy\u017e va\u0161e objedn\u00e1vka p\u0159ijde pozd\u011bji, vy\u0159\u00edd\u00edme ji a\u017e dal\u0161\u00ed pracovn\u00ed den. Informace o\u00a0reklamac\u00edch, mo\u017enosti vr\u00e1tit zbo\u017e\u00ed a\u00a0dal\u0161\u00ed podrobnosti najdete v\u00a0<a href=\"https:\/\/www.taiwancha.cz\/en\/terms-and-conditions\/\" target=\"_blank\" rel=\"noopener noreferrer\">obchodn\u00edch podm\u00ednk\u00e1ch<\/a>.<\/p>\n<p>Jednotliv\u00e9 \u010dajov\u00e9 bal\u00ed\u010dky jsou ji\u017e nav\u00e1\u017een\u00e9 a zabalen\u00e9 p\u0159\u00edmo od\u00a0p\u011bstitele vakuovou metodou, p\u0159i kter\u00e9 se z bal\u00ed\u010dku odsaje ve\u0161ker\u00fd vzduch. Nespornou p\u0159ednost\u00ed t\u00e9to metody je bezpe\u010dn\u00e9 a neprody\u0161n\u00e9 uzav\u0159en\u00ed \u010daje\u00a0tak, aby jej neovlivnily ne\u017e\u00e1douc\u00ed pachy.<\/p>","protected":false},"excerpt":{"rendered":"<p>Organick\u00fd Nong Xiang Oolong siln\u00e9 sv\u011b\u017e\u00ed chu\u0165i z centr\u00e1ln\u00ed kopcovit\u00e9 oblasti Taiwanu.<br \/>\n[\u6fc3\u9999\u70cf\u9f8d]<\/p>","protected":false},"featured_media":843,"comment_status":"open","ping_status":"closed","template":"","meta":{"inline_featured_image":false,"_monsterinsights_skip_tracking":false,"_monsterinsights_sitenote_active":false,"_monsterinsights_sitenote_note":"","_monsterinsights_sitenote_category":0,"_links_to":"","_links_to_target":""},"product_brand":[],"product_cat":[99,112,97],"product_tag":[106,107],"class_list":{"0":"post-788","1":"product","2":"type-product","3":"status-publish","4":"has-post-thumbnail","6":"product_cat-oolongy","7":"product_cat-organic","8":"product_cat-caje","9":"product_tag-oolong","10":"product_tag-organicky","12":"first","13":"instock","14":"shipping-taxable","15":"purchasable","16":"product-type-variable"},"jetpack_sharing_enabled":true,"_links":{"self":[{"href":"https:\/\/www.taiwancha.cz\/en\/wp-json\/wp\/v2\/product\/788","targetHints":{"allow":["GET"]}}],"collection":[{"href":"https:\/\/www.taiwancha.cz\/en\/wp-json\/wp\/v2\/product"}],"about":[{"href":"https:\/\/www.taiwancha.cz\/en\/wp-json\/wp\/v2\/types\/product"}],"replies":[{"embeddable":true,"href":"https:\/\/www.taiwancha.cz\/en\/wp-json\/wp\/v2\/comments?post=788"}],"wp:featuredmedia":[{"embeddable":true,"href":"https:\/\/www.taiwancha.cz\/en\/wp-json\/wp\/v2\/media\/843"}],"wp:attachment":[{"href":"https:\/\/www.taiwancha.cz\/en\/wp-json\/wp\/v2\/media?parent=788"}],"wp:term":[{"taxonomy":"product_brand","embeddable":true,"href":"https:\/\/www.taiwancha.cz\/en\/wp-json\/wp\/v2\/product_brand?post=788"},{"taxonomy":"product_cat","embeddable":true,"href":"https:\/\/www.taiwancha.cz\/en\/wp-json\/wp\/v2\/product_cat?post=788"},{"taxonomy":"product_tag","embeddable":true,"href":"https:\/\/www.taiwancha.cz\/en\/wp-json\/wp\/v2\/product_tag?post=788"}],"curies":[{"name":"wp","href":"https:\/\/api.w.org\/{rel}","templated":true}]}}