{"id":791,"date":"2020-03-29T17:37:46","date_gmt":"2020-03-29T16:37:46","guid":{"rendered":"https:\/\/staging.taiwancha.cz\/?post_type=product&#038;p=791"},"modified":"2025-01-07T16:44:36","modified_gmt":"2025-01-07T15:44:36","slug":"lishan","status":"publish","type":"product","link":"https:\/\/www.taiwancha.cz\/en\/product\/lishan\/","title":{"rendered":"Lishan"},"content":{"rendered":"<p><strong>Lishan Oolong<br \/>\n<\/strong><\/p>\n<p>Tento speci\u00e1ln\u00ed vysokohorsk\u00fd \u010daj je p\u011bstov\u00e1n v nadmo\u0159sk\u00e9 v\u00fd\u0161ce 1500 \u2013 2450 m.n.m v oblasti Lishan, kter\u00e1 je sou\u010d\u00e1st\u00ed centr\u00e1ln\u00edho horsk\u00e9ho masivu Taiwanu. Tato \u010dajov\u00e1 oblast pat\u0159\u00ed k nejvy\u0161\u0161\u00edm na Taiwanu a dod\u00e1v\u00e1 \u010daji velmi specifick\u00e9 a intenzivn\u00ed aroma. Jedn\u00e1 se o jeden z nejobl\u00edben\u011bj\u0161\u00edch taiwansk\u00fdch \u010daj\u016f s velmi sv\u011b\u017e\u00ed chut\u00ed.<\/p>\n<p><strong>L\u00edstky<\/strong><\/p>\n<p>\u010cajov\u00e9 l\u00edstky se skl\u00e1daj\u00ed z jednoho pupenu a dvou list\u016f. L\u00edstky jsou pro ochranu srolovan\u00e9 do drobn\u00fdch kuli\u010dek, co\u017e se anglicky ozna\u010duje jako \u201cgunpowder tea\u201d.<\/p>\n<p><strong>P\u0159\u00edprava<\/strong><\/p>\n<p>Na konvi\u010dku o objemu 0,25 litru pou\u017eijte 4 \u2013 6 gram\u016f \u010daje, zalijte vodou o teplot\u011b 85\u201395 \u00b0C a nechte louhovat 1 &#8211; 2 minuty. Takto lze postupn\u011b p\u0159ipravit a\u017e 7 n\u00e1lev\u016f.<\/p>\n<p><strong>P\u011bstov\u00e1n\u00ed a v\u00fdroba<em><br \/>\n<\/em><\/strong><\/p>\n<div>\n<p>Jedn\u00e1 se o \u010daj typu Oolong. V\u00edce informac\u00ed naleznete tak\u00e9 na na\u0161em <a href=\"http:\/\/www.facebook.com\/taiwanchaj\">Facebooku<\/a>.<\/p>\n<\/div>\n<p><strong>Jak \u010daj bal\u00edme a pos\u00edl\u00e1me<\/strong><\/p>\n<p>Objedn\u00e1vky expedujeme ka\u017ed\u00fd pracovn\u00ed den ve 4\u00a0hodiny odpoledne. Kdy\u017e va\u0161e objedn\u00e1vka p\u0159ijde pozd\u011bji, vy\u0159\u00edd\u00edme ji a\u017e dal\u0161\u00ed pracovn\u00ed den. Informace o\u00a0reklamac\u00edch, mo\u017enosti vr\u00e1tit zbo\u017e\u00ed a\u00a0dal\u0161\u00ed podrobnosti najdete v\u00a0<a href=\"https:\/\/www.taiwancha.cz\/en\/terms-and-conditions\/\" target=\"_blank\" rel=\"noopener noreferrer\">obchodn\u00edch podm\u00ednk\u00e1ch<\/a>.<\/p>\n<p>Jednotliv\u00e9 \u010dajov\u00e9 bal\u00ed\u010dky jsou ji\u017e nav\u00e1\u017een\u00e9 a zabalen\u00e9 p\u0159\u00edmo od\u00a0p\u011bstitele vakuovou metodou, p\u0159i kter\u00e9 se z bal\u00ed\u010dku odsaje ve\u0161ker\u00fd vzduch. Nespornou p\u0159ednost\u00ed t\u00e9to metody je bezpe\u010dn\u00e9 a neprody\u0161n\u00e9 uzav\u0159en\u00ed \u010daje\u00a0tak, aby jej neovlivnily ne\u017e\u00e1douc\u00ed pachy.<\/p>","protected":false},"excerpt":{"rendered":"<p>Vysokohorsk\u00fd taiwansk\u00fd Oolong, p\u011bstovan\u00fd v oblasti Lishan [\u68a8\u5c71].<\/p>","protected":false},"featured_media":794,"comment_status":"open","ping_status":"closed","template":"","meta":{"inline_featured_image":false,"_monsterinsights_skip_tracking":false,"_monsterinsights_sitenote_active":false,"_monsterinsights_sitenote_note":"","_monsterinsights_sitenote_category":0,"_links_to":"","_links_to_target":""},"product_brand":[],"product_cat":[99,97],"product_tag":[124,106,113],"class_list":{"0":"post-791","1":"product","2":"type-product","3":"status-publish","4":"has-post-thumbnail","6":"product_cat-oolongy","7":"product_cat-caje","8":"product_tag-lishan","9":"product_tag-oolong","10":"product_tag-vysokohorsky","12":"first","13":"outofstock","14":"shipping-taxable","15":"purchasable","16":"product-type-variable"},"jetpack_sharing_enabled":true,"_links":{"self":[{"href":"https:\/\/www.taiwancha.cz\/en\/wp-json\/wp\/v2\/product\/791","targetHints":{"allow":["GET"]}}],"collection":[{"href":"https:\/\/www.taiwancha.cz\/en\/wp-json\/wp\/v2\/product"}],"about":[{"href":"https:\/\/www.taiwancha.cz\/en\/wp-json\/wp\/v2\/types\/product"}],"replies":[{"embeddable":true,"href":"https:\/\/www.taiwancha.cz\/en\/wp-json\/wp\/v2\/comments?post=791"}],"wp:featuredmedia":[{"embeddable":true,"href":"https:\/\/www.taiwancha.cz\/en\/wp-json\/wp\/v2\/media\/794"}],"wp:attachment":[{"href":"https:\/\/www.taiwancha.cz\/en\/wp-json\/wp\/v2\/media?parent=791"}],"wp:term":[{"taxonomy":"product_brand","embeddable":true,"href":"https:\/\/www.taiwancha.cz\/en\/wp-json\/wp\/v2\/product_brand?post=791"},{"taxonomy":"product_cat","embeddable":true,"href":"https:\/\/www.taiwancha.cz\/en\/wp-json\/wp\/v2\/product_cat?post=791"},{"taxonomy":"product_tag","embeddable":true,"href":"https:\/\/www.taiwancha.cz\/en\/wp-json\/wp\/v2\/product_tag?post=791"}],"curies":[{"name":"wp","href":"https:\/\/api.w.org\/{rel}","templated":true}]}}