{"id":801,"date":"2020-03-29T18:30:44","date_gmt":"2020-03-29T17:30:44","guid":{"rendered":"https:\/\/staging.taiwancha.cz\/?post_type=product&#038;p=801"},"modified":"2026-03-22T11:07:41","modified_gmt":"2026-03-22T10:07:41","slug":"jinxuan","status":"publish","type":"product","link":"https:\/\/www.taiwancha.cz\/en\/product\/jinxuan\/","title":{"rendered":"Jin Xuan (Milk) Oolong"},"content":{"rendered":"<p>Taiwansk\u00fd Jin Xuan, neboli Milk Oolong, p\u011bstovan\u00fd v poho\u0159\u00ed Alishan.<\/p>\n<p>\u010caj je p\u011bstov\u00e1n v nadmo\u0159sk\u00fdch v\u00fd\u0161k\u00e1ch 800 \u2013 1200 m.n.m. Vyzna\u010duje se jemn\u00fdm, hladk\u00fdm aromatem p\u0159ipom\u00ednaj\u00edc\u00ed lahodnost ml\u00e9ka \u010di smetany, odtud pramen\u00ed i jeho p\u0159ezd\u00edvka <em>ml\u00e9\u010dn\u00fd Oolong<\/em>. NEjedn\u00e1 se o ochucen\u00fd \u010daj \ud83d\ude42<\/p>\n<p><strong>L\u00edstky<\/strong><\/p>\n<p>Kultivar Jinxuan (\u010dti: \u017ein \u0161\u00fcen) byl na Taiwanu vyvinut v 80. letech a je zn\u00e1m\u00fd pro svou jemnou a hladkou chu\u0165, a je proto ob\u010das figurativn\u011b ozna\u010dov\u00e1n jako <em>Milk Oolong<\/em>, \u010di <em>ml\u00e9\u010dn\u00fd oolong<\/em>. \u010cajov\u00e9 l\u00edstky se skl\u00e1daj\u00ed z jednoho pupenu a dvou list\u016f. L\u00edstky jsou pro ochranu srolovan\u00e9 do drobn\u00fdch kuli\u010dek, co\u017e se anglicky ozna\u010duje jako \u201cgunpowder tea\u201d. B\u011bhem p\u0159\u00edpravy se l\u00edstky rozvinou do sv\u00e9 p\u016fvodn\u00ed velikosti.<\/p>\n<p><strong>P\u0159\u00edprava<\/strong><\/p>\n<p>Na konvi\u010dku o objemu 0,20 litru pou\u017eijte 5 gram\u016f \u010daje, zalijte vodou o teplot\u011b 90\u2013100 \u00b0C a nechte louhovat n\u011bco p\u0159es minutu. Takto lze postupn\u011b p\u0159ipravit alespo\u0148 5 a\u017e 7 n\u00e1lev\u016f.<\/p>\n<p><strong>P\u011bstov\u00e1n\u00ed a v\u00fdroba<em><br \/>\n<\/em><\/strong><\/p>\n<div>\n<p>Listky\u00a0 kultivaru Jinxuan, zpracov\u00e1ny do \u010daje typu Oolong. V\u00edce informac\u00ed naleznete tak\u00e9 na na\u0161em <a href=\"http:\/\/www.facebook.com\/taiwanchaj\">Facebooku<\/a>.<\/p>\n<\/div>\n<p><strong>Jak \u010daj bal\u00edme a pos\u00edl\u00e1me<\/strong><\/p>\n<p>Objedn\u00e1vky expedujeme ka\u017ed\u00fd pracovn\u00ed den ve 4\u00a0hodiny odpoledne. Kdy\u017e va\u0161e objedn\u00e1vka p\u0159ijde pozd\u011bji, vy\u0159\u00edd\u00edme ji a\u017e dal\u0161\u00ed pracovn\u00ed den. Informace o\u00a0reklamac\u00edch, mo\u017enosti vr\u00e1tit zbo\u017e\u00ed a\u00a0dal\u0161\u00ed podrobnosti najdete v\u00a0<a href=\"https:\/\/www.taiwancha.cz\/en\/terms-and-conditions\/\" target=\"_blank\" rel=\"noopener noreferrer\">obchodn\u00edch podm\u00ednk\u00e1ch<\/a>.<\/p>\n<p>Jednotliv\u00e9 \u010dajov\u00e9 bal\u00ed\u010dky jsou ji\u017e nav\u00e1\u017een\u00e9 a zabalen\u00e9 p\u0159\u00edmo od\u00a0p\u011bstitele vakuovou metodou, p\u0159i kter\u00e9 se z bal\u00ed\u010dku odsaje ve\u0161ker\u00fd vzduch. Nespornou p\u0159ednost\u00ed t\u00e9to metody je bezpe\u010dn\u00e9 a neprody\u0161n\u00e9 uzav\u0159en\u00ed \u010daje\u00a0tak, aby jej neovlivnily ne\u017e\u00e1douc\u00ed pachy.<\/p>","protected":false},"excerpt":{"rendered":"<p>Oolong z kultivaru Jinxuan tak\u00e9 ozna\u010dov\u00e1n jako <em>Milk Oolong \/ ml\u00e9\u010dn\u00fd Oolong<\/em>.<br \/>\n[\u91d1\u8431]<\/p>","protected":false},"featured_media":805,"comment_status":"open","ping_status":"closed","template":"","meta":{"inline_featured_image":false,"_monsterinsights_skip_tracking":false,"_monsterinsights_sitenote_active":false,"_monsterinsights_sitenote_note":"","_monsterinsights_sitenote_category":0,"_links_to":"","_links_to_target":""},"product_brand":[],"product_cat":[99,97],"product_tag":[114,106,113],"class_list":{"0":"post-801","1":"product","2":"type-product","3":"status-publish","4":"has-post-thumbnail","6":"product_cat-oolongy","7":"product_cat-caje","8":"product_tag-jinxuan","9":"product_tag-oolong","10":"product_tag-vysokohorsky","12":"first","13":"instock","14":"shipping-taxable","15":"purchasable","16":"product-type-variable"},"jetpack_sharing_enabled":true,"_links":{"self":[{"href":"https:\/\/www.taiwancha.cz\/en\/wp-json\/wp\/v2\/product\/801","targetHints":{"allow":["GET"]}}],"collection":[{"href":"https:\/\/www.taiwancha.cz\/en\/wp-json\/wp\/v2\/product"}],"about":[{"href":"https:\/\/www.taiwancha.cz\/en\/wp-json\/wp\/v2\/types\/product"}],"replies":[{"embeddable":true,"href":"https:\/\/www.taiwancha.cz\/en\/wp-json\/wp\/v2\/comments?post=801"}],"wp:featuredmedia":[{"embeddable":true,"href":"https:\/\/www.taiwancha.cz\/en\/wp-json\/wp\/v2\/media\/805"}],"wp:attachment":[{"href":"https:\/\/www.taiwancha.cz\/en\/wp-json\/wp\/v2\/media?parent=801"}],"wp:term":[{"taxonomy":"product_brand","embeddable":true,"href":"https:\/\/www.taiwancha.cz\/en\/wp-json\/wp\/v2\/product_brand?post=801"},{"taxonomy":"product_cat","embeddable":true,"href":"https:\/\/www.taiwancha.cz\/en\/wp-json\/wp\/v2\/product_cat?post=801"},{"taxonomy":"product_tag","embeddable":true,"href":"https:\/\/www.taiwancha.cz\/en\/wp-json\/wp\/v2\/product_tag?post=801"}],"curies":[{"name":"wp","href":"https:\/\/api.w.org\/{rel}","templated":true}]}}