{"id":807,"date":"2020-03-29T19:16:53","date_gmt":"2020-03-29T18:16:53","guid":{"rendered":"https:\/\/staging.taiwancha.cz\/?post_type=product&#038;p=807"},"modified":"2026-05-12T09:27:33","modified_gmt":"2026-05-12T08:27:33","slug":"alishan-cerveny","status":"publish","type":"product","link":"https:\/\/www.taiwancha.cz\/en\/product\/alishan-cerveny\/","title":{"rendered":"Alishan \u010cerven\u00fd"},"content":{"rendered":"<p>Taiwansk\u00fd vysokohorsk\u00fd \u010derven\u00fd (v Evrop\u011b tak\u00e9 zn\u00e1m pod n\u00e1zvem <em>\u010dern\u00fd<\/em>) \u010daj p\u011bstovan\u00fd v poho\u0159\u00ed Alishan.<\/p>\n<p>\u010caj je p\u011bstovan\u00fd v nadmo\u0159sk\u00e9 v\u00fd\u0161ce 1000 \u2013 1600 m.n.m. v centr\u00e1ln\u00ed \u010d\u00e1sti ostrova. R\u016fznou p\u0159\u00edpravou \u010daje lze dos\u00e1hnout lehk\u00e9 osv\u011b\u017euj\u00edc\u00ed a\u017e intenzivn\u00ed aromatick\u00e9 chu\u0165i s v\u00fdrazn\u00fdm pra\u017een\u00fdm bouquetem. \u010caj m\u00e1 jemnou medovou <span class=\"tlid-translation translation\" lang=\"cs\"><span class=\"\" title=\"\">dochu\u0165<\/span><\/span>.<\/p>\n<p><strong>L\u00edstky<\/strong><\/p>\n<p>L\u00edstky se skl\u00e1daj\u00ed z jednoho pupenu a dvou list\u016f a pro ochranu jsou srolovan\u00e9 do drobn\u00fdch kuli\u010dek, co\u017e se anglicky ozna\u010duje jako \u201cgunpowder tea\u201d. V\u00a0jejich p\u0159\u00edjemn\u011b h\u0159ejiv\u00e9, pln\u00e9 v\u016fni uc\u00edt\u00edte o\u0159echy.<\/p>\n<p><strong>P\u0159\u00edprava<\/strong><\/p>\n<p>Na konvi\u010dku o objemu 0,20 litru pou\u017eijte 5 gram\u016f \u010daje, zalijte vodou o teplot\u011b 85\u201395 \u00b0C a nechte louhovat n\u011bco p\u0159es minutu. Takto lze postupn\u011b p\u0159ipravit 5 n\u00e1lev\u016f.<\/p>\n<p><strong>P\u011bstov\u00e1n\u00ed a v\u00fdroba<em><br \/>\n<\/em><\/strong><\/p>\n<div>\n<p>L\u00edskty jsou p\u011bstov\u00e1ny na farm\u00fdch ve v\u00fd\u0161k\u00e1ch 1000 \u2013 1600 m.n.m a posl\u00e9ze zpracov\u00e1ny do \u010daje typu <em>\u010derven\u00fd \u010daj <\/em>(hong cha) tj. pln\u011b oxidovan\u00fd \u010daj. Aktu\u00e1ln\u00ed informace naleznete tak\u00e9 na na\u0161em <a href=\"http:\/\/www.facebook.com\/taiwanchaj\">Facebooku<\/a>.<\/p>\n<\/div>\n<p><strong>Jak \u010daj bal\u00edme a pos\u00edl\u00e1me<\/strong><\/p>\n<p>Objedn\u00e1vky expedujeme ka\u017ed\u00fd pracovn\u00ed den ve 4\u00a0hodiny odpoledne. Kdy\u017e va\u0161e objedn\u00e1vka p\u0159ijde pozd\u011bji, vy\u0159\u00edd\u00edme ji a\u017e dal\u0161\u00ed pracovn\u00ed den. Informace o\u00a0reklamac\u00edch, mo\u017enosti vr\u00e1tit zbo\u017e\u00ed a\u00a0dal\u0161\u00ed podrobnosti najdete v\u00a0<a href=\"https:\/\/www.taiwancha.cz\/en\/terms-and-conditions\/\" target=\"_blank\" rel=\"noopener noreferrer\">obchodn\u00edch podm\u00ednk\u00e1ch<\/a>.<\/p>\n<p>Jednotliv\u00e9 \u010dajov\u00e9 bal\u00ed\u010dky jsou ji\u017e nav\u00e1\u017een\u00e9 a zabalen\u00e9 p\u0159\u00edmo od\u00a0p\u011bstitele vakuovou metodou, p\u0159i kter\u00e9 se z bal\u00ed\u010dku odsaje ve\u0161ker\u00fd vzduch. Nespornou p\u0159ednost\u00ed t\u00e9to metody je bezpe\u010dn\u00e9 a neprody\u0161n\u00e9 uzav\u0159en\u00ed \u010daje\u00a0tak, aby jej neovlivnily ne\u017e\u00e1douc\u00ed pachy.<\/p>","protected":false},"excerpt":{"rendered":"<p>\u010cerven\u00fd vysokohorsk\u00fd \u010daj z poho\u0159\u00ed Alishanu.<br \/>\n[\u963f\u91cc\u5c71\u7d05\u8336]<\/p>","protected":false},"featured_media":816,"comment_status":"open","ping_status":"closed","template":"","meta":{"inline_featured_image":false,"_monsterinsights_skip_tracking":false,"_monsterinsights_sitenote_active":false,"_monsterinsights_sitenote_note":"","_monsterinsights_sitenote_category":0,"_links_to":"","_links_to_target":""},"product_brand":[],"product_cat":[103,97],"product_tag":[115,109,113],"class_list":{"0":"post-807","1":"product","2":"type-product","3":"status-publish","4":"has-post-thumbnail","6":"product_cat-cerveny_caj","7":"product_cat-caje","8":"product_tag-alishan","9":"product_tag-cerveny","10":"product_tag-vysokohorsky","12":"first","13":"outofstock","14":"shipping-taxable","15":"purchasable","16":"product-type-variable"},"jetpack_sharing_enabled":true,"_links":{"self":[{"href":"https:\/\/www.taiwancha.cz\/en\/wp-json\/wp\/v2\/product\/807","targetHints":{"allow":["GET"]}}],"collection":[{"href":"https:\/\/www.taiwancha.cz\/en\/wp-json\/wp\/v2\/product"}],"about":[{"href":"https:\/\/www.taiwancha.cz\/en\/wp-json\/wp\/v2\/types\/product"}],"replies":[{"embeddable":true,"href":"https:\/\/www.taiwancha.cz\/en\/wp-json\/wp\/v2\/comments?post=807"}],"wp:featuredmedia":[{"embeddable":true,"href":"https:\/\/www.taiwancha.cz\/en\/wp-json\/wp\/v2\/media\/816"}],"wp:attachment":[{"href":"https:\/\/www.taiwancha.cz\/en\/wp-json\/wp\/v2\/media?parent=807"}],"wp:term":[{"taxonomy":"product_brand","embeddable":true,"href":"https:\/\/www.taiwancha.cz\/en\/wp-json\/wp\/v2\/product_brand?post=807"},{"taxonomy":"product_cat","embeddable":true,"href":"https:\/\/www.taiwancha.cz\/en\/wp-json\/wp\/v2\/product_cat?post=807"},{"taxonomy":"product_tag","embeddable":true,"href":"https:\/\/www.taiwancha.cz\/en\/wp-json\/wp\/v2\/product_tag?post=807"}],"curies":[{"name":"wp","href":"https:\/\/api.w.org\/{rel}","templated":true}]}}