{"id":831,"date":"2020-04-02T22:19:37","date_gmt":"2020-04-02T21:19:37","guid":{"rendered":"https:\/\/staging.taiwancha.cz\/?post_type=product&#038;p=831"},"modified":"2026-05-13T11:35:15","modified_gmt":"2026-05-13T10:35:15","slug":"divoky-cerveny-oolong-luye","status":"publish","type":"product","link":"https:\/\/www.taiwancha.cz\/en\/product\/divoky-cerveny-oolong-luye\/","title":{"rendered":"Divok\u00fd \u010cerven\u00fd Oolong Luye"},"content":{"rendered":"<p>Oragnick\u00fd taiwansk\u00fd \u010cerven\u00fd Oolong z opu\u0161t\u011bn\u00e9 f\u00e1rmy z oblasti Luye.<\/p>\n<p>Organick\u00fd \u010cerven\u00fd Oolong z list\u016f Assam z v\u00edce jak 50 let star\u00fdch \u010dajovn\u00edk\u016f, kter\u00e9 v 50. letech byly opu\u0161teny a od t\u00e9 doby rostly sv\u00fdm vlastn\u00edm \u017eivotem. Farm\u00e1\u0159em byla tato opu\u0161t\u011bn\u00e1, nyn\u00ed zdivo\u010del\u00e1 &#8222;plant\u00e1\u017e&#8220; objevena p\u0159i p\u00e1tr\u00e1n\u00ed domovn\u00ed krajinou. Fakticky se tedy nejedn\u00e1 o <em>divok\u00fd<\/em>, ale o <em>zdivo\u010del\u00fd<\/em> \u010daj.<\/p>\n<p><strong>L\u00edstky<\/strong><\/p>\n<p>Jedn\u00e1 se o \u010dajov\u00e9 l\u00edstky ze zdivo\u010del\u00fdch, v\u00edce jak 50 let star\u00fdch \u010dajovn\u00edk\u016fv z nadmo\u0159sk\u00e9 v\u00fd\u0161ky 250 m.n.m. v oblasti Luye v okresu Taitung ve v\u00fdchodn\u00ed \u010d\u00e1sti Taiwanu. Jsou sb\u00edr\u00e1ny v\u017edy jeden pupenu se dv\u011bmi l\u00edstky, kte\u0159\u00ed pro ochranu jsou srolovan\u00e9 do drobn\u00fdch kuli\u010dek, co\u017e se anglicky ozna\u010duje jako &#8222;gunpowder tea&#8220;.<\/p>\n<p><strong>P\u0159\u00edprava<\/strong><\/p>\n<p>Na konvi\u010dku o objemu 0,25 litru pou\u017eijte 5 gram\u016f \u010daje, zalijte vodou o teplot\u011b 85 \u2013 100 \u00b0C a nechte louhovat cca. minutu. Takto lze postupn\u011b p\u0159ipravit 5 a\u017e 7 n\u00e1lev\u016f. Z bal\u00ed\u010dku 30g si p\u0159iprav\u00edte a\u017e 12 litr\u016f \u010daje.<\/p>\n<p><strong>P\u011bstov\u00e1n\u00ed a v\u00fdroba<br \/>\n<\/strong><\/p>\n<div>\n<p>\u010cerven\u00fd Oolong je speci\u00e1ln\u00ed, siln\u011b oxidovan\u00fd \u010daj se stup\u0148em oxidace 75 a\u017e 85%. Chu\u0165ov\u011b m\u00e1 bl\u00ed\u017ee k Oolong\u016fm, barevn\u011b ale ji\u017e k \u010derven\u00fdm \u010daj\u016fm, a odtu\u010f n\u00e1zev &#8222;\u010cerven\u00fd Oolong&#8220;. Vznikl p\u0159ed 20ti lety v oblasti Luye, a na pr\u016fzkumu se pod\u00edlel i farm\u00e1\u0159 z t\u00e9to farmy. Na ja\u0159e 2018 jsme byli farmu nav\u0161t\u00edvit a r\u00e1di V\u00e1m poskytneme fotky z n\u00ed.<\/p>\n<\/div>\n<p><strong>Jak \u010daj bal\u00edme a pos\u00edl\u00e1me<\/strong><\/p>\n<p>Objedn\u00e1vky expedujeme ka\u017ed\u00fd pracovn\u00ed den ve 4\u00a0hodiny odpoledne. Kdy\u017e va\u0161e objedn\u00e1vka p\u0159ijde pozd\u011bji, vy\u0159\u00edd\u00edme ji a\u017e dal\u0161\u00ed pracovn\u00ed den. Informace o\u00a0reklamac\u00edch, mo\u017enosti vr\u00e1tit zbo\u017e\u00ed a\u00a0dal\u0161\u00ed podrobnosti najdete v\u00a0<a href=\"https:\/\/www.taiwancha.cz\/en\/terms-and-conditions\/\" target=\"_blank\" rel=\"noopener noreferrer\">obchodn\u00edch podm\u00ednk\u00e1ch<\/a>.<\/p>\n<p>Jednotliv\u00e9 \u010dajov\u00e9 bal\u00ed\u010dky jsou ji\u017e nav\u00e1\u017een\u00e9 a zabalen\u00e9 p\u0159\u00edmo od\u00a0p\u011bstitele vakuovou metodou, p\u0159i kter\u00e9 se z bal\u00ed\u010dku odsaje ve\u0161ker\u00fd vzduch. Nespornou p\u0159ednost\u00ed t\u00e9to metody je bezpe\u010dn\u00e9 a neprody\u0161n\u00e9 uzav\u0159en\u00ed \u010daje\u00a0tak, aby jej neovlivnily ne\u017e\u00e1douc\u00ed pachy.<\/p>","protected":false},"excerpt":{"rendered":"<p>Organick\u00fd divok\u00fd \u010cerven\u00fd Oolong z oblasti Luye ve v\u00fdchodn\u00ed \u010d\u00e1sti Taiwanu<br \/>\n[\u6709\u6a5f\u91ce\u653e\u7d05\u70cf\u9f8d]<br \/>\n30 g \/ 100 g<\/p>","protected":false},"featured_media":849,"comment_status":"open","ping_status":"closed","template":"","meta":{"inline_featured_image":false,"_monsterinsights_skip_tracking":false,"_monsterinsights_sitenote_active":false,"_monsterinsights_sitenote_note":"","_monsterinsights_sitenote_category":0,"_links_to":"","_links_to_target":""},"product_brand":[],"product_cat":[101,99,112,97],"product_tag":[106,107],"class_list":{"0":"post-831","1":"product","2":"type-product","3":"status-publish","4":"has-post-thumbnail","6":"product_cat-cerveny_oolong","7":"product_cat-oolongy","8":"product_cat-organic","9":"product_cat-caje","10":"product_tag-oolong","11":"product_tag-organicky","13":"first","14":"outofstock","15":"shipping-taxable","16":"purchasable","17":"product-type-variable"},"jetpack_sharing_enabled":true,"_links":{"self":[{"href":"https:\/\/www.taiwancha.cz\/en\/wp-json\/wp\/v2\/product\/831","targetHints":{"allow":["GET"]}}],"collection":[{"href":"https:\/\/www.taiwancha.cz\/en\/wp-json\/wp\/v2\/product"}],"about":[{"href":"https:\/\/www.taiwancha.cz\/en\/wp-json\/wp\/v2\/types\/product"}],"replies":[{"embeddable":true,"href":"https:\/\/www.taiwancha.cz\/en\/wp-json\/wp\/v2\/comments?post=831"}],"wp:featuredmedia":[{"embeddable":true,"href":"https:\/\/www.taiwancha.cz\/en\/wp-json\/wp\/v2\/media\/849"}],"wp:attachment":[{"href":"https:\/\/www.taiwancha.cz\/en\/wp-json\/wp\/v2\/media?parent=831"}],"wp:term":[{"taxonomy":"product_brand","embeddable":true,"href":"https:\/\/www.taiwancha.cz\/en\/wp-json\/wp\/v2\/product_brand?post=831"},{"taxonomy":"product_cat","embeddable":true,"href":"https:\/\/www.taiwancha.cz\/en\/wp-json\/wp\/v2\/product_cat?post=831"},{"taxonomy":"product_tag","embeddable":true,"href":"https:\/\/www.taiwancha.cz\/en\/wp-json\/wp\/v2\/product_tag?post=831"}],"curies":[{"name":"wp","href":"https:\/\/api.w.org\/{rel}","templated":true}]}}