{"id":852,"date":"2020-04-03T23:16:26","date_gmt":"2020-04-03T22:16:26","guid":{"rendered":"https:\/\/staging.taiwancha.cz\/?post_type=product&#038;p=852"},"modified":"2025-12-04T21:51:59","modified_gmt":"2025-12-04T20:51:59","slug":"klip-pro-uzavirani-cajovych-balicku","status":"publish","type":"product","link":"https:\/\/www.taiwancha.cz\/en\/product\/klip-pro-uzavirani-cajovych-balicku\/","title":{"rendered":"Klip pro uzav\u00edr\u00e1n\u00ed \u010dajov\u00fdch bal\u00ed\u010dk\u016f"},"content":{"rendered":"<p>Praktick\u00e9 plastov\u00e9 klipy pro uzav\u00edr\u00e1n\u00ed ji\u017e otev\u0159en\u00fdch \u010dajov\u00fdch bal\u00ed\u010dk\u016f. \u010caj tak l\u00e9pe ochr\u00e1n\u00edte p\u0159ed vlhkost\u00ed.<\/p>\n<p>D\u00e9lka: 7cm.<br \/>\nK dispozici v barv\u00e1ch: \u010derven\u00e1, zelen\u00e1, oran\u017eov\u00e1.<\/p>","protected":false},"excerpt":{"rendered":"<p>Uzav\u00edrac\u00ed klip<\/p>","protected":false},"featured_media":856,"comment_status":"open","ping_status":"closed","template":"","meta":{"inline_featured_image":false,"_monsterinsights_skip_tracking":false,"_monsterinsights_sitenote_active":false,"_monsterinsights_sitenote_note":"","_monsterinsights_sitenote_category":0,"_links_to":"","_links_to_target":""},"product_brand":[],"product_cat":[149,102],"product_tag":[],"class_list":{"0":"post-852","1":"product","2":"type-product","3":"status-publish","4":"has-post-thumbnail","6":"product_cat-doplnky","7":"product_cat-nacini","9":"first","10":"instock","11":"shipping-taxable","12":"purchasable","13":"product-type-variable"},"jetpack_sharing_enabled":true,"_links":{"self":[{"href":"https:\/\/www.taiwancha.cz\/en\/wp-json\/wp\/v2\/product\/852","targetHints":{"allow":["GET"]}}],"collection":[{"href":"https:\/\/www.taiwancha.cz\/en\/wp-json\/wp\/v2\/product"}],"about":[{"href":"https:\/\/www.taiwancha.cz\/en\/wp-json\/wp\/v2\/types\/product"}],"replies":[{"embeddable":true,"href":"https:\/\/www.taiwancha.cz\/en\/wp-json\/wp\/v2\/comments?post=852"}],"wp:featuredmedia":[{"embeddable":true,"href":"https:\/\/www.taiwancha.cz\/en\/wp-json\/wp\/v2\/media\/856"}],"wp:attachment":[{"href":"https:\/\/www.taiwancha.cz\/en\/wp-json\/wp\/v2\/media?parent=852"}],"wp:term":[{"taxonomy":"product_brand","embeddable":true,"href":"https:\/\/www.taiwancha.cz\/en\/wp-json\/wp\/v2\/product_brand?post=852"},{"taxonomy":"product_cat","embeddable":true,"href":"https:\/\/www.taiwancha.cz\/en\/wp-json\/wp\/v2\/product_cat?post=852"},{"taxonomy":"product_tag","embeddable":true,"href":"https:\/\/www.taiwancha.cz\/en\/wp-json\/wp\/v2\/product_tag?post=852"}],"curies":[{"name":"wp","href":"https:\/\/api.w.org\/{rel}","templated":true}]}}